{"id":975,"date":"2018-11-23T20:46:23","date_gmt":"2018-11-23T20:46:23","guid":{"rendered":"https:\/\/www.etnosaari.fi\/site\/?page_id=975"},"modified":"2025-06-05T19:16:49","modified_gmt":"2025-06-05T19:16:49","slug":"tarjouspyynto","status":"publish","type":"page","link":"https:\/\/www.etnosaari.fi\/site\/tarjouspyynto\/","title":{"rendered":"Tarjouspyynt\u00f6"},"content":{"rendered":"\t\t<div data-elementor-type=\"wp-post\" data-elementor-id=\"975\" class=\"elementor elementor-975\" data-elementor-post-type=\"page\">\n\t\t\t\t\t\t<section class=\"elementor-section elementor-top-section elementor-element elementor-element-06efa02 elementor-section-height-min-height elementor-section-full_width elementor-section-stretched elementor-section-height-default elementor-section-items-middle\" data-id=\"06efa02\" data-element_type=\"section\" data-settings=\"{&quot;stretch_section&quot;:&quot;section-stretched&quot;}\">\n\t\t\t\t\t\t<div class=\"elementor-container elementor-column-gap-default\">\n\t\t\t\t\t<div class=\"elementor-column elementor-col-100 elementor-top-column elementor-element elementor-element-b414622\" data-id=\"b414622\" data-element_type=\"column\" data-settings=\"{&quot;background_background&quot;:&quot;classic&quot;}\">\n\t\t\t<div class=\"elementor-widget-wrap elementor-element-populated\">\n\t\t\t\t\t\t<div class=\"elementor-element elementor-element-eace6ff elementor-widget elementor-widget-heading\" data-id=\"eace6ff\" data-element_type=\"widget\" data-widget_type=\"heading.default\">\n\t\t\t\t<div class=\"elementor-widget-container\">\n\t\t\t\t\t<h3 class=\"elementor-heading-title elementor-size-default\">Tarjouspyynt\u00f6<\/h3>\t\t\t\t<\/div>\n\t\t\t\t<\/div>\n\t\t\t\t<section class=\"elementor-section elementor-inner-section elementor-element elementor-element-6768e50 elementor-section-boxed elementor-section-height-default elementor-section-height-default\" data-id=\"6768e50\" data-element_type=\"section\">\n\t\t\t\t\t\t<div class=\"elementor-container elementor-column-gap-narrow\">\n\t\t\t\t\t<div class=\"elementor-column elementor-col-50 elementor-inner-column elementor-element elementor-element-9a3c645\" data-id=\"9a3c645\" data-element_type=\"column\" data-settings=\"{&quot;background_background&quot;:&quot;classic&quot;}\">\n\t\t\t<div class=\"elementor-widget-wrap elementor-element-populated\">\n\t\t\t\t\t\t<div class=\"elementor-element elementor-element-af2e994 elementor-widget elementor-widget-text-editor\" data-id=\"af2e994\" data-element_type=\"widget\" data-widget_type=\"text-editor.default\">\n\t\t\t\t<div class=\"elementor-widget-container\">\n\t\t\t\t\t\t\t\t\t<p><span style=\"color: #ffffff;\">\u00a0<\/span><\/p><p><span style=\"color: #ffffff; font-size: 14px;\">Tarjoamme palveluitamme yrityksille ja yksityisille henkil\u00f6ille. Etnosaaren kautta saat ammattitaitoisen ohjauksen esimerkiksi afrotanssi- tai rumpukurssille, polttareille, ty\u00f6paikaikkaliikuntaan, virkistysp\u00e4iv\u00e4\u00e4n tai vaikka vaha-animaatioty\u00f6pajaan koululaisille. Tarjoamme opetusta swahilin kielen ja kulttuurin kurssille ja afrikkalaiseen kokkikouluun.\u00a0<\/span><\/p><p><span style=\"color: #ffffff;\">Voit my\u00f6s tilata Etnosaaren ainutlaatuisen tanssi- ja rumpuesityksen h\u00e4ihin, syntym\u00e4p\u00e4iville tai muuhun tilaisuuteen. Voimme my\u00f6s j\u00e4rjest\u00e4\u00e4 ty\u00f6pajan esityksen yhteyteen.<\/span><\/p><p>Voit vaihtoehtoisesti j\u00e4tt\u00e4\u00e4 vapaamuotoisen tarjouspyynn\u00f6n s\u00e4hk\u00f6postilla osoitteeseen <a href=\"mailto:etnosaari@etnosaari.fi\">etnosaari@etnosaari.fi<\/a> tai soittamalla numeroon 040 537 8035.<\/p>\t\t\t\t\t\t\t\t<\/div>\n\t\t\t\t<\/div>\n\t\t\t\t<div class=\"elementor-element elementor-element-eaab2b9 elementor-widget elementor-widget-image\" data-id=\"eaab2b9\" data-element_type=\"widget\" data-widget_type=\"image.default\">\n\t\t\t\t<div class=\"elementor-widget-container\">\n\t\t\t\t\t\t\t\t\t\t\t\t\t\t\t<img decoding=\"async\" width=\"220\" height=\"165\" src=\"https:\/\/www.etnosaari.fi\/site\/wp-content\/uploads\/2018\/11\/african_arts.jpg?v=1625463652\" class=\"attachment-large size-large wp-image-1015\" alt=\"\" style=\"width:100%;height:75%;max-width:220px\" \/>\t\t\t\t\t\t\t\t\t\t\t\t\t\t\t<\/div>\n\t\t\t\t<\/div>\n\t\t\t\t\t<\/div>\n\t\t<\/div>\n\t\t\t\t<div class=\"elementor-column elementor-col-50 elementor-inner-column elementor-element elementor-element-25e6db9 elementor-invisible\" data-id=\"25e6db9\" data-element_type=\"column\" data-settings=\"{&quot;background_background&quot;:&quot;classic&quot;,&quot;animation&quot;:&quot;fadeInUp&quot;}\">\n\t\t\t<div class=\"elementor-widget-wrap elementor-element-populated\">\n\t\t\t\t\t<div class=\"elementor-background-overlay\"><\/div>\n\t\t\t\t\t\t<div class=\"elementor-element elementor-element-1bbeeb2 elementor-button-align-stretch elementor-widget elementor-widget-form\" data-id=\"1bbeeb2\" data-element_type=\"widget\" data-settings=\"{&quot;step_next_label&quot;:&quot;Next&quot;,&quot;step_previous_label&quot;:&quot;Previous&quot;,&quot;button_width&quot;:&quot;100&quot;,&quot;step_type&quot;:&quot;number_text&quot;,&quot;step_icon_shape&quot;:&quot;circle&quot;}\" data-widget_type=\"form.default\">\n\t\t\t\t<div class=\"elementor-widget-container\">\n\t\t\t\t\t\t\t<form class=\"elementor-form\" method=\"post\" name=\"Tarjouspyynt\u00f6\" aria-label=\"Tarjouspyynt\u00f6\">\n\t\t\t<input type=\"hidden\" name=\"post_id\" value=\"975\"\/>\n\t\t\t<input type=\"hidden\" name=\"form_id\" value=\"1bbeeb2\"\/>\n\t\t\t<input type=\"hidden\" name=\"referer_title\" value=\"\" \/>\n\n\t\t\t\n\t\t\t<div class=\"elementor-form-fields-wrapper elementor-labels-above\">\n\t\t\t\t\t\t\t\t<div class=\"elementor-field-type-text elementor-field-group elementor-column elementor-field-group-name elementor-col-100 elementor-field-required\">\n\t\t\t\t\t\t\t\t\t\t\t\t<label for=\"form-field-name\" class=\"elementor-field-label\">\n\t\t\t\t\t\t\t\tNimi\t\t\t\t\t\t\t<\/label>\n\t\t\t\t\t\t\t\t\t\t\t\t\t\t<input size=\"1\" type=\"text\" name=\"form_fields[name]\" id=\"form-field-name\" class=\"elementor-field elementor-size-sm  elementor-field-textual\" placeholder=\"Etu- ja sukunimi\" required=\"required\">\n\t\t\t\t\t\t\t\t\t\t\t<\/div>\n\t\t\t\t\t\t\t\t<div class=\"elementor-field-type-tel elementor-field-group elementor-column elementor-field-group-8516ca6 elementor-col-100 elementor-field-required\">\n\t\t\t\t\t\t\t\t\t\t\t\t<label for=\"form-field-8516ca6\" class=\"elementor-field-label\">\n\t\t\t\t\t\t\t\tPuhelinnumero\t\t\t\t\t\t\t<\/label>\n\t\t\t\t\t\t\t\t<input size=\"1\" type=\"tel\" name=\"form_fields[8516ca6]\" id=\"form-field-8516ca6\" class=\"elementor-field elementor-size-sm  elementor-field-textual\" required=\"required\" pattern=\"[0-9()#&amp;+*-=.]+\" title=\"Only numbers and phone characters (#, -, *, etc) are accepted.\">\n\n\t\t\t\t\t\t<\/div>\n\t\t\t\t\t\t\t\t<div class=\"elementor-field-type-email elementor-field-group elementor-column elementor-field-group-email elementor-col-100 elementor-field-required\">\n\t\t\t\t\t\t\t\t\t\t\t\t<label for=\"form-field-email\" class=\"elementor-field-label\">\n\t\t\t\t\t\t\t\tS\u00e4hk\u00f6postiosoite\t\t\t\t\t\t\t<\/label>\n\t\t\t\t\t\t\t\t\t\t\t\t\t\t<input size=\"1\" type=\"email\" name=\"form_fields[email]\" id=\"form-field-email\" class=\"elementor-field elementor-size-sm  elementor-field-textual\" required=\"required\">\n\t\t\t\t\t\t\t\t\t\t\t<\/div>\n\t\t\t\t\t\t\t\t<div class=\"elementor-field-type-select elementor-field-group elementor-column elementor-field-group-field_df92f24 elementor-col-100\">\n\t\t\t\t\t\t\t\t\t\t\t\t<label for=\"form-field-field_df92f24\" class=\"elementor-field-label\">\n\t\t\t\t\t\t\t\tToimipiste\t\t\t\t\t\t\t<\/label>\n\t\t\t\t\t\t\t\t<div class=\"elementor-field elementor-select-wrapper remove-before \">\n\t\t\t<div class=\"select-caret-down-wrapper\">\n\t\t\t\t<i aria-hidden=\"true\" class=\"eicon-caret-down\"><\/i>\t\t\t<\/div>\n\t\t\t<select name=\"form_fields[field_df92f24]\" id=\"form-field-field_df92f24\" class=\"elementor-field-textual elementor-size-sm\">\n\t\t\t\t\t\t\t\t\t<option value=\"Tampere\">Tampere<\/option>\n\t\t\t\t\t\t\t\t\t<option value=\"Lahti\">Lahti<\/option>\n\t\t\t\t\t\t\t\t\t<option value=\"\"><\/option>\n\t\t\t\t\t\t\t<\/select>\n\t\t<\/div>\n\t\t\t\t\t\t<\/div>\n\t\t\t\t\t\t\t\t<div class=\"elementor-field-type-textarea elementor-field-group elementor-column elementor-field-group-06df187 elementor-col-100\">\n\t\t\t\t\t\t\t\t\t\t\t\t<label for=\"form-field-06df187\" class=\"elementor-field-label\">\n\t\t\t\t\t\t\t\tOlen kiinnostunut:\t\t\t\t\t\t\t<\/label>\n\t\t\t\t\t\t<textarea class=\"elementor-field-textual elementor-field  elementor-size-sm\" name=\"form_fields[06df187]\" id=\"form-field-06df187\" rows=\"8\" placeholder=\"Kirjoita t\u00e4h\u00e4n vapaamuotoinen tarjouspyynt\u00f6 haluamastasi palveluista tai tuotteista\"><\/textarea>\t\t\t\t<\/div>\n\t\t\t\t\t\t\t\t<div class=\"elementor-field-type-select elementor-field-group elementor-column elementor-field-group-9949e5e elementor-col-100\">\n\t\t\t\t\t\t\t\t\t\t\t\t<label for=\"form-field-9949e5e\" class=\"elementor-field-label\">\n\t\t\t\t\t\t\t\tHaluan, ett\u00e4 minuun otetaan yhteytt\u00e4\t\t\t\t\t\t\t<\/label>\n\t\t\t\t\t\t\t\t<div class=\"elementor-field elementor-select-wrapper remove-before \">\n\t\t\t<div class=\"select-caret-down-wrapper\">\n\t\t\t\t<i aria-hidden=\"true\" class=\"eicon-caret-down\"><\/i>\t\t\t<\/div>\n\t\t\t<select name=\"form_fields[9949e5e]\" id=\"form-field-9949e5e\" class=\"elementor-field-textual elementor-size-sm\">\n\t\t\t\t\t\t\t\t\t<option value=\"s\u00e4hk\u00f6postitse\">s\u00e4hk\u00f6postitse<\/option>\n\t\t\t\t\t\t\t\t\t<option value=\"puhelimitse\">puhelimitse<\/option>\n\t\t\t\t\t\t\t<\/select>\n\t\t<\/div>\n\t\t\t\t\t\t<\/div>\n\t\t\t\t\t\t\t\t<div class=\"elementor-field-group elementor-column elementor-field-type-submit elementor-col-100 e-form__buttons\">\n\t\t\t\t\t<button class=\"elementor-button elementor-size-sm\" type=\"submit\" id=\"L\u00e4het\u00e4\">\n\t\t\t\t\t\t<span class=\"elementor-button-content-wrapper\">\n\t\t\t\t\t\t\t\t\t\t\t\t\t\t\t<span class=\"elementor-button-icon\">\n\t\t\t\t\t\t\t\t\t<i class=\"fa fa-address-book-o\" aria-hidden=\"true\"><\/i>\t\t\t\t\t\t\t\t\t\t\t\t\t\t\t\t\t<\/span>\n\t\t\t\t\t\t\t\t\t\t\t\t\t\t\t\t\t\t\t\t\t\t<span class=\"elementor-button-text\">L\u00e4het\u00e4<\/span>\n\t\t\t\t\t\t\t\t\t\t\t\t\t<\/span>\n\t\t\t\t\t<\/button>\n\t\t\t\t<\/div>\n\t\t\t<\/div>\n\t\t<\/form>\n\t\t\t\t\t\t<\/div>\n\t\t\t\t<\/div>\n\t\t\t\t\t<\/div>\n\t\t<\/div>\n\t\t\t\t\t<\/div>\n\t\t<\/section>\n\t\t\t\t\t<\/div>\n\t\t<\/div>\n\t\t\t\t\t<\/div>\n\t\t<\/section>\n\t\t\t\t<\/div>\n\t\t","protected":false},"excerpt":{"rendered":"<p>Tarjouspyynt\u00f6 \u00a0 Tarjoamme palveluitamme yrityksille ja yksityisille henkil\u00f6ille. Etnosaaren kautta saat ammattitaitoisen ohjauksen esimerkiksi afrotanssi- tai rumpukurssille, polttareille, ty\u00f6paikaikkaliikuntaan, virkistysp\u00e4iv\u00e4\u00e4n tai vaikka vaha-animaatioty\u00f6pajaan koululaisille. Tarjoamme opetusta swahilin kielen ja kulttuurin kurssille ja afrikkalaiseen kokkikouluun.\u00a0 Voit my\u00f6s tilata Etnosaaren ainutlaatuisen tanssi- ja rumpuesityksen h\u00e4ihin, syntym\u00e4p\u00e4iville tai muuhun tilaisuuteen. Voimme my\u00f6s j\u00e4rjest\u00e4\u00e4 ty\u00f6pajan esityksen yhteyteen. Voit vaihtoehtoisesti&hellip; <a class=\"more-link\" href=\"https:\/\/www.etnosaari.fi\/site\/tarjouspyynto\/\">Continue reading <span class=\"screen-reader-text\">Tarjouspyynt\u00f6<\/span><\/a><\/p>\n","protected":false},"author":1,"featured_media":0,"parent":0,"menu_order":0,"comment_status":"closed","ping_status":"closed","template":"","meta":{"footnotes":""},"class_list":["post-975","page","type-page","status-publish","hentry","entry"],"_links":{"self":[{"href":"https:\/\/www.etnosaari.fi\/site\/wp-json\/wp\/v2\/pages\/975","targetHints":{"allow":["GET"]}}],"collection":[{"href":"https:\/\/www.etnosaari.fi\/site\/wp-json\/wp\/v2\/pages"}],"about":[{"href":"https:\/\/www.etnosaari.fi\/site\/wp-json\/wp\/v2\/types\/page"}],"author":[{"embeddable":true,"href":"https:\/\/www.etnosaari.fi\/site\/wp-json\/wp\/v2\/users\/1"}],"replies":[{"embeddable":true,"href":"https:\/\/www.etnosaari.fi\/site\/wp-json\/wp\/v2\/comments?post=975"}],"version-history":[{"count":53,"href":"https:\/\/www.etnosaari.fi\/site\/wp-json\/wp\/v2\/pages\/975\/revisions"}],"predecessor-version":[{"id":6925,"href":"https:\/\/www.etnosaari.fi\/site\/wp-json\/wp\/v2\/pages\/975\/revisions\/6925"}],"wp:attachment":[{"href":"https:\/\/www.etnosaari.fi\/site\/wp-json\/wp\/v2\/media?parent=975"}],"curies":[{"name":"wp","href":"https:\/\/api.w.org\/{rel}","templated":true}]}}