{"id":8,"date":"2017-06-19T05:41:37","date_gmt":"2017-06-19T05:41:37","guid":{"rendered":"https:\/\/websitedemos.net\/astra-lite-demo-1\/?page_id=2"},"modified":"2025-06-03T21:22:30","modified_gmt":"2025-06-03T21:22:30","slug":"home","status":"publish","type":"page","link":"https:\/\/www.etnosaari.fi\/site\/","title":{"rendered":"Etnosaari"},"content":{"rendered":"\t\t<div data-elementor-type=\"wp-post\" data-elementor-id=\"8\" class=\"elementor elementor-8\" data-elementor-post-type=\"page\">\n\t\t\t\t\t\t<section class=\"elementor-section elementor-top-section elementor-element elementor-element-25b2f8e elementor-section-boxed elementor-section-height-default elementor-section-height-default\" data-id=\"25b2f8e\" data-element_type=\"section\">\n\t\t\t\t\t\t\t<div class=\"elementor-background-overlay\"><\/div>\n\t\t\t\t\t\t\t<div class=\"elementor-container elementor-column-gap-default\">\n\t\t\t\t\t<div class=\"elementor-column elementor-col-25 elementor-top-column elementor-element elementor-element-debc04c\" data-id=\"debc04c\" data-element_type=\"column\" data-settings=\"{&quot;background_background&quot;:&quot;classic&quot;}\">\n\t\t\t<div class=\"elementor-widget-wrap elementor-element-populated\">\n\t\t\t\t\t\t<div class=\"elementor-element elementor-element-7da3612 elementor-widget elementor-widget-image\" data-id=\"7da3612\" data-element_type=\"widget\" data-widget_type=\"image.default\">\n\t\t\t\t<div class=\"elementor-widget-container\">\n\t\t\t\t\t\t\t\t\t\t\t\t\t\t\t\t<a href=\"https:\/\/www.etnosaari.fi\/site\/etnosalon\/\">\n\t\t\t\t\t\t\t<img fetchpriority=\"high\" decoding=\"async\" width=\"211\" height=\"300\" src=\"https:\/\/www.etnosaari.fi\/site\/wp-content\/uploads\/2019\/11\/etnosaari-211x300.jpg\" class=\"attachment-medium size-medium wp-image-4000\" alt=\"\" srcset=\"https:\/\/www.etnosaari.fi\/site\/wp-content\/uploads\/2019\/11\/etnosaari-211x300.jpg 211w, https:\/\/www.etnosaari.fi\/site\/wp-content\/uploads\/2019\/11\/etnosaari-768x1093.jpg 768w, https:\/\/www.etnosaari.fi\/site\/wp-content\/uploads\/2019\/11\/etnosaari-719x1024.jpg 719w\" sizes=\"(max-width: 211px) 100vw, 211px\" style=\"width:100%;height:142.33%;max-width:2757px\" \/>\t\t\t\t\t\t\t\t<\/a>\n\t\t\t\t\t\t\t\t\t\t\t\t\t\t\t<\/div>\n\t\t\t\t<\/div>\n\t\t\t\t<div class=\"elementor-element elementor-element-580d078 elementor-widget elementor-widget-heading\" data-id=\"580d078\" data-element_type=\"widget\" data-widget_type=\"heading.default\">\n\t\t\t\t<div class=\"elementor-widget-container\">\n\t\t\t\t\t<h2 class=\"elementor-heading-title elementor-size-default\"><a href=\"https:\/\/www.etnosaari.fi\/site\/etnosalon\/\">Etnosalon<\/a><\/h2>\t\t\t\t<\/div>\n\t\t\t\t<\/div>\n\t\t\t\t<div class=\"elementor-element elementor-element-07b1201 elementor-widget elementor-widget-text-editor\" data-id=\"07b1201\" data-element_type=\"widget\" data-widget_type=\"text-editor.default\">\n\t\t\t\t<div class=\"elementor-widget-container\">\n\t\t\t\t\t\t\t\t\t<p><a href=\"https:\/\/www.etnosaari.fi\/site\/etnosalon\/\">Pikkuletit, twists, boxer braidsit, box braidsit, p\u00e4\u00e4nmy\u00f6t\u00e4iset cornrows-letitykset, crochet braidsit sek\u00e4 muut huippumuodikkaat lettikampaukset ammattitaidolla.\u00a0<\/a><\/p>\t\t\t\t\t\t\t\t<\/div>\n\t\t\t\t<\/div>\n\t\t\t\t\t<\/div>\n\t\t<\/div>\n\t\t\t\t<div class=\"elementor-column elementor-col-25 elementor-top-column elementor-element elementor-element-ad08bf8\" data-id=\"ad08bf8\" data-element_type=\"column\" data-settings=\"{&quot;background_background&quot;:&quot;classic&quot;}\">\n\t\t\t<div class=\"elementor-widget-wrap elementor-element-populated\">\n\t\t\t\t\t\t<div class=\"elementor-element elementor-element-0987ded elementor-widget elementor-widget-image\" data-id=\"0987ded\" data-element_type=\"widget\" data-widget_type=\"image.default\">\n\t\t\t\t<div class=\"elementor-widget-container\">\n\t\t\t\t\t\t\t\t\t\t\t\t\t\t\t\t<a href=\"https:\/\/www.etnosaari.fi\/site\/kurssit\/\">\n\t\t\t\t\t\t\t<img decoding=\"async\" width=\"201\" height=\"300\" src=\"https:\/\/www.etnosaari.fi\/site\/wp-content\/uploads\/2018\/12\/drumming-201x300.jpg?v=1625463505\" class=\"attachment-medium size-medium wp-image-1444\" alt=\"\" srcset=\"https:\/\/www.etnosaari.fi\/site\/wp-content\/uploads\/2018\/12\/drumming-201x300.jpg?v=1625463505 201w, https:\/\/www.etnosaari.fi\/site\/wp-content\/uploads\/2018\/12\/drumming-686x1024.jpg?v=1625463505 686w, https:\/\/www.etnosaari.fi\/site\/wp-content\/uploads\/2018\/12\/drumming.jpg?v=1625463505 756w\" sizes=\"(max-width: 201px) 100vw, 201px\" style=\"width:100%;height:149.34%;max-width:756px\" \/>\t\t\t\t\t\t\t\t<\/a>\n\t\t\t\t\t\t\t\t\t\t\t\t\t\t\t<\/div>\n\t\t\t\t<\/div>\n\t\t\t\t<div class=\"elementor-element elementor-element-e2ed7e4 elementor-widget elementor-widget-heading\" data-id=\"e2ed7e4\" data-element_type=\"widget\" data-widget_type=\"heading.default\">\n\t\t\t\t<div class=\"elementor-widget-container\">\n\t\t\t\t\t<h2 class=\"elementor-heading-title elementor-size-default\"><a href=\"https:\/\/www.etnosaari.fi\/site\/kurssit\/\">Kurssit<\/a><\/h2>\t\t\t\t<\/div>\n\t\t\t\t<\/div>\n\t\t\t\t<div class=\"elementor-element elementor-element-6c00cca elementor-widget elementor-widget-text-editor\" data-id=\"6c00cca\" data-element_type=\"widget\" data-widget_type=\"text-editor.default\">\n\t\t\t\t<div class=\"elementor-widget-container\">\n\t\t\t\t\t\t\t\t\t<p><a href=\"https:\/\/www.etnosaari.fi\/site\/kurssit\/\">Etnosaaren kurssivalikoimasta l\u00f6ytyy afrikkalaista tanssia, rummutus- ja rummuntekokursseja, swahilin kielen kursseja sek\u00e4 opetusta korujen ja vaha-animaation tekoon.<\/a><\/p>\t\t\t\t\t\t\t\t<\/div>\n\t\t\t\t<\/div>\n\t\t\t\t\t<\/div>\n\t\t<\/div>\n\t\t\t\t<div class=\"elementor-column elementor-col-25 elementor-top-column elementor-element elementor-element-9083f7c\" data-id=\"9083f7c\" data-element_type=\"column\" data-settings=\"{&quot;background_background&quot;:&quot;classic&quot;}\">\n\t\t\t<div class=\"elementor-widget-wrap elementor-element-populated\">\n\t\t\t\t\t\t<div class=\"elementor-element elementor-element-986ea7d elementor-widget elementor-widget-image\" data-id=\"986ea7d\" data-element_type=\"widget\" data-widget_type=\"image.default\">\n\t\t\t\t<div class=\"elementor-widget-container\">\n\t\t\t\t\t\t\t\t\t\t\t\t\t\t\t\t<a href=\"https:\/\/www.etnosaari.fi\/site\/palvelut\/\">\n\t\t\t\t\t\t\t<img decoding=\"async\" width=\"225\" height=\"300\" src=\"https:\/\/www.etnosaari.fi\/site\/wp-content\/uploads\/2018\/12\/palvelut-225x300.jpg\" class=\"attachment-medium size-medium wp-image-1442\" alt=\"\" srcset=\"https:\/\/www.etnosaari.fi\/site\/wp-content\/uploads\/2018\/12\/palvelut-225x300.jpg 225w, https:\/\/www.etnosaari.fi\/site\/wp-content\/uploads\/2018\/12\/palvelut-768x1024.jpg 768w, https:\/\/www.etnosaari.fi\/site\/wp-content\/uploads\/2018\/12\/palvelut.jpg 903w\" sizes=\"(max-width: 225px) 100vw, 225px\" style=\"width:100%;height:133.33%;max-width:903px\" \/>\t\t\t\t\t\t\t\t<\/a>\n\t\t\t\t\t\t\t\t\t\t\t\t\t\t\t<\/div>\n\t\t\t\t<\/div>\n\t\t\t\t<div class=\"elementor-element elementor-element-7d89bb8 elementor-widget elementor-widget-heading\" data-id=\"7d89bb8\" data-element_type=\"widget\" data-widget_type=\"heading.default\">\n\t\t\t\t<div class=\"elementor-widget-container\">\n\t\t\t\t\t<h2 class=\"elementor-heading-title elementor-size-default\"><a href=\"https:\/\/www.etnosaari.fi\/site\/palvelut\/\">Palvelut<\/a><\/h2>\t\t\t\t<\/div>\n\t\t\t\t<\/div>\n\t\t\t\t<div class=\"elementor-element elementor-element-f5f3393 elementor-widget elementor-widget-text-editor\" data-id=\"f5f3393\" data-element_type=\"widget\" data-widget_type=\"text-editor.default\">\n\t\t\t\t<div class=\"elementor-widget-container\">\n\t\t\t\t\t\t\t\t\t<p><a href=\"https:\/\/www.etnosaari.fi\/site\/palvelut\/\">Kulttuuriel\u00e4myksi\u00e4, kielenopetusta, esityksi\u00e4, tuotteiden myynti\u00e4, polttareita ja virkistysp\u00e4ivi\u00e4 niin yrityksille kuin yksityisillekin asiakkalle ymp\u00e4ri Suomen.<\/a><\/p>\t\t\t\t\t\t\t\t<\/div>\n\t\t\t\t<\/div>\n\t\t\t\t\t<\/div>\n\t\t<\/div>\n\t\t\t\t<div class=\"elementor-column elementor-col-25 elementor-top-column elementor-element elementor-element-c78d33f\" data-id=\"c78d33f\" data-element_type=\"column\" data-settings=\"{&quot;background_background&quot;:&quot;classic&quot;}\">\n\t\t\t<div class=\"elementor-widget-wrap elementor-element-populated\">\n\t\t\t\t\t\t<div class=\"elementor-element elementor-element-4c44f5b elementor-widget elementor-widget-image\" data-id=\"4c44f5b\" data-element_type=\"widget\" data-widget_type=\"image.default\">\n\t\t\t\t<div class=\"elementor-widget-container\">\n\t\t\t\t\t\t\t\t\t\t\t\t\t\t\t\t<a href=\"https:\/\/www.etnosaari.fi\/site\/tuotteet\/\">\n\t\t\t\t\t\t\t<img loading=\"lazy\" decoding=\"async\" width=\"200\" height=\"300\" src=\"https:\/\/www.etnosaari.fi\/site\/wp-content\/uploads\/2018\/12\/djembe-200x300.jpg\" class=\"attachment-medium size-medium wp-image-1539\" alt=\"\" srcset=\"https:\/\/www.etnosaari.fi\/site\/wp-content\/uploads\/2018\/12\/djembe-200x300.jpg 200w, https:\/\/www.etnosaari.fi\/site\/wp-content\/uploads\/2018\/12\/djembe-683x1024.jpg 683w, https:\/\/www.etnosaari.fi\/site\/wp-content\/uploads\/2018\/12\/djembe.jpg 756w\" sizes=\"(max-width: 200px) 100vw, 200px\" style=\"width:100%;height:150%;max-width:756px\" \/>\t\t\t\t\t\t\t\t<\/a>\n\t\t\t\t\t\t\t\t\t\t\t\t\t\t\t<\/div>\n\t\t\t\t<\/div>\n\t\t\t\t<div class=\"elementor-element elementor-element-a3031c7 elementor-widget elementor-widget-heading\" data-id=\"a3031c7\" data-element_type=\"widget\" data-widget_type=\"heading.default\">\n\t\t\t\t<div class=\"elementor-widget-container\">\n\t\t\t\t\t<h2 class=\"elementor-heading-title elementor-size-default\"><a href=\"https:\/\/www.etnosaari.fi\/site\/tuotteet\/\">Tuotteet<\/a><\/h2>\t\t\t\t<\/div>\n\t\t\t\t<\/div>\n\t\t\t\t<div class=\"elementor-element elementor-element-1e360b0 elementor-widget elementor-widget-text-editor\" data-id=\"1e360b0\" data-element_type=\"widget\" data-widget_type=\"text-editor.default\">\n\t\t\t\t<div class=\"elementor-widget-container\">\n\t\t\t\t\t\t\t\t\t<p><a href=\"https:\/\/www.etnosaari.fi\/site\/tuotteet\/\">Myymme laadukkaita, k\u00e4sintehtyj\u00e4 djembe-rumpuja, afrikkalaisia koruja,\u00a0kankaita ja vaatteita.<\/a><\/p>\t\t\t\t\t\t\t\t<\/div>\n\t\t\t\t<\/div>\n\t\t\t\t\t<\/div>\n\t\t<\/div>\n\t\t\t\t\t<\/div>\n\t\t<\/section>\n\t\t\t\t<section class=\"elementor-section elementor-top-section elementor-element elementor-element-60ddba8 elementor-section-boxed elementor-section-height-default elementor-section-height-default\" data-id=\"60ddba8\" data-element_type=\"section\">\n\t\t\t\t\t\t<div class=\"elementor-container elementor-column-gap-default\">\n\t\t\t\t\t<div class=\"elementor-column elementor-col-50 elementor-top-column elementor-element elementor-element-5cda770\" data-id=\"5cda770\" data-element_type=\"column\">\n\t\t\t<div class=\"elementor-widget-wrap elementor-element-populated\">\n\t\t\t\t\t\t<div class=\"elementor-element elementor-element-5d46834 elementor-align-center elementor-widget elementor-widget-button\" data-id=\"5d46834\" data-element_type=\"widget\" data-widget_type=\"button.default\">\n\t\t\t\t<div class=\"elementor-widget-container\">\n\t\t\t\t\t\t\t\t\t<div class=\"elementor-button-wrapper\">\n\t\t\t\t\t<a class=\"elementor-button elementor-button-link elementor-size-sm\" href=\"https:\/\/www.etnosaari.fi\/site\/tilaaminen-ja-maksaminen\/\">\n\t\t\t\t\t\t<span class=\"elementor-button-content-wrapper\">\n\t\t\t\t\t\t\t\t\t<span class=\"elementor-button-text\">TILAUS JA MAKSAMINEN<\/span>\n\t\t\t\t\t<\/span>\n\t\t\t\t\t<\/a>\n\t\t\t\t<\/div>\n\t\t\t\t\t\t\t\t<\/div>\n\t\t\t\t<\/div>\n\t\t\t\t\t<\/div>\n\t\t<\/div>\n\t\t\t\t<div class=\"elementor-column elementor-col-50 elementor-top-column elementor-element elementor-element-bf747b6\" data-id=\"bf747b6\" data-element_type=\"column\">\n\t\t\t<div class=\"elementor-widget-wrap elementor-element-populated\">\n\t\t\t\t\t\t<div class=\"elementor-element elementor-element-a64701f elementor-align-center elementor-widget elementor-widget-button\" data-id=\"a64701f\" data-element_type=\"widget\" data-widget_type=\"button.default\">\n\t\t\t\t<div class=\"elementor-widget-container\">\n\t\t\t\t\t\t\t\t\t<div class=\"elementor-button-wrapper\">\n\t\t\t\t\t<a class=\"elementor-button elementor-button-link elementor-size-sm\" href=\"https:\/\/www.etnosaari.fi\/site\/tapahtumat\">\n\t\t\t\t\t\t<span class=\"elementor-button-content-wrapper\">\n\t\t\t\t\t\t\t\t\t<span class=\"elementor-button-text\">TAPAHTUMAT<\/span>\n\t\t\t\t\t<\/span>\n\t\t\t\t\t<\/a>\n\t\t\t\t<\/div>\n\t\t\t\t\t\t\t\t<\/div>\n\t\t\t\t<\/div>\n\t\t\t\t\t<\/div>\n\t\t<\/div>\n\t\t\t\t\t<\/div>\n\t\t<\/section>\n\t\t\t\t<section class=\"elementor-section elementor-top-section elementor-element elementor-element-a88f5ec elementor-section-full_width elementor-section-height-default elementor-section-height-default\" data-id=\"a88f5ec\" data-element_type=\"section\" data-settings=\"{&quot;background_background&quot;:&quot;classic&quot;}\">\n\t\t\t\t\t\t<div class=\"elementor-container elementor-column-gap-default\">\n\t\t\t\t\t<div class=\"elementor-column elementor-col-100 elementor-top-column elementor-element elementor-element-7f50ab2\" data-id=\"7f50ab2\" data-element_type=\"column\" data-settings=\"{&quot;background_background&quot;:&quot;classic&quot;}\">\n\t\t\t<div class=\"elementor-widget-wrap elementor-element-populated\">\n\t\t\t\t\t\t<div class=\"elementor-element elementor-element-af10a3c elementor-widget elementor-widget-text-editor\" data-id=\"af10a3c\" data-element_type=\"widget\" data-widget_type=\"text-editor.default\">\n\t\t\t\t<div class=\"elementor-widget-container\">\n\t\t\t\t\t\t\t\t\t<p>\u00a0Etnosaari luo mahdollisuuden tutustua toisiin kulttuureihin ja oppia erilaisia kulttuuriperinteit\u00e4 ja \u2013taitoja.<\/p>\t\t\t\t\t\t\t\t<\/div>\n\t\t\t\t<\/div>\n\t\t\t\t\t<\/div>\n\t\t<\/div>\n\t\t\t\t\t<\/div>\n\t\t<\/section>\n\t\t\t\t<\/div>\n\t\t","protected":false},"excerpt":{"rendered":"<p>Etnosalon Pikkuletit, twists, boxer braidsit, box braidsit, p\u00e4\u00e4nmy\u00f6t\u00e4iset cornrows-letitykset, crochet braidsit sek\u00e4 muut huippumuodikkaat lettikampaukset ammattitaidolla.\u00a0 Kurssit Etnosaaren kurssivalikoimasta l\u00f6ytyy afrikkalaista tanssia, rummutus- ja rummuntekokursseja, swahilin kielen kursseja sek\u00e4 opetusta korujen ja vaha-animaation tekoon. Palvelut Kulttuuriel\u00e4myksi\u00e4, kielenopetusta, esityksi\u00e4, tuotteiden myynti\u00e4, polttareita ja virkistysp\u00e4ivi\u00e4 niin yrityksille kuin yksityisillekin asiakkalle ymp\u00e4ri Suomen. Tuotteet Myymme laadukkaita, k\u00e4sintehtyj\u00e4 djembe-rumpuja,&hellip; <a class=\"more-link\" href=\"https:\/\/www.etnosaari.fi\/site\/\">Continue reading <span class=\"screen-reader-text\">Etnosaari<\/span><\/a><\/p>\n","protected":false},"author":1,"featured_media":0,"parent":0,"menu_order":0,"comment_status":"closed","ping_status":"open","template":"elementor_header_footer","meta":{"footnotes":""},"class_list":["post-8","page","type-page","status-publish","hentry","entry"],"_links":{"self":[{"href":"https:\/\/www.etnosaari.fi\/site\/wp-json\/wp\/v2\/pages\/8","targetHints":{"allow":["GET"]}}],"collection":[{"href":"https:\/\/www.etnosaari.fi\/site\/wp-json\/wp\/v2\/pages"}],"about":[{"href":"https:\/\/www.etnosaari.fi\/site\/wp-json\/wp\/v2\/types\/page"}],"author":[{"embeddable":true,"href":"https:\/\/www.etnosaari.fi\/site\/wp-json\/wp\/v2\/users\/1"}],"replies":[{"embeddable":true,"href":"https:\/\/www.etnosaari.fi\/site\/wp-json\/wp\/v2\/comments?post=8"}],"version-history":[{"count":292,"href":"https:\/\/www.etnosaari.fi\/site\/wp-json\/wp\/v2\/pages\/8\/revisions"}],"predecessor-version":[{"id":6843,"href":"https:\/\/www.etnosaari.fi\/site\/wp-json\/wp\/v2\/pages\/8\/revisions\/6843"}],"wp:attachment":[{"href":"https:\/\/www.etnosaari.fi\/site\/wp-json\/wp\/v2\/media?parent=8"}],"curies":[{"name":"wp","href":"https:\/\/api.w.org\/{rel}","templated":true}]}}