{"id":4575,"date":"2020-09-19T15:32:29","date_gmt":"2020-09-19T15:32:29","guid":{"rendered":"https:\/\/www.etnosaari.fi\/site\/?page_id=4575"},"modified":"2025-09-25T14:03:18","modified_gmt":"2025-09-25T14:03:18","slug":"lahjakortti","status":"publish","type":"page","link":"https:\/\/www.etnosaari.fi\/site\/lahjakortti\/","title":{"rendered":"lahjakortti"},"content":{"rendered":"\t\t<div data-elementor-type=\"wp-page\" data-elementor-id=\"4575\" class=\"elementor elementor-4575\" data-elementor-post-type=\"page\">\n\t\t\t\t\t\t<section class=\"elementor-section elementor-top-section elementor-element elementor-element-df3b1a2 elementor-section-stretched elementor-section-boxed elementor-section-height-default elementor-section-height-default\" data-id=\"df3b1a2\" data-element_type=\"section\" data-settings=\"{&quot;stretch_section&quot;:&quot;section-stretched&quot;}\">\n\t\t\t\t\t\t<div class=\"elementor-container elementor-column-gap-default\">\n\t\t\t\t\t<div class=\"elementor-column elementor-col-100 elementor-top-column elementor-element elementor-element-1ae887c\" data-id=\"1ae887c\" data-element_type=\"column\" data-settings=\"{&quot;background_background&quot;:&quot;classic&quot;}\">\n\t\t\t<div class=\"elementor-widget-wrap elementor-element-populated\">\n\t\t\t\t\t\t<div class=\"elementor-element elementor-element-46ea815 elementor-widget elementor-widget-text-editor\" data-id=\"46ea815\" data-element_type=\"widget\" data-widget_type=\"text-editor.default\">\n\t\t\t\t<div class=\"elementor-widget-container\">\n\t\t\t\t\t\t\t\t\t<h2>Lahjakortti<\/h2>\n<h4>Ilahduta l\u00e4heist\u00e4si Etnosalon-kampaamon lahjakortilla! Voit ostaa lahjakortin my\u00f6s itsellesi.<\/h4>\t\t\t\t\t\t\t\t<\/div>\n\t\t\t\t<\/div>\n\t\t\t\t\t<\/div>\n\t\t<\/div>\n\t\t\t\t\t<\/div>\n\t\t<\/section>\n\t\t\t\t<section class=\"elementor-section elementor-top-section elementor-element elementor-element-120389c elementor-section-stretched elementor-section-boxed elementor-section-height-default elementor-section-height-default\" data-id=\"120389c\" data-element_type=\"section\" data-settings=\"{&quot;stretch_section&quot;:&quot;section-stretched&quot;}\">\n\t\t\t\t\t\t<div class=\"elementor-container elementor-column-gap-default\">\n\t\t\t\t\t<div class=\"elementor-column elementor-col-50 elementor-top-column elementor-element elementor-element-9bc0f8d elementor-invisible\" data-id=\"9bc0f8d\" data-element_type=\"column\" data-settings=\"{&quot;background_background&quot;:&quot;classic&quot;,&quot;animation&quot;:&quot;fadeInUp&quot;}\">\n\t\t\t<div class=\"elementor-widget-wrap elementor-element-populated\">\n\t\t\t\t\t<div class=\"elementor-background-overlay\"><\/div>\n\t\t\t\t\t\t<div class=\"elementor-element elementor-element-7ad8fbe elementor-button-align-stretch elementor-widget elementor-widget-form\" data-id=\"7ad8fbe\" data-element_type=\"widget\" data-settings=\"{&quot;step_next_label&quot;:&quot;Next&quot;,&quot;step_previous_label&quot;:&quot;Previous&quot;,&quot;button_width&quot;:&quot;100&quot;,&quot;step_type&quot;:&quot;number_text&quot;,&quot;step_icon_shape&quot;:&quot;circle&quot;}\" data-widget_type=\"form.default\">\n\t\t\t\t<div class=\"elementor-widget-container\">\n\t\t\t\t\t\t\t<form class=\"elementor-form\" method=\"post\" name=\"Tarjouspyynt\u00f6\" aria-label=\"Tarjouspyynt\u00f6\">\n\t\t\t<input type=\"hidden\" name=\"post_id\" value=\"4575\"\/>\n\t\t\t<input type=\"hidden\" name=\"form_id\" value=\"7ad8fbe\"\/>\n\t\t\t<input type=\"hidden\" name=\"referer_title\" value=\"\" \/>\n\n\t\t\t\n\t\t\t<div class=\"elementor-form-fields-wrapper elementor-labels-above\">\n\t\t\t\t\t\t\t\t<div class=\"elementor-field-type-select elementor-field-group elementor-column elementor-field-group-9949e5e elementor-col-100\">\n\t\t\t\t\t\t\t\t\t\t\t\t<label for=\"form-field-9949e5e\" class=\"elementor-field-label\">\n\t\t\t\t\t\t\t\tValitse lahjakortin summa \t\t\t\t\t\t\t<\/label>\n\t\t\t\t\t\t\t\t<div class=\"elementor-field elementor-select-wrapper remove-before \">\n\t\t\t<div class=\"select-caret-down-wrapper\">\n\t\t\t\t<i aria-hidden=\"true\" class=\"eicon-caret-down\"><\/i>\t\t\t<\/div>\n\t\t\t<select name=\"form_fields[9949e5e]\" id=\"form-field-9949e5e\" class=\"elementor-field-textual elementor-size-sm\">\n\t\t\t\t\t\t\t\t\t<option value=\"50 \u20ac\">50 \u20ac<\/option>\n\t\t\t\t\t\t\t\t\t<option value=\"80 \u20ac\">80 \u20ac<\/option>\n\t\t\t\t\t\t\t\t\t<option value=\"100 \u20ac\">100 \u20ac<\/option>\n\t\t\t\t\t\t\t\t\t<option value=\"130 \u20ac\">130 \u20ac<\/option>\n\t\t\t\t\t\t\t\t\t<option value=\"150 \u20ac\">150 \u20ac<\/option>\n\t\t\t\t\t\t\t\t\t<option value=\"180 \u20ac\">180 \u20ac<\/option>\n\t\t\t\t\t\t\t\t\t<option value=\"200 \u20ac\">200 \u20ac<\/option>\n\t\t\t\t\t\t\t\t\t<option value=\"250 \u20ac\">250 \u20ac<\/option>\n\t\t\t\t\t\t\t\t\t<option value=\"\"><\/option>\n\t\t\t\t\t\t\t\t\t<option value=\"\"><\/option>\n\t\t\t\t\t\t\t<\/select>\n\t\t<\/div>\n\t\t\t\t\t\t<\/div>\n\t\t\t\t\t\t\t\t<div class=\"elementor-field-type-text elementor-field-group elementor-column elementor-field-group-field_2b0b9fb elementor-col-100\">\n\t\t\t\t\t\t\t\t\t\t\t\t<label for=\"form-field-field_2b0b9fb\" class=\"elementor-field-label\">\n\t\t\t\t\t\t\t\tLahjakortin saajan nimi\t\t\t\t\t\t\t<\/label>\n\t\t\t\t\t\t\t\t\t\t\t\t\t\t<input size=\"1\" type=\"text\" name=\"form_fields[field_2b0b9fb]\" id=\"form-field-field_2b0b9fb\" class=\"elementor-field elementor-size-sm  elementor-field-textual\">\n\t\t\t\t\t\t\t\t\t\t\t<\/div>\n\t\t\t\t\t\t\t\t<div class=\"elementor-field-type-text elementor-field-group elementor-column elementor-field-group-name elementor-col-100 elementor-field-required\">\n\t\t\t\t\t\t\t\t\t\t\t\t<label for=\"form-field-name\" class=\"elementor-field-label\">\n\t\t\t\t\t\t\t\tLahjakortin maksajan nimi\t\t\t\t\t\t\t<\/label>\n\t\t\t\t\t\t\t\t\t\t\t\t\t\t<input size=\"1\" type=\"text\" name=\"form_fields[name]\" id=\"form-field-name\" class=\"elementor-field elementor-size-sm  elementor-field-textual\" placeholder=\"Etu- ja sukunimi\" required=\"required\">\n\t\t\t\t\t\t\t\t\t\t\t<\/div>\n\t\t\t\t\t\t\t\t<div class=\"elementor-field-type-tel elementor-field-group elementor-column elementor-field-group-8516ca6 elementor-col-100 elementor-field-required\">\n\t\t\t\t\t\t\t\t\t\t\t\t<label for=\"form-field-8516ca6\" class=\"elementor-field-label\">\n\t\t\t\t\t\t\t\tLahjakortin maksajan puhelinnumero\t\t\t\t\t\t\t<\/label>\n\t\t\t\t\t\t\t\t<input size=\"1\" type=\"tel\" name=\"form_fields[8516ca6]\" id=\"form-field-8516ca6\" class=\"elementor-field elementor-size-sm  elementor-field-textual\" required=\"required\" pattern=\"[0-9()#&amp;+*-=.]+\" title=\"Only numbers and phone characters (#, -, *, etc) are accepted.\">\n\n\t\t\t\t\t\t<\/div>\n\t\t\t\t\t\t\t\t<div class=\"elementor-field-type-email elementor-field-group elementor-column elementor-field-group-field_a1de079 elementor-col-100 elementor-field-required\">\n\t\t\t\t\t\t\t\t\t\t\t\t<label for=\"form-field-field_a1de079\" class=\"elementor-field-label\">\n\t\t\t\t\t\t\t\tLahjakortin maksajan s\u00e4hk\u00f6postiosoite\t\t\t\t\t\t\t<\/label>\n\t\t\t\t\t\t\t\t\t\t\t\t\t\t<input size=\"1\" type=\"email\" name=\"form_fields[field_a1de079]\" id=\"form-field-field_a1de079\" class=\"elementor-field elementor-size-sm  elementor-field-textual\" required=\"required\">\n\t\t\t\t\t\t\t\t\t\t\t<\/div>\n\t\t\t\t\t\t\t\t<div class=\"elementor-field-type-select elementor-field-group elementor-column elementor-field-group-field_7678a8a elementor-col-100\">\n\t\t\t\t\t\t\t\t\t\t\t\t<label for=\"form-field-field_7678a8a\" class=\"elementor-field-label\">\n\t\t\t\t\t\t\t\tToimitustapa\t\t\t\t\t\t\t<\/label>\n\t\t\t\t\t\t\t\t<div class=\"elementor-field elementor-select-wrapper remove-before \">\n\t\t\t<div class=\"select-caret-down-wrapper\">\n\t\t\t\t<i aria-hidden=\"true\" class=\"eicon-caret-down\"><\/i>\t\t\t<\/div>\n\t\t\t<select name=\"form_fields[field_7678a8a]\" id=\"form-field-field_7678a8a\" class=\"elementor-field-textual elementor-size-sm\">\n\t\t\t\t\t\t\t\t\t<option value=\"S\u00e4hk\u00f6postitse\">S\u00e4hk\u00f6postitse<\/option>\n\t\t\t\t\t\t\t\t\t<option value=\"Tekstiviestill\u00e4\">Tekstiviestill\u00e4<\/option>\n\t\t\t\t\t\t\t\t\t<option value=\"WhatsApp-viestill\u00e4\">WhatsApp-viestill\u00e4<\/option>\n\t\t\t\t\t\t\t\t\t<option value=\"Nouto (Etnosalon, Karjalankatu 25)\">Nouto (Etnosalon, Karjalankatu 25)<\/option>\n\t\t\t\t\t\t\t\t\t<option value=\"\"><\/option>\n\t\t\t\t\t\t\t<\/select>\n\t\t<\/div>\n\t\t\t\t\t\t<\/div>\n\t\t\t\t\t\t\t\t<div class=\"elementor-field-type-textarea elementor-field-group elementor-column elementor-field-group-06df187 elementor-col-100\">\n\t\t\t\t\t\t\t\t\t\t\t\t<label for=\"form-field-06df187\" class=\"elementor-field-label\">\n\t\t\t\t\t\t\t\tVapaa tekstikentt\u00e4:\t\t\t\t\t\t\t<\/label>\n\t\t\t\t\t\t<textarea class=\"elementor-field-textual elementor-field  elementor-size-sm\" name=\"form_fields[06df187]\" id=\"form-field-06df187\" rows=\"8\" placeholder=\"Muuta mahdollista huomioitavaa tai toiveita\"><\/textarea>\t\t\t\t<\/div>\n\t\t\t\t\t\t\t\t<div class=\"elementor-field-group elementor-column elementor-field-type-submit elementor-col-100 e-form__buttons\">\n\t\t\t\t\t<button class=\"elementor-button elementor-size-sm\" type=\"submit\" id=\"L\u00e4het\u00e4\">\n\t\t\t\t\t\t<span class=\"elementor-button-content-wrapper\">\n\t\t\t\t\t\t\t\t\t\t\t\t\t\t\t<span class=\"elementor-button-icon\">\n\t\t\t\t\t\t\t\t\t<i class=\"fa fa-address-book-o\" aria-hidden=\"true\"><\/i>\t\t\t\t\t\t\t\t\t\t\t\t\t\t\t\t\t<\/span>\n\t\t\t\t\t\t\t\t\t\t\t\t\t\t\t\t\t\t\t\t\t\t<span class=\"elementor-button-text\">L\u00e4het\u00e4<\/span>\n\t\t\t\t\t\t\t\t\t\t\t\t\t<\/span>\n\t\t\t\t\t<\/button>\n\t\t\t\t<\/div>\n\t\t\t<\/div>\n\t\t<\/form>\n\t\t\t\t\t\t<\/div>\n\t\t\t\t<\/div>\n\t\t\t\t\t<\/div>\n\t\t<\/div>\n\t\t\t\t<div class=\"elementor-column elementor-col-50 elementor-top-column elementor-element elementor-element-81499ac\" data-id=\"81499ac\" data-element_type=\"column\" data-settings=\"{&quot;background_background&quot;:&quot;classic&quot;}\">\n\t\t\t<div class=\"elementor-widget-wrap elementor-element-populated\">\n\t\t\t\t\t\t<div class=\"elementor-element elementor-element-51703b5 elementor-widget elementor-widget-text-editor\" data-id=\"51703b5\" data-element_type=\"widget\" data-widget_type=\"text-editor.default\">\n\t\t\t\t<div class=\"elementor-widget-container\">\n\t\t\t\t\t\t\t\t\t<h6>Maksa valitsemasi lahjakortin summa tilille FI68 3939 0017 6837 49<br>(saaja: Etnosalon ja viestiksi: Lahjakortti). Jos noudat lahjakortin kampaamosta, voit maksaa sen paikan p\u00e4\u00e4ll\u00e4 tilisiirrolla tai k\u00e4teisell\u00e4.<\/h6>\n<h6>Maksettuasi l\u00e4het\u00e4&nbsp;valokuva kuitista s\u00e4hk\u00f6postilla osoitteeseen <a href=\"mailto:etnosaari@etnosaari.fi\">etnosaari@etnosaari.fi<\/a> tai WhatsApp-viestill\u00e4 numeroon 040 537 8035<br>ja kirjoita viestiin &#8220;Lahjakortti&#8221;.&nbsp;<\/h6>\n<h6>\u2013 Lahjakortin voi k\u00e4ytt\u00e4\u00e4 kaikkien Etnosalon-kampaamon palvelujen ja tuotteiden maksamiseen.<br>\u2013 Lahjakorttia ei tarvitse k\u00e4ytt\u00e4\u00e4 kokonaan kerralla, vaan se voidaan jakaa useampaan kertaan.<br>\u2013 Mik\u00e4li ostostesi kokonaissumma ylitt\u00e4\u00e4 lahjakortilla olevan summan, ylitt\u00e4v\u00e4n osan voi maksaa kampaamok\u00e4ynnin yhteydess\u00e4.<\/h6>\n<h6>Lahjakortti toimitetaan valitun toimitustavan mukaisesti maksajalle, kun maksusuoritus n\u00e4kyy tilill\u00e4mme ja se on voimassa 12 kuukautta maksun kirjautumisesta.<\/h6>\t\t\t\t\t\t\t\t<\/div>\n\t\t\t\t<\/div>\n\t\t\t\t<div class=\"elementor-element elementor-element-6954277 elementor-widget elementor-widget-gallery\" data-id=\"6954277\" data-element_type=\"widget\" data-settings=\"{&quot;gallery_layout&quot;:&quot;justified&quot;,&quot;ideal_row_height&quot;:{&quot;unit&quot;:&quot;px&quot;,&quot;size&quot;:100,&quot;sizes&quot;:[]},&quot;gap&quot;:{&quot;unit&quot;:&quot;px&quot;,&quot;size&quot;:0,&quot;sizes&quot;:[]},&quot;lazyload&quot;:&quot;yes&quot;,&quot;ideal_row_height_tablet&quot;:{&quot;unit&quot;:&quot;px&quot;,&quot;size&quot;:150,&quot;sizes&quot;:[]},&quot;ideal_row_height_mobile&quot;:{&quot;unit&quot;:&quot;px&quot;,&quot;size&quot;:150,&quot;sizes&quot;:[]},&quot;gap_tablet&quot;:{&quot;unit&quot;:&quot;px&quot;,&quot;size&quot;:10,&quot;sizes&quot;:[]},&quot;gap_mobile&quot;:{&quot;unit&quot;:&quot;px&quot;,&quot;size&quot;:10,&quot;sizes&quot;:[]},&quot;link_to&quot;:&quot;file&quot;,&quot;overlay_background&quot;:&quot;yes&quot;,&quot;content_hover_animation&quot;:&quot;fade-in&quot;}\" data-widget_type=\"gallery.default\">\n\t\t\t\t<div class=\"elementor-widget-container\">\n\t\t\t\t\t\t\t<div class=\"elementor-gallery__container\">\n\t\t\t\t\t\t\t<a class=\"e-gallery-item elementor-gallery-item elementor-animated-content\" href=\"https:\/\/www.etnosaari.fi\/site\/wp-content\/uploads\/2020\/06\/etnosaari-braids-20206.jpg?v=1625462661\" data-elementor-open-lightbox=\"yes\" data-elementor-lightbox-slideshow=\"6954277\" data-elementor-lightbox-title=\"etnosalon pikkuletit Lahti ja Tampere\" data-e-action-hash=\"#elementor-action%3Aaction%3Dlightbox%26settings%3DeyJpZCI6NDI0MywidXJsIjoiaHR0cHM6XC9cL3d3dy5ldG5vc2FhcmkuZmlcL3NpdGVcL3dwLWNvbnRlbnRcL3VwbG9hZHNcLzIwMjBcLzA2XC9ldG5vc2FhcmktYnJhaWRzLTIwMjA2LmpwZyIsInNsaWRlc2hvdyI6IjY5NTQyNzcifQ%3D%3D\">\n\t\t\t\t\t<div class=\"e-gallery-image elementor-gallery-item__image\" data-thumbnail=\"https:\/\/www.etnosaari.fi\/site\/wp-content\/uploads\/2020\/06\/etnosaari-braids-20206-211x300.jpg?v=1625462661\" data-width=\"211\" data-height=\"300\" aria-label=\"\" role=\"img\" ><\/div>\n\t\t\t\t\t\t\t\t\t\t\t<div class=\"elementor-gallery-item__overlay\"><\/div>\n\t\t\t\t\t\t\t\t\t\t\t\t\t\t<\/a>\n\t\t\t\t\t\t\t<a class=\"e-gallery-item elementor-gallery-item elementor-animated-content\" href=\"https:\/\/www.etnosaari.fi\/site\/wp-content\/uploads\/2020\/10\/5pack-cornrows.jpg?v=1625462387\" data-elementor-open-lightbox=\"yes\" data-elementor-lightbox-slideshow=\"6954277\" data-elementor-lightbox-title=\"etnosalon cornrows\" data-e-action-hash=\"#elementor-action%3Aaction%3Dlightbox%26settings%3DeyJpZCI6NDY2MiwidXJsIjoiaHR0cHM6XC9cL3d3dy5ldG5vc2FhcmkuZmlcL3NpdGVcL3dwLWNvbnRlbnRcL3VwbG9hZHNcLzIwMjBcLzEwXC81cGFjay1jb3Jucm93cy5qcGciLCJzbGlkZXNob3ciOiI2OTU0Mjc3In0%3D\">\n\t\t\t\t\t<div class=\"e-gallery-image elementor-gallery-item__image\" data-thumbnail=\"https:\/\/www.etnosaari.fi\/site\/wp-content\/uploads\/2020\/10\/5pack-cornrows-221x300.jpg?v=1625462387\" data-width=\"221\" data-height=\"300\" aria-label=\"\" role=\"img\" ><\/div>\n\t\t\t\t\t\t\t\t\t\t\t<div class=\"elementor-gallery-item__overlay\"><\/div>\n\t\t\t\t\t\t\t\t\t\t\t\t\t\t<\/a>\n\t\t\t\t\t\t\t<a class=\"e-gallery-item elementor-gallery-item elementor-animated-content\" href=\"https:\/\/www.etnosaari.fi\/site\/wp-content\/uploads\/2019\/06\/rasta1-scaled.jpg?v=1625463198\" data-elementor-open-lightbox=\"yes\" data-elementor-lightbox-slideshow=\"6954277\" data-elementor-lightbox-title=\"55 rastaa (ohuet)\" data-elementor-lightbox-description=\"ohuet\" data-e-action-hash=\"#elementor-action%3Aaction%3Dlightbox%26settings%3DeyJpZCI6MzU1OSwidXJsIjoiaHR0cHM6XC9cL3d3dy5ldG5vc2FhcmkuZmlcL3NpdGVcL3dwLWNvbnRlbnRcL3VwbG9hZHNcLzIwMTlcLzA2XC9yYXN0YTEtc2NhbGVkLmpwZyIsInNsaWRlc2hvdyI6IjY5NTQyNzcifQ%3D%3D\">\n\t\t\t\t\t<div class=\"e-gallery-image elementor-gallery-item__image\" data-thumbnail=\"https:\/\/www.etnosaari.fi\/site\/wp-content\/uploads\/2019\/06\/rasta1-197x300.jpg?v=1625463198\" data-width=\"197\" data-height=\"300\" aria-label=\"\" role=\"img\" ><\/div>\n\t\t\t\t\t\t\t\t\t\t\t<div class=\"elementor-gallery-item__overlay\"><\/div>\n\t\t\t\t\t\t\t\t\t\t\t\t\t\t<\/a>\n\t\t\t\t\t\t\t<a class=\"e-gallery-item elementor-gallery-item elementor-animated-content\" href=\"https:\/\/www.etnosaari.fi\/site\/wp-content\/uploads\/2020\/08\/IMG-20200825-WA0001.jpg?v=1625462594\" data-elementor-open-lightbox=\"yes\" data-elementor-lightbox-slideshow=\"6954277\" data-elementor-lightbox-title=\"etnosalon pikkuletit Lahti ja Tampere\" data-elementor-lightbox-description=\"Pikkuletit (101-145) 220\u20ac\" data-e-action-hash=\"#elementor-action%3Aaction%3Dlightbox%26settings%3DeyJpZCI6NDUwNCwidXJsIjoiaHR0cHM6XC9cL3d3dy5ldG5vc2FhcmkuZmlcL3NpdGVcL3dwLWNvbnRlbnRcL3VwbG9hZHNcLzIwMjBcLzA4XC9JTUctMjAyMDA4MjUtV0EwMDAxLmpwZyIsInNsaWRlc2hvdyI6IjY5NTQyNzcifQ%3D%3D\">\n\t\t\t\t\t<div class=\"e-gallery-image elementor-gallery-item__image\" data-thumbnail=\"https:\/\/www.etnosaari.fi\/site\/wp-content\/uploads\/2020\/08\/IMG-20200825-WA0001-240x300.jpg?v=1625462594\" data-width=\"240\" data-height=\"300\" aria-label=\"\" role=\"img\" ><\/div>\n\t\t\t\t\t\t\t\t\t\t\t<div class=\"elementor-gallery-item__overlay\"><\/div>\n\t\t\t\t\t\t\t\t\t\t\t\t\t\t<\/a>\n\t\t\t\t\t\t\t<a class=\"e-gallery-item elementor-gallery-item elementor-animated-content\" href=\"https:\/\/www.etnosaari.fi\/site\/wp-content\/uploads\/2020\/05\/etnosaari-pikkuletit2020.jpg?v=1625462734\" data-elementor-open-lightbox=\"yes\" data-elementor-lightbox-slideshow=\"6954277\" data-elementor-lightbox-title=\"etnosalon pikkuletit Lahti ja Tampere\" data-elementor-lightbox-description=\"Pikkuletit 220\u20ac\" data-e-action-hash=\"#elementor-action%3Aaction%3Dlightbox%26settings%3DeyJpZCI6NDIwOSwidXJsIjoiaHR0cHM6XC9cL3d3dy5ldG5vc2FhcmkuZmlcL3NpdGVcL3dwLWNvbnRlbnRcL3VwbG9hZHNcLzIwMjBcLzA1XC9ldG5vc2FhcmktcGlra3VsZXRpdDIwMjAuanBnIiwic2xpZGVzaG93IjoiNjk1NDI3NyJ9\">\n\t\t\t\t\t<div class=\"e-gallery-image elementor-gallery-item__image\" data-thumbnail=\"https:\/\/www.etnosaari.fi\/site\/wp-content\/uploads\/2020\/05\/etnosaari-pikkuletit2020-233x300.jpg?v=1625462734\" data-width=\"233\" data-height=\"300\" aria-label=\"\" role=\"img\" ><\/div>\n\t\t\t\t\t\t\t\t\t\t\t<div class=\"elementor-gallery-item__overlay\"><\/div>\n\t\t\t\t\t\t\t\t\t\t\t\t\t\t<\/a>\n\t\t\t\t\t\t\t<a class=\"e-gallery-item elementor-gallery-item elementor-animated-content\" href=\"https:\/\/www.etnosaari.fi\/site\/wp-content\/uploads\/2020\/08\/microbraids-for-men.jpg?v=1625462610\" data-elementor-open-lightbox=\"yes\" data-elementor-lightbox-slideshow=\"6954277\" data-elementor-lightbox-title=\"Men microbraids\" data-elementor-lightbox-description=\"Pikkuletit (20-39) 60\u20ac\" data-e-action-hash=\"#elementor-action%3Aaction%3Dlightbox%26settings%3DeyJpZCI6NDM4MywidXJsIjoiaHR0cHM6XC9cL3d3dy5ldG5vc2FhcmkuZmlcL3NpdGVcL3dwLWNvbnRlbnRcL3VwbG9hZHNcLzIwMjBcLzA4XC9taWNyb2JyYWlkcy1mb3ItbWVuLmpwZyIsInNsaWRlc2hvdyI6IjY5NTQyNzcifQ%3D%3D\">\n\t\t\t\t\t<div class=\"e-gallery-image elementor-gallery-item__image\" data-thumbnail=\"https:\/\/www.etnosaari.fi\/site\/wp-content\/uploads\/2020\/08\/microbraids-for-men-151x300.jpg?v=1625462610\" data-width=\"151\" data-height=\"300\" aria-label=\"\" role=\"img\" ><\/div>\n\t\t\t\t\t\t\t\t\t\t\t<div class=\"elementor-gallery-item__overlay\"><\/div>\n\t\t\t\t\t\t\t\t\t\t\t\t\t\t<\/a>\n\t\t\t\t\t\t\t<a class=\"e-gallery-item elementor-gallery-item elementor-animated-content\" href=\"https:\/\/www.etnosaari.fi\/site\/wp-content\/uploads\/2020\/10\/twist-1.jpg?v=1625462386\" data-elementor-open-lightbox=\"yes\" data-elementor-lightbox-slideshow=\"6954277\" data-elementor-lightbox-title=\"twist\" data-elementor-lightbox-description=\"TWIST\" data-e-action-hash=\"#elementor-action%3Aaction%3Dlightbox%26settings%3DeyJpZCI6NDY2NSwidXJsIjoiaHR0cHM6XC9cL3d3dy5ldG5vc2FhcmkuZmlcL3NpdGVcL3dwLWNvbnRlbnRcL3VwbG9hZHNcLzIwMjBcLzEwXC90d2lzdC0xLmpwZyIsInNsaWRlc2hvdyI6IjY5NTQyNzcifQ%3D%3D\">\n\t\t\t\t\t<div class=\"e-gallery-image elementor-gallery-item__image\" data-thumbnail=\"https:\/\/www.etnosaari.fi\/site\/wp-content\/uploads\/2020\/10\/twist-1-203x300.jpg?v=1625462386\" data-width=\"203\" data-height=\"300\" aria-label=\"\" role=\"img\" ><\/div>\n\t\t\t\t\t\t\t\t\t\t\t<div class=\"elementor-gallery-item__overlay\"><\/div>\n\t\t\t\t\t\t\t\t\t\t\t\t\t\t<\/a>\n\t\t\t\t\t<\/div>\n\t\t\t\t\t<\/div>\n\t\t\t\t<\/div>\n\t\t\t\t\t<\/div>\n\t\t<\/div>\n\t\t\t\t\t<\/div>\n\t\t<\/section>\n\t\t\t\t<\/div>\n\t\t","protected":false},"excerpt":{"rendered":"<p>Lahjakortti Ilahduta l\u00e4heist\u00e4si Etnosalon-kampaamon lahjakortilla! Voit ostaa lahjakortin my\u00f6s itsellesi. Maksa valitsemasi lahjakortin summa tilille FI68 3939 0017 6837 49(saaja: Etnosalon ja viestiksi: Lahjakortti). Jos noudat lahjakortin kampaamosta, voit maksaa sen paikan p\u00e4\u00e4ll\u00e4 tilisiirrolla tai k\u00e4teisell\u00e4. Maksettuasi l\u00e4het\u00e4&nbsp;valokuva kuitista s\u00e4hk\u00f6postilla osoitteeseen etnosaari@etnosaari.fi tai WhatsApp-viestill\u00e4 numeroon 040 537 8035ja kirjoita viestiin &#8220;Lahjakortti&#8221;.&nbsp; \u2013 Lahjakortin voi k\u00e4ytt\u00e4\u00e4&hellip; <a class=\"more-link\" href=\"https:\/\/www.etnosaari.fi\/site\/lahjakortti\/\">Continue reading <span class=\"screen-reader-text\">lahjakortti<\/span><\/a><\/p>\n","protected":false},"author":1,"featured_media":0,"parent":0,"menu_order":0,"comment_status":"closed","ping_status":"closed","template":"","meta":{"footnotes":""},"class_list":["post-4575","page","type-page","status-publish","hentry","entry"],"_links":{"self":[{"href":"https:\/\/www.etnosaari.fi\/site\/wp-json\/wp\/v2\/pages\/4575","targetHints":{"allow":["GET"]}}],"collection":[{"href":"https:\/\/www.etnosaari.fi\/site\/wp-json\/wp\/v2\/pages"}],"about":[{"href":"https:\/\/www.etnosaari.fi\/site\/wp-json\/wp\/v2\/types\/page"}],"author":[{"embeddable":true,"href":"https:\/\/www.etnosaari.fi\/site\/wp-json\/wp\/v2\/users\/1"}],"replies":[{"embeddable":true,"href":"https:\/\/www.etnosaari.fi\/site\/wp-json\/wp\/v2\/comments?post=4575"}],"version-history":[{"count":32,"href":"https:\/\/www.etnosaari.fi\/site\/wp-json\/wp\/v2\/pages\/4575\/revisions"}],"predecessor-version":[{"id":7177,"href":"https:\/\/www.etnosaari.fi\/site\/wp-json\/wp\/v2\/pages\/4575\/revisions\/7177"}],"wp:attachment":[{"href":"https:\/\/www.etnosaari.fi\/site\/wp-json\/wp\/v2\/media?parent=4575"}],"curies":[{"name":"wp","href":"https:\/\/api.w.org\/{rel}","templated":true}]}}