{"id":2795,"date":"2019-02-22T22:09:08","date_gmt":"2019-02-22T22:09:08","guid":{"rendered":"https:\/\/www.etnosaari.fi\/site\/?page_id=2795"},"modified":"2025-02-07T19:22:04","modified_gmt":"2025-02-07T19:22:04","slug":"myytavat-tuotteet","status":"publish","type":"page","link":"https:\/\/www.etnosaari.fi\/site\/myytavat-tuotteet\/","title":{"rendered":"Myyt\u00e4v\u00e4t tuotteet"},"content":{"rendered":"\t\t<div data-elementor-type=\"wp-post\" data-elementor-id=\"2795\" class=\"elementor elementor-2795\" data-elementor-post-type=\"page\">\n\t\t\t\t\t\t<section class=\"elementor-section elementor-top-section elementor-element elementor-element-9a9ee88 elementor-section-full_width elementor-section-height-default elementor-section-height-default\" data-id=\"9a9ee88\" data-element_type=\"section\" data-settings=\"{&quot;background_background&quot;:&quot;classic&quot;}\">\n\t\t\t\t\t\t<div class=\"elementor-container elementor-column-gap-default\">\n\t\t\t\t\t<div class=\"elementor-column elementor-col-100 elementor-top-column elementor-element elementor-element-3547412a\" data-id=\"3547412a\" data-element_type=\"column\" data-settings=\"{&quot;background_background&quot;:&quot;classic&quot;}\">\n\t\t\t<div class=\"elementor-widget-wrap elementor-element-populated\">\n\t\t\t\t\t\t<div class=\"elementor-element elementor-element-c27a37b elementor-nav-menu__align-center elementor-nav-menu--dropdown-tablet elementor-nav-menu__text-align-aside elementor-nav-menu--toggle elementor-nav-menu--burger elementor-widget elementor-widget-nav-menu\" data-id=\"c27a37b\" data-element_type=\"widget\" data-settings=\"{&quot;layout&quot;:&quot;horizontal&quot;,&quot;submenu_icon&quot;:{&quot;value&quot;:&quot;&lt;i class=\\&quot;fas fa-caret-down\\&quot;&gt;&lt;\\\/i&gt;&quot;,&quot;library&quot;:&quot;fa-solid&quot;},&quot;toggle&quot;:&quot;burger&quot;}\" data-widget_type=\"nav-menu.default\">\n\t\t\t\t<div class=\"elementor-widget-container\">\n\t\t\t\t\t\t\t\t<nav aria-label=\"Menu\" class=\"elementor-nav-menu--main elementor-nav-menu__container elementor-nav-menu--layout-horizontal e--pointer-underline e--animation-fade\">\n\t\t\t\t<ul id=\"menu-1-c27a37b\" class=\"elementor-nav-menu\"><li class=\"menu-item menu-item-type-post_type menu-item-object-page menu-item-2800\"><a href=\"https:\/\/www.etnosaari.fi\/site\/myytavat-tuotteet\/\" class=\"elementor-item\">MYYT\u00c4V\u00c4T TUOTTEET<\/a><\/li>\n<li class=\"menu-item menu-item-type-post_type menu-item-object-page menu-item-2813\"><a href=\"https:\/\/www.etnosaari.fi\/site\/vuokrattavat-tuotteet\/\" class=\"elementor-item\">VUOKRATTAVAT TUOTTEET<\/a><\/li>\n<\/ul>\t\t\t<\/nav>\n\t\t\t\t\t<div class=\"elementor-menu-toggle\" role=\"button\" tabindex=\"0\" aria-label=\"Menu Toggle\" aria-expanded=\"false\">\n\t\t\t<i aria-hidden=\"true\" role=\"presentation\" class=\"elementor-menu-toggle__icon--open eicon-menu-bar\"><\/i><i aria-hidden=\"true\" role=\"presentation\" class=\"elementor-menu-toggle__icon--close eicon-close\"><\/i>\t\t<\/div>\n\t\t\t\t\t<nav class=\"elementor-nav-menu--dropdown elementor-nav-menu__container\" aria-hidden=\"true\">\n\t\t\t\t<ul id=\"menu-2-c27a37b\" class=\"elementor-nav-menu\"><li class=\"menu-item menu-item-type-post_type menu-item-object-page menu-item-2800\"><a href=\"https:\/\/www.etnosaari.fi\/site\/myytavat-tuotteet\/\" class=\"elementor-item\" tabindex=\"-1\">MYYT\u00c4V\u00c4T TUOTTEET<\/a><\/li>\n<li class=\"menu-item menu-item-type-post_type menu-item-object-page menu-item-2813\"><a href=\"https:\/\/www.etnosaari.fi\/site\/vuokrattavat-tuotteet\/\" class=\"elementor-item\" tabindex=\"-1\">VUOKRATTAVAT TUOTTEET<\/a><\/li>\n<\/ul>\t\t\t<\/nav>\n\t\t\t\t\t\t<\/div>\n\t\t\t\t<\/div>\n\t\t\t\t\t<\/div>\n\t\t<\/div>\n\t\t\t\t\t<\/div>\n\t\t<\/section>\n\t\t\t\t<section class=\"elementor-section elementor-top-section elementor-element elementor-element-59c2717 elementor-section-boxed elementor-section-height-default elementor-section-height-default\" data-id=\"59c2717\" data-element_type=\"section\">\n\t\t\t\t\t\t<div class=\"elementor-container elementor-column-gap-default\">\n\t\t\t\t\t<div class=\"elementor-column elementor-col-100 elementor-top-column elementor-element elementor-element-b88bffe\" data-id=\"b88bffe\" data-element_type=\"column\">\n\t\t\t<div class=\"elementor-widget-wrap elementor-element-populated\">\n\t\t\t\t\t\t<div class=\"elementor-element elementor-element-3bb6fb64 elementor-widget elementor-widget-heading\" data-id=\"3bb6fb64\" data-element_type=\"widget\" data-widget_type=\"heading.default\">\n\t\t\t\t<div class=\"elementor-widget-container\">\n\t\t\t\t\t<h2 class=\"elementor-heading-title elementor-size-default\">Myyt\u00e4v\u00e4t tuotteet<\/h2>\t\t\t\t<\/div>\n\t\t\t\t<\/div>\n\t\t\t\t\t<\/div>\n\t\t<\/div>\n\t\t\t\t\t<\/div>\n\t\t<\/section>\n\t\t\t\t<section class=\"elementor-section elementor-top-section elementor-element elementor-element-39ba4be8 elementor-section-boxed elementor-section-height-default elementor-section-height-default\" data-id=\"39ba4be8\" data-element_type=\"section\" data-settings=\"{&quot;background_background&quot;:&quot;classic&quot;}\">\n\t\t\t\t\t\t<div class=\"elementor-container elementor-column-gap-default\">\n\t\t\t\t\t<div class=\"elementor-column elementor-col-33 elementor-top-column elementor-element elementor-element-3509fa5f\" data-id=\"3509fa5f\" data-element_type=\"column\" data-settings=\"{&quot;background_background&quot;:&quot;classic&quot;}\">\n\t\t\t<div class=\"elementor-widget-wrap elementor-element-populated\">\n\t\t\t\t\t\t<div class=\"elementor-element elementor-element-0fbbbf3 elementor-widget elementor-widget-heading\" data-id=\"0fbbbf3\" data-element_type=\"widget\" data-widget_type=\"heading.default\">\n\t\t\t\t<div class=\"elementor-widget-container\">\n\t\t\t\t\t<h3 class=\"elementor-heading-title elementor-size-default\">Myyt\u00e4v\u00e4t rummut<\/h3>\t\t\t\t<\/div>\n\t\t\t\t<\/div>\n\t\t\t\t<div class=\"elementor-element elementor-element-4d00d3ae elementor-widget elementor-widget-text-editor\" data-id=\"4d00d3ae\" data-element_type=\"widget\" data-widget_type=\"text-editor.default\">\n\t\t\t\t<div class=\"elementor-widget-container\">\n\t\t\t\t\t\t\t\t\t<p><strong>\u00a0Myymme laadukkaita, k\u00e4sintehtyj\u00e4 **<i style=\"font-size: 14px; font-weight: inherit; color: #000000;\">Johnson <\/i><span style=\"font-size: 14px; color: #000000;\">Mlugen tekemi\u00e4 djembe -rumpuja<\/span><\/strong><\/p><p>kalvon halkaisija n.<strong> 32-33<\/strong> cm. korkeus n. 60-65 cm Hinta<strong> 235 \u20ac<\/strong>\u00a0<br \/>kalvon halkaisija n. <strong>30-31<\/strong> cm. korkeus n. 60-63 cm Hinta <b>2<strong>20<\/strong><\/b><strong> \u20ac\u00a0<\/strong><br \/>kalvon halkaisija n.<strong> 28-29<\/strong> cm. korkeus n. 60-63 cm Hinta<strong> 210 \u20ac<\/strong>\u00a0<br \/>kalvon halkaisija n. <strong>26-27<\/strong> cm. korkeus n. 57-60 cm Hinta 20<strong>0 \u20ac<\/strong><\/p><p>*puhuvia rumpuja<\/p><p>kalvon halkaisija n. 20cm Hinta 130 \u20ac<br \/>kalvon halkaisija n. 17cm Hinta 100 \u20ac<\/p><p>Rummulla on 7 p\u00e4iv\u00e4n palautusoikeus.<\/p><p>Ellet voi noutaa tilaustasi toimipisteest\u00e4mme Lahdesta tai Tampereelta, toimitamme l\u00e4hetykset Matkahuollon kautta, jolloin vastaanottaja maksaa toimitustuskulut.<\/p><p>Ota yhteytt\u00e4, niin sovimme sinulle sopivimman toimitustavan.<\/p>\t\t\t\t\t\t\t\t<\/div>\n\t\t\t\t<\/div>\n\t\t\t\t\t<\/div>\n\t\t<\/div>\n\t\t\t\t<div class=\"elementor-column elementor-col-33 elementor-top-column elementor-element elementor-element-4135f064\" data-id=\"4135f064\" data-element_type=\"column\" data-settings=\"{&quot;background_background&quot;:&quot;classic&quot;}\">\n\t\t\t<div class=\"elementor-widget-wrap elementor-element-populated\">\n\t\t\t\t\t\t<div class=\"elementor-element elementor-element-5d3b6702 elementor-widget elementor-widget-image\" data-id=\"5d3b6702\" data-element_type=\"widget\" data-widget_type=\"image.default\">\n\t\t\t\t<div class=\"elementor-widget-container\">\n\t\t\t\t\t\t\t\t\t\t\t\t\t\t\t<img fetchpriority=\"high\" decoding=\"async\" width=\"750\" height=\"823\" src=\"https:\/\/www.etnosaari.fi\/site\/wp-content\/uploads\/2019\/02\/etnosaari-933x1024.jpg?v=1625463452\" class=\"attachment-large size-large wp-image-2325\" alt=\"\" srcset=\"https:\/\/www.etnosaari.fi\/site\/wp-content\/uploads\/2019\/02\/etnosaari-933x1024.jpg?v=1625463452 933w, https:\/\/www.etnosaari.fi\/site\/wp-content\/uploads\/2019\/02\/etnosaari-273x300.jpg?v=1625463452 273w, https:\/\/www.etnosaari.fi\/site\/wp-content\/uploads\/2019\/02\/etnosaari-768x842.jpg?v=1625463452 768w, https:\/\/www.etnosaari.fi\/site\/wp-content\/uploads\/2019\/02\/etnosaari-1400x1536.jpg?v=1625463452 1400w, https:\/\/www.etnosaari.fi\/site\/wp-content\/uploads\/2019\/02\/etnosaari-1867x2048.jpg?v=1625463452 1867w\" sizes=\"(max-width: 750px) 100vw, 750px\" style=\"width:100%;height:109.7%;max-width:2310px\" \/>\t\t\t\t\t\t\t\t\t\t\t\t\t\t\t<\/div>\n\t\t\t\t<\/div>\n\t\t\t\t<div class=\"elementor-element elementor-element-7356ce3 elementor-widget elementor-widget-image\" data-id=\"7356ce3\" data-element_type=\"widget\" data-widget_type=\"image.default\">\n\t\t\t\t<div class=\"elementor-widget-container\">\n\t\t\t\t\t\t\t\t\t\t\t\t\t\t\t<img decoding=\"async\" width=\"220\" height=\"157\" src=\"https:\/\/www.etnosaari.fi\/site\/wp-content\/uploads\/2018\/11\/duka.jpg?v=1625463657\" class=\"attachment-large size-large wp-image-993\" alt=\"\" style=\"width:100%;height:71.36%;max-width:220px\" \/>\t\t\t\t\t\t\t\t\t\t\t\t\t\t\t<\/div>\n\t\t\t\t<\/div>\n\t\t\t\t<div class=\"elementor-element elementor-element-243825b0 elementor-widget elementor-widget-image\" data-id=\"243825b0\" data-element_type=\"widget\" data-widget_type=\"image.default\">\n\t\t\t\t<div class=\"elementor-widget-container\">\n\t\t\t\t\t\t\t\t\t\t\t\t\t\t\t<img decoding=\"async\" src=\"https:\/\/www.etnosaari.fi\/site\/wp-content\/uploads\/2018\/11\/drumbag.jpg\" title=\"\" alt=\"\" loading=\"lazy\" \/>\t\t\t\t\t\t\t\t\t\t\t\t\t\t\t<\/div>\n\t\t\t\t<\/div>\n\t\t\t\t\t<\/div>\n\t\t<\/div>\n\t\t\t\t<div class=\"elementor-column elementor-col-33 elementor-top-column elementor-element elementor-element-4bfae2bc\" data-id=\"4bfae2bc\" data-element_type=\"column\" data-settings=\"{&quot;background_background&quot;:&quot;classic&quot;}\">\n\t\t\t<div class=\"elementor-widget-wrap elementor-element-populated\">\n\t\t\t\t\t\t<div class=\"elementor-element elementor-element-2eee8727 elementor-align-center elementor-widget elementor-widget-button\" data-id=\"2eee8727\" data-element_type=\"widget\" data-widget_type=\"button.default\">\n\t\t\t\t<div class=\"elementor-widget-container\">\n\t\t\t\t\t\t\t\t\t<div class=\"elementor-button-wrapper\">\n\t\t\t\t\t<a class=\"elementor-button elementor-button-link elementor-size-sm\" href=\"https:\/\/www.etnosaari.fi\/site\/afrikkalaiset-kankaat\/\">\n\t\t\t\t\t\t<span class=\"elementor-button-content-wrapper\">\n\t\t\t\t\t\t\t\t\t<span class=\"elementor-button-text\">ETNOSAAREN PUTIIKKIIN!<\/span>\n\t\t\t\t\t<\/span>\n\t\t\t\t\t<\/a>\n\t\t\t\t<\/div>\n\t\t\t\t\t\t\t\t<\/div>\n\t\t\t\t<\/div>\n\t\t\t\t<div class=\"elementor-element elementor-element-1ad2dd8 elementor-widget elementor-widget-image\" data-id=\"1ad2dd8\" data-element_type=\"widget\" data-widget_type=\"image.default\">\n\t\t\t\t<div class=\"elementor-widget-container\">\n\t\t\t\t\t\t\t\t\t\t\t\t\t\t\t<img decoding=\"async\" width=\"300\" height=\"200\" src=\"https:\/\/www.etnosaari.fi\/site\/wp-content\/uploads\/2019\/03\/koru-300x200.jpg?v=1625463310\" class=\"attachment-medium size-medium wp-image-3010\" alt=\"\" srcset=\"https:\/\/www.etnosaari.fi\/site\/wp-content\/uploads\/2019\/03\/koru-300x200.jpg?v=1625463310 300w, https:\/\/www.etnosaari.fi\/site\/wp-content\/uploads\/2019\/03\/koru-1024x683.jpg?v=1625463310 1024w, https:\/\/www.etnosaari.fi\/site\/wp-content\/uploads\/2019\/03\/koru-768x512.jpg?v=1625463310 768w, https:\/\/www.etnosaari.fi\/site\/wp-content\/uploads\/2019\/03\/koru-1536x1024.jpg?v=1625463310 1536w, https:\/\/www.etnosaari.fi\/site\/wp-content\/uploads\/2019\/03\/koru-2048x1365.jpg?v=1625463310 2048w\" sizes=\"(max-width: 300px) 100vw, 300px\" style=\"width:100%;height:66.68%;max-width:2560px\" \/>\t\t\t\t\t\t\t\t\t\t\t\t\t\t\t<\/div>\n\t\t\t\t<\/div>\n\t\t\t\t<div class=\"elementor-element elementor-element-e5ab5c1 elementor-widget elementor-widget-text-editor\" data-id=\"e5ab5c1\" data-element_type=\"widget\" data-widget_type=\"text-editor.default\">\n\t\t\t\t<div class=\"elementor-widget-container\">\n\t\t\t\t\t\t\t\t\t<h3><a href=\"https:\/\/www.etnosaari.fi\/site\/afrikkalaiset-kankaat\/\">Afrikkalaiset kankaat<\/a><\/h3><p>Hinta: 20 \u20ac\u00a0 \u00a0\u00a0Materiaali: 100% Puuvilla\u00a0 \u00a0Mitat:n.330x100cm<\/p>\t\t\t\t\t\t\t\t<\/div>\n\t\t\t\t<\/div>\n\t\t\t\t<div class=\"elementor-element elementor-element-34dcae2b elementor-widget elementor-widget-text-editor\" data-id=\"34dcae2b\" data-element_type=\"widget\" data-widget_type=\"text-editor.default\">\n\t\t\t\t<div class=\"elementor-widget-container\">\n\t\t\t\t\t\t\t\t\t<p><a href=\"https:\/\/www.etnosaari.fi\/site\/afrikkalaiset-kankaat\/\">Tuotteet n\u00e4ht\u00e4vill\u00e4 verkkoputiikissa<\/a><\/p>\t\t\t\t\t\t\t\t<\/div>\n\t\t\t\t<\/div>\n\t\t\t\t<div class=\"elementor-element elementor-element-a6ac5e2 elementor-widget elementor-widget-heading\" data-id=\"a6ac5e2\" data-element_type=\"widget\" data-widget_type=\"heading.default\">\n\t\t\t\t<div class=\"elementor-widget-container\">\n\t\t\t\t\t<h3 class=\"elementor-heading-title elementor-size-default\">Afrikkalaiset korut<\/h3>\t\t\t\t<\/div>\n\t\t\t\t<\/div>\n\t\t\t\t<div class=\"elementor-element elementor-element-3bff152 elementor-widget elementor-widget-heading\" data-id=\"3bff152\" data-element_type=\"widget\" data-widget_type=\"heading.default\">\n\t\t\t\t<div class=\"elementor-widget-container\">\n\t\t\t\t\t<h3 class=\"elementor-heading-title elementor-size-default\">Djemben kantokassit<\/h3>\t\t\t\t<\/div>\n\t\t\t\t<\/div>\n\t\t\t\t<div class=\"elementor-element elementor-element-15ed42a6 elementor-widget elementor-widget-text-editor\" data-id=\"15ed42a6\" data-element_type=\"widget\" data-widget_type=\"text-editor.default\">\n\t\t\t\t<div class=\"elementor-widget-container\">\n\t\t\t\t\t\t\t\t\t<p>Kankaiset, k\u00e4sity\u00f6n\u00e4 tehdyt rumpukassit sopivat seuraavan kokoisille rummuille:<\/p><p>*kalvon halkaisija n. 32-33cm (Korkeus n. 60-65 cm)<br \/>*kalvon halkaisija n. 29-31cm (Korkeus n. 60-63 cm)<br \/>*kalvon halkaisija n. 27-28cm (Korkeus n. 57-60 cm)<br \/>*kalvon halkaisija n. 25-26cm (Korkeus n. 53-56 cm)<\/p><p>Hinta: 35 euroa\/kassi<\/p>\t\t\t\t\t\t\t\t<\/div>\n\t\t\t\t<\/div>\n\t\t\t\t\t<\/div>\n\t\t<\/div>\n\t\t\t\t\t<\/div>\n\t\t<\/section>\n\t\t\t\t<section class=\"elementor-section elementor-top-section elementor-element elementor-element-6f7bad6f elementor-section-boxed elementor-section-height-default elementor-section-height-default\" data-id=\"6f7bad6f\" data-element_type=\"section\">\n\t\t\t\t\t\t<div class=\"elementor-container elementor-column-gap-default\">\n\t\t\t\t\t<div class=\"elementor-column elementor-col-100 elementor-top-column elementor-element elementor-element-44250eea\" data-id=\"44250eea\" data-element_type=\"column\">\n\t\t\t<div class=\"elementor-widget-wrap elementor-element-populated\">\n\t\t\t\t\t\t<div class=\"elementor-element elementor-element-4c485d07 elementor-widget elementor-widget-spacer\" data-id=\"4c485d07\" data-element_type=\"widget\" data-widget_type=\"spacer.default\">\n\t\t\t\t<div class=\"elementor-widget-container\">\n\t\t\t\t\t\t\t<div class=\"elementor-spacer\">\n\t\t\t<div class=\"elementor-spacer-inner\"><\/div>\n\t\t<\/div>\n\t\t\t\t\t\t<\/div>\n\t\t\t\t<\/div>\n\t\t\t\t\t<\/div>\n\t\t<\/div>\n\t\t\t\t\t<\/div>\n\t\t<\/section>\n\t\t\t\t<section class=\"elementor-section elementor-top-section elementor-element elementor-element-63d115b elementor-section-boxed elementor-section-height-default elementor-section-height-default\" data-id=\"63d115b\" data-element_type=\"section\">\n\t\t\t\t\t\t<div class=\"elementor-container elementor-column-gap-default\">\n\t\t\t\t\t<div class=\"elementor-column elementor-col-100 elementor-top-column elementor-element elementor-element-09e6d24\" data-id=\"09e6d24\" data-element_type=\"column\">\n\t\t\t<div class=\"elementor-widget-wrap elementor-element-populated\">\n\t\t\t\t\t\t<div class=\"elementor-element elementor-element-042f7da elementor-widget elementor-widget-spacer\" data-id=\"042f7da\" data-element_type=\"widget\" data-widget_type=\"spacer.default\">\n\t\t\t\t<div class=\"elementor-widget-container\">\n\t\t\t\t\t\t\t<div class=\"elementor-spacer\">\n\t\t\t<div class=\"elementor-spacer-inner\"><\/div>\n\t\t<\/div>\n\t\t\t\t\t\t<\/div>\n\t\t\t\t<\/div>\n\t\t\t\t\t<\/div>\n\t\t<\/div>\n\t\t\t\t\t<\/div>\n\t\t<\/section>\n\t\t\t\t<section class=\"elementor-section elementor-top-section elementor-element elementor-element-6123467b elementor-section-full_width elementor-section-height-default elementor-section-height-default\" data-id=\"6123467b\" data-element_type=\"section\" data-settings=\"{&quot;background_background&quot;:&quot;classic&quot;}\">\n\t\t\t\t\t\t<div class=\"elementor-container elementor-column-gap-default\">\n\t\t\t\t\t<div class=\"elementor-column elementor-col-100 elementor-top-column elementor-element elementor-element-202172af\" data-id=\"202172af\" data-element_type=\"column\">\n\t\t\t<div class=\"elementor-widget-wrap elementor-element-populated\">\n\t\t\t\t\t\t<div class=\"elementor-element elementor-element-14fa5c7e elementor-widget elementor-widget-text-editor\" data-id=\"14fa5c7e\" data-element_type=\"widget\" data-widget_type=\"text-editor.default\">\n\t\t\t\t<div class=\"elementor-widget-container\">\n\t\t\t\t\t\t\t\t\t<h4>Etnosaaren tuotteita voi tilata<\/h4>\n<p>puhelimella numerosta 040 537 8035<br>s\u00e4hk\u00f6postilla osoitteesta <a href=\"mailto:etnosaari@etnosaari.fi\">etnosaari@etnosaari.fi<\/a>. (Mainitse tilauksessa tuote ja m\u00e4\u00e4r\u00e4 sek\u00e4 muut tuotetta koskevat tiedot (esim. koko), tilaajan nimi, laskutusosoite ja puhelinnumero). Mik\u00e4li et nouda tuotetta Lahden tai Tampereen toimipisteest\u00e4, mainitse viestiss\u00e4si my\u00f6s toimitusosoite.<\/p>\t\t\t\t\t\t\t\t<\/div>\n\t\t\t\t<\/div>\n\t\t\t\t\t<\/div>\n\t\t<\/div>\n\t\t\t\t\t<\/div>\n\t\t<\/section>\n\t\t\t\t<\/div>\n\t\t","protected":false},"excerpt":{"rendered":"<p>Myyt\u00e4v\u00e4t tuotteet Myyt\u00e4v\u00e4t rummut \u00a0Myymme laadukkaita, k\u00e4sintehtyj\u00e4 **Johnson Mlugen tekemi\u00e4 djembe -rumpuja kalvon halkaisija n. 32-33 cm. korkeus n. 60-65 cm Hinta 235 \u20ac\u00a0kalvon halkaisija n. 30-31 cm. korkeus n. 60-63 cm Hinta 220 \u20ac\u00a0kalvon halkaisija n. 28-29 cm. korkeus n. 60-63 cm Hinta 210 \u20ac\u00a0kalvon halkaisija n. 26-27 cm. korkeus n. 57-60 cm Hinta&hellip; <a class=\"more-link\" href=\"https:\/\/www.etnosaari.fi\/site\/myytavat-tuotteet\/\">Continue reading <span class=\"screen-reader-text\">Myyt\u00e4v\u00e4t tuotteet<\/span><\/a><\/p>\n","protected":false},"author":1,"featured_media":0,"parent":0,"menu_order":0,"comment_status":"closed","ping_status":"closed","template":"","meta":{"footnotes":""},"class_list":["post-2795","page","type-page","status-publish","hentry","entry"],"_links":{"self":[{"href":"https:\/\/www.etnosaari.fi\/site\/wp-json\/wp\/v2\/pages\/2795","targetHints":{"allow":["GET"]}}],"collection":[{"href":"https:\/\/www.etnosaari.fi\/site\/wp-json\/wp\/v2\/pages"}],"about":[{"href":"https:\/\/www.etnosaari.fi\/site\/wp-json\/wp\/v2\/types\/page"}],"author":[{"embeddable":true,"href":"https:\/\/www.etnosaari.fi\/site\/wp-json\/wp\/v2\/users\/1"}],"replies":[{"embeddable":true,"href":"https:\/\/www.etnosaari.fi\/site\/wp-json\/wp\/v2\/comments?post=2795"}],"version-history":[{"count":56,"href":"https:\/\/www.etnosaari.fi\/site\/wp-json\/wp\/v2\/pages\/2795\/revisions"}],"predecessor-version":[{"id":6752,"href":"https:\/\/www.etnosaari.fi\/site\/wp-json\/wp\/v2\/pages\/2795\/revisions\/6752"}],"wp:attachment":[{"href":"https:\/\/www.etnosaari.fi\/site\/wp-json\/wp\/v2\/media?parent=2795"}],"curies":[{"name":"wp","href":"https:\/\/api.w.org\/{rel}","templated":true}]}}