{"id":2794,"date":"2019-02-22T22:10:18","date_gmt":"2019-02-22T22:10:18","guid":{"rendered":"https:\/\/www.etnosaari.fi\/site\/?page_id=2794"},"modified":"2024-02-25T11:49:07","modified_gmt":"2024-02-25T11:49:07","slug":"vuokrattavat-tuotteet","status":"publish","type":"page","link":"https:\/\/www.etnosaari.fi\/site\/vuokrattavat-tuotteet\/","title":{"rendered":"Vuokrattavat tuotteet"},"content":{"rendered":"\t\t<div data-elementor-type=\"wp-post\" data-elementor-id=\"2794\" class=\"elementor elementor-2794\" data-elementor-post-type=\"page\">\n\t\t\t\t\t\t<section class=\"elementor-section elementor-top-section elementor-element elementor-element-38bf24cf elementor-section-full_width elementor-section-height-default elementor-section-height-default\" data-id=\"38bf24cf\" data-element_type=\"section\" data-settings=\"{&quot;background_background&quot;:&quot;classic&quot;}\">\n\t\t\t\t\t\t<div class=\"elementor-container elementor-column-gap-default\">\n\t\t\t\t\t<div class=\"elementor-column elementor-col-100 elementor-top-column elementor-element elementor-element-72c1102f\" data-id=\"72c1102f\" data-element_type=\"column\" data-settings=\"{&quot;background_background&quot;:&quot;classic&quot;}\">\n\t\t\t<div class=\"elementor-widget-wrap elementor-element-populated\">\n\t\t\t\t\t\t<div class=\"elementor-element elementor-element-a961c0d elementor-nav-menu__align-center elementor-nav-menu--dropdown-tablet elementor-nav-menu__text-align-aside elementor-nav-menu--toggle elementor-nav-menu--burger elementor-widget elementor-widget-nav-menu\" data-id=\"a961c0d\" data-element_type=\"widget\" data-settings=\"{&quot;layout&quot;:&quot;horizontal&quot;,&quot;submenu_icon&quot;:{&quot;value&quot;:&quot;&lt;i class=\\&quot;fas fa-caret-down\\&quot;&gt;&lt;\\\/i&gt;&quot;,&quot;library&quot;:&quot;fa-solid&quot;},&quot;toggle&quot;:&quot;burger&quot;}\" data-widget_type=\"nav-menu.default\">\n\t\t\t\t<div class=\"elementor-widget-container\">\n\t\t\t\t\t\t\t\t<nav aria-label=\"Menu\" class=\"elementor-nav-menu--main elementor-nav-menu__container elementor-nav-menu--layout-horizontal e--pointer-underline e--animation-fade\">\n\t\t\t\t<ul id=\"menu-1-a961c0d\" class=\"elementor-nav-menu\"><li class=\"menu-item menu-item-type-post_type menu-item-object-page menu-item-2800\"><a href=\"https:\/\/www.etnosaari.fi\/site\/myytavat-tuotteet\/\" class=\"elementor-item\">MYYT\u00c4V\u00c4T TUOTTEET<\/a><\/li>\n<li class=\"menu-item menu-item-type-post_type menu-item-object-page menu-item-2813\"><a href=\"https:\/\/www.etnosaari.fi\/site\/vuokrattavat-tuotteet\/\" class=\"elementor-item\">VUOKRATTAVAT TUOTTEET<\/a><\/li>\n<\/ul>\t\t\t<\/nav>\n\t\t\t\t\t<div class=\"elementor-menu-toggle\" role=\"button\" tabindex=\"0\" aria-label=\"Menu Toggle\" aria-expanded=\"false\">\n\t\t\t<i aria-hidden=\"true\" role=\"presentation\" class=\"elementor-menu-toggle__icon--open eicon-menu-bar\"><\/i><i aria-hidden=\"true\" role=\"presentation\" class=\"elementor-menu-toggle__icon--close eicon-close\"><\/i>\t\t<\/div>\n\t\t\t\t\t<nav class=\"elementor-nav-menu--dropdown elementor-nav-menu__container\" aria-hidden=\"true\">\n\t\t\t\t<ul id=\"menu-2-a961c0d\" class=\"elementor-nav-menu\"><li class=\"menu-item menu-item-type-post_type menu-item-object-page menu-item-2800\"><a href=\"https:\/\/www.etnosaari.fi\/site\/myytavat-tuotteet\/\" class=\"elementor-item\" tabindex=\"-1\">MYYT\u00c4V\u00c4T TUOTTEET<\/a><\/li>\n<li class=\"menu-item menu-item-type-post_type menu-item-object-page menu-item-2813\"><a href=\"https:\/\/www.etnosaari.fi\/site\/vuokrattavat-tuotteet\/\" class=\"elementor-item\" tabindex=\"-1\">VUOKRATTAVAT TUOTTEET<\/a><\/li>\n<\/ul>\t\t\t<\/nav>\n\t\t\t\t\t\t<\/div>\n\t\t\t\t<\/div>\n\t\t\t\t\t<\/div>\n\t\t<\/div>\n\t\t\t\t\t<\/div>\n\t\t<\/section>\n\t\t\t\t<section class=\"elementor-section elementor-top-section elementor-element elementor-element-6b46f06 elementor-section-boxed elementor-section-height-default elementor-section-height-default\" data-id=\"6b46f06\" data-element_type=\"section\">\n\t\t\t\t\t\t<div class=\"elementor-container elementor-column-gap-default\">\n\t\t\t\t\t<div class=\"elementor-column elementor-col-100 elementor-top-column elementor-element elementor-element-0505d49\" data-id=\"0505d49\" data-element_type=\"column\">\n\t\t\t<div class=\"elementor-widget-wrap elementor-element-populated\">\n\t\t\t\t\t\t<div class=\"elementor-element elementor-element-44e94041 elementor-widget elementor-widget-heading\" data-id=\"44e94041\" data-element_type=\"widget\" data-widget_type=\"heading.default\">\n\t\t\t\t<div class=\"elementor-widget-container\">\n\t\t\t\t\t<h2 class=\"elementor-heading-title elementor-size-default\">Vuokrattavat tuotteet<\/h2>\t\t\t\t<\/div>\n\t\t\t\t<\/div>\n\t\t\t\t\t<\/div>\n\t\t<\/div>\n\t\t\t\t\t<\/div>\n\t\t<\/section>\n\t\t\t\t<section class=\"elementor-section elementor-top-section elementor-element elementor-element-6f938f99 elementor-section-boxed elementor-section-height-default elementor-section-height-default\" data-id=\"6f938f99\" data-element_type=\"section\">\n\t\t\t\t\t\t<div class=\"elementor-container elementor-column-gap-default\">\n\t\t\t\t\t<div class=\"elementor-column elementor-col-33 elementor-top-column elementor-element elementor-element-17442038\" data-id=\"17442038\" data-element_type=\"column\" data-settings=\"{&quot;background_background&quot;:&quot;classic&quot;}\">\n\t\t\t<div class=\"elementor-widget-wrap elementor-element-populated\">\n\t\t\t\t\t\t<div class=\"elementor-element elementor-element-1d6431d7 elementor-widget elementor-widget-text-editor\" data-id=\"1d6431d7\" data-element_type=\"widget\" data-widget_type=\"text-editor.default\">\n\t\t\t\t<div class=\"elementor-widget-container\">\n\t\t\t\t\t\t\t\t\t<h3>Afrikkalaiset rummut<\/h3>\n<p>Etnosaaren rumpuvalikoimasta l\u00f6ytyy rumpuja isoille ja pienille soittajille. Rumpuja voi vuokrata omaan k\u00e4ytt\u00f6\u00f6n, esityksiin, ty\u00f6pajoihin\u2026<\/p>\n<p>\u2013 djembe-rummut, puhuvat rummut, dundun<\/p>\n<p>**Vuokra 10 euroa\/rumpu\/p\u00e4iv\u00e4<br>**Vuokra 15 euroa\/rumpu\/viikko<br>**Vuokra 25 euroa\/rumpu\/kk<br>**Vuokra 40 euroa\/rumpu\/2 kk<br>**Vuokra 60 euroa\/rumpu\/3 kk<br>** Vuokra 70 euroa\/rumpu\/4-5 kk<\/p>\t\t\t\t\t\t\t\t<\/div>\n\t\t\t\t<\/div>\n\t\t\t\t<div class=\"elementor-element elementor-element-4765dc2e elementor-widget elementor-widget-text-editor\" data-id=\"4765dc2e\" data-element_type=\"widget\" data-widget_type=\"text-editor.default\">\n\t\t\t\t<div class=\"elementor-widget-container\">\n\t\t\t\t\t\t\t\t\t<h3>Rumpupaketti<\/h3><p>Isommille ryhmille, kuten koululuokille sopiva rumpupaketti sis\u00e4lt\u00e4\u00e4 v\u00e4hint\u00e4\u00e4n 6 rumpua.<\/p><p>** Vuokra 5 euroa\/rumpu\/p\u00e4iv\u00e4<br \/>**Vuokra 8 euroa\/rumpu\/viikko<br \/>**Vuokra 15 euroa\/rumpu\/kk<br \/>**Vuokra 20 euroa\/rumpu\/2kk<br \/>**Vuokra 30 euroa\/rumpu\/3 kk<\/p>\t\t\t\t\t\t\t\t<\/div>\n\t\t\t\t<\/div>\n\t\t\t\t\t<\/div>\n\t\t<\/div>\n\t\t\t\t<div class=\"elementor-column elementor-col-33 elementor-top-column elementor-element elementor-element-4078ceb6\" data-id=\"4078ceb6\" data-element_type=\"column\" data-settings=\"{&quot;background_background&quot;:&quot;classic&quot;}\">\n\t\t\t<div class=\"elementor-widget-wrap elementor-element-populated\">\n\t\t\t\t\t\t<div class=\"elementor-element elementor-element-400d9e38 elementor-widget elementor-widget-image\" data-id=\"400d9e38\" data-element_type=\"widget\" data-widget_type=\"image.default\">\n\t\t\t\t<div class=\"elementor-widget-container\">\n\t\t\t\t\t\t\t\t\t\t\t\t\t\t\t<img fetchpriority=\"high\" decoding=\"async\" width=\"750\" height=\"541\" src=\"https:\/\/www.etnosaari.fi\/site\/wp-content\/uploads\/2018\/12\/djembe-1-1024x739.jpg\" class=\"attachment-large size-large wp-image-2164\" alt=\"\" srcset=\"https:\/\/www.etnosaari.fi\/site\/wp-content\/uploads\/2018\/12\/djembe-1-1024x739.jpg 1024w, https:\/\/www.etnosaari.fi\/site\/wp-content\/uploads\/2018\/12\/djembe-1-300x217.jpg 300w, https:\/\/www.etnosaari.fi\/site\/wp-content\/uploads\/2018\/12\/djembe-1-768x554.jpg 768w\" sizes=\"(max-width: 750px) 100vw, 750px\" style=\"width:100%;height:72.19%;max-width:2898px\" \/>\t\t\t\t\t\t\t\t\t\t\t\t\t\t\t<\/div>\n\t\t\t\t<\/div>\n\t\t\t\t<div class=\"elementor-element elementor-element-e0d33c5 elementor-widget elementor-widget-image\" data-id=\"e0d33c5\" data-element_type=\"widget\" data-widget_type=\"image.default\">\n\t\t\t\t<div class=\"elementor-widget-container\">\n\t\t\t\t\t\t\t\t\t\t\t\t\t\t\t<img decoding=\"async\" width=\"1919\" height=\"2560\" src=\"https:\/\/www.etnosaari.fi\/site\/wp-content\/uploads\/2019\/03\/talking-drum-scaled.jpg?v=1625463311\" class=\"attachment-full size-full wp-image-3007\" alt=\"\" srcset=\"https:\/\/www.etnosaari.fi\/site\/wp-content\/uploads\/2019\/03\/talking-drum-scaled.jpg?v=1625463311 1919w, https:\/\/www.etnosaari.fi\/site\/wp-content\/uploads\/2019\/03\/talking-drum-225x300.jpg?v=1625463311 225w, https:\/\/www.etnosaari.fi\/site\/wp-content\/uploads\/2019\/03\/talking-drum-768x1024.jpg?v=1625463311 768w, https:\/\/www.etnosaari.fi\/site\/wp-content\/uploads\/2019\/03\/talking-drum-1151x1536.jpg?v=1625463311 1151w, https:\/\/www.etnosaari.fi\/site\/wp-content\/uploads\/2019\/03\/talking-drum-1535x2048.jpg?v=1625463311 1535w\" sizes=\"(max-width: 1919px) 100vw, 1919px\" style=\"width:100%;height:133.4%;max-width:1919px\" \/>\t\t\t\t\t\t\t\t\t\t\t\t\t\t\t<\/div>\n\t\t\t\t<\/div>\n\t\t\t\t<div class=\"elementor-element elementor-element-f5bc12d elementor-widget elementor-widget-image\" data-id=\"f5bc12d\" data-element_type=\"widget\" data-widget_type=\"image.default\">\n\t\t\t\t<div class=\"elementor-widget-container\">\n\t\t\t\t\t\t\t\t\t\t\t\t\t\t\t<img decoding=\"async\" width=\"220\" height=\"344\" src=\"https:\/\/www.etnosaari.fi\/site\/wp-content\/uploads\/2018\/11\/vuokra.jpg?v=1625463654\" class=\"attachment-large size-large wp-image-1003\" alt=\"\" srcset=\"https:\/\/www.etnosaari.fi\/site\/wp-content\/uploads\/2018\/11\/vuokra.jpg?v=1625463654 220w, https:\/\/www.etnosaari.fi\/site\/wp-content\/uploads\/2018\/11\/vuokra-192x300.jpg?v=1625463654 192w\" sizes=\"(max-width: 220px) 100vw, 220px\" style=\"width:100%;height:156.36%;max-width:220px\" \/>\t\t\t\t\t\t\t\t\t\t\t\t\t\t\t<\/div>\n\t\t\t\t<\/div>\n\t\t\t\t\t<\/div>\n\t\t<\/div>\n\t\t\t\t<div class=\"elementor-column elementor-col-33 elementor-top-column elementor-element elementor-element-4ffeb098\" data-id=\"4ffeb098\" data-element_type=\"column\" data-settings=\"{&quot;background_background&quot;:&quot;classic&quot;}\">\n\t\t\t<div class=\"elementor-widget-wrap elementor-element-populated\">\n\t\t\t\t\t\t<div class=\"elementor-element elementor-element-48767d67 elementor-widget elementor-widget-text-editor\" data-id=\"48767d67\" data-element_type=\"widget\" data-widget_type=\"text-editor.default\">\n\t\t\t\t<div class=\"elementor-widget-container\">\n\t\t\t\t\t\t\t\t\t<h3>Esiintymisasut<\/h3><p>Afrikka-aiheeseen teatteriin tai muuhun esitt\u00e4v\u00e4\u00e4n taiteeseen saat esiintymisasut ja rekvisiitan k\u00e4tev\u00e4sti kauttamme.<br \/>\u2013 kaislahameet<br \/>\u2013 kangat<br \/>\u2013 p\u00e4\u00e4hineet ja hatut<br \/>\u2013 tanssihuiskut<br \/>\u2013 ungo eli bambulautanen<br \/>* vuokra 100 euroa\/paketti\/kuukausi<\/p>\t\t\t\t\t\t\t\t<\/div>\n\t\t\t\t<\/div>\n\t\t\t\t<section class=\"elementor-section elementor-inner-section elementor-element elementor-element-454d0221 elementor-section-boxed elementor-section-height-default elementor-section-height-default\" data-id=\"454d0221\" data-element_type=\"section\">\n\t\t\t\t\t\t<div class=\"elementor-container elementor-column-gap-default\">\n\t\t\t\t\t<div class=\"elementor-column elementor-col-100 elementor-inner-column elementor-element elementor-element-39763a60\" data-id=\"39763a60\" data-element_type=\"column\">\n\t\t\t<div class=\"elementor-widget-wrap elementor-element-populated\">\n\t\t\t\t\t\t<div class=\"elementor-element elementor-element-d6ba4dd elementor-widget elementor-widget-text-editor\" data-id=\"d6ba4dd\" data-element_type=\"widget\" data-widget_type=\"text-editor.default\">\n\t\t\t\t<div class=\"elementor-widget-container\">\n\t\t\t\t\t\t\t\t\t<h3>N\u00e4yttelypaketti<\/h3><p>Vuokraa n\u00e4yttelyesineist\u00f6 Afrikka-aiheiseen n\u00e4yttelyyn Etnosaarelta. Meid\u00e4n kauttamme on my\u00f6s mahdollista tilata tansanialaisten Kikuwa Children Development Center -esikoulun piirustusn\u00e4yttely.<\/p><p>\u2013 sisustus- ja lahjatavarat: eebenpuiset kynttil\u00e4njalat, teekattaus ja muut esineet<br \/>\u2013 kanga- ja batiikki -kankaat<br \/>\u2013 kierr\u00e4tysmateriaaleista valmistetut lelut<br \/>\u2013 djembe-rummut, puhuvat rummut, dundun<br \/>\u2013 kalimba<br \/>\u2013 marimba<br \/>\u2013 esiintymisasut<br \/>* vuokra 150 euroa\/paketti\/kuukausi<\/p>\t\t\t\t\t\t\t\t<\/div>\n\t\t\t\t<\/div>\n\t\t\t\t\t<\/div>\n\t\t<\/div>\n\t\t\t\t\t<\/div>\n\t\t<\/section>\n\t\t\t\t\t<\/div>\n\t\t<\/div>\n\t\t\t\t\t<\/div>\n\t\t<\/section>\n\t\t\t\t<section class=\"elementor-section elementor-top-section elementor-element elementor-element-f6be72d elementor-section-boxed elementor-section-height-default elementor-section-height-default\" data-id=\"f6be72d\" data-element_type=\"section\">\n\t\t\t\t\t\t<div class=\"elementor-container elementor-column-gap-default\">\n\t\t\t\t\t<div class=\"elementor-column elementor-col-100 elementor-top-column elementor-element elementor-element-3f05368\" data-id=\"3f05368\" data-element_type=\"column\">\n\t\t\t<div class=\"elementor-widget-wrap elementor-element-populated\">\n\t\t\t\t\t\t<div class=\"elementor-element elementor-element-4322983 elementor-widget elementor-widget-spacer\" data-id=\"4322983\" data-element_type=\"widget\" data-widget_type=\"spacer.default\">\n\t\t\t\t<div class=\"elementor-widget-container\">\n\t\t\t\t\t\t\t<div class=\"elementor-spacer\">\n\t\t\t<div class=\"elementor-spacer-inner\"><\/div>\n\t\t<\/div>\n\t\t\t\t\t\t<\/div>\n\t\t\t\t<\/div>\n\t\t\t\t\t<\/div>\n\t\t<\/div>\n\t\t\t\t\t<\/div>\n\t\t<\/section>\n\t\t\t\t<section class=\"elementor-section elementor-top-section elementor-element elementor-element-5ec65408 elementor-section-boxed elementor-section-height-default elementor-section-height-default\" data-id=\"5ec65408\" data-element_type=\"section\" data-settings=\"{&quot;background_background&quot;:&quot;classic&quot;}\">\n\t\t\t\t\t\t<div class=\"elementor-container elementor-column-gap-default\">\n\t\t\t\t\t<div class=\"elementor-column elementor-col-100 elementor-top-column elementor-element elementor-element-135dfd41\" data-id=\"135dfd41\" data-element_type=\"column\">\n\t\t\t<div class=\"elementor-widget-wrap elementor-element-populated\">\n\t\t\t\t\t\t<div class=\"elementor-element elementor-element-b80620f elementor-widget elementor-widget-spacer\" data-id=\"b80620f\" data-element_type=\"widget\" data-widget_type=\"spacer.default\">\n\t\t\t\t<div class=\"elementor-widget-container\">\n\t\t\t\t\t\t\t<div class=\"elementor-spacer\">\n\t\t\t<div class=\"elementor-spacer-inner\"><\/div>\n\t\t<\/div>\n\t\t\t\t\t\t<\/div>\n\t\t\t\t<\/div>\n\t\t\t\t<div class=\"elementor-element elementor-element-55c7b56b elementor-widget elementor-widget-text-editor\" data-id=\"55c7b56b\" data-element_type=\"widget\" data-widget_type=\"text-editor.default\">\n\t\t\t\t<div class=\"elementor-widget-container\">\n\t\t\t\t\t\t\t\t\t<h5>Kysy lis\u00e4\u00e4, jos haluat vuokrata tuotteita!<\/h5><p>Ota yhteytt\u00e4 p. 040 537 8035 tai s\u00e4hk\u00f6postitse <a href=\"mailto:etnosaari@etnosaari.fi\">etnosaari@etnosaari.fi<\/a>. Voit tutustua tuotteisiin Etnosaari-tilassa.<\/p>\t\t\t\t\t\t\t\t<\/div>\n\t\t\t\t<\/div>\n\t\t\t\t\t<\/div>\n\t\t<\/div>\n\t\t\t\t\t<\/div>\n\t\t<\/section>\n\t\t\t\t<\/div>\n\t\t","protected":false},"excerpt":{"rendered":"<p>Vuokrattavat tuotteet Afrikkalaiset rummut Etnosaaren rumpuvalikoimasta l\u00f6ytyy rumpuja isoille ja pienille soittajille. Rumpuja voi vuokrata omaan k\u00e4ytt\u00f6\u00f6n, esityksiin, ty\u00f6pajoihin\u2026 \u2013 djembe-rummut, puhuvat rummut, dundun **Vuokra 10 euroa\/rumpu\/p\u00e4iv\u00e4**Vuokra 15 euroa\/rumpu\/viikko**Vuokra 25 euroa\/rumpu\/kk**Vuokra 40 euroa\/rumpu\/2 kk**Vuokra 60 euroa\/rumpu\/3 kk** Vuokra 70 euroa\/rumpu\/4-5 kk Rumpupaketti Isommille ryhmille, kuten koululuokille sopiva rumpupaketti sis\u00e4lt\u00e4\u00e4 v\u00e4hint\u00e4\u00e4n 6 rumpua. ** Vuokra 5&hellip; <a class=\"more-link\" href=\"https:\/\/www.etnosaari.fi\/site\/vuokrattavat-tuotteet\/\">Continue reading <span class=\"screen-reader-text\">Vuokrattavat tuotteet<\/span><\/a><\/p>\n","protected":false},"author":1,"featured_media":0,"parent":0,"menu_order":0,"comment_status":"closed","ping_status":"closed","template":"","meta":{"footnotes":""},"class_list":["post-2794","page","type-page","status-publish","hentry","entry"],"_links":{"self":[{"href":"https:\/\/www.etnosaari.fi\/site\/wp-json\/wp\/v2\/pages\/2794","targetHints":{"allow":["GET"]}}],"collection":[{"href":"https:\/\/www.etnosaari.fi\/site\/wp-json\/wp\/v2\/pages"}],"about":[{"href":"https:\/\/www.etnosaari.fi\/site\/wp-json\/wp\/v2\/types\/page"}],"author":[{"embeddable":true,"href":"https:\/\/www.etnosaari.fi\/site\/wp-json\/wp\/v2\/users\/1"}],"replies":[{"embeddable":true,"href":"https:\/\/www.etnosaari.fi\/site\/wp-json\/wp\/v2\/comments?post=2794"}],"version-history":[{"count":23,"href":"https:\/\/www.etnosaari.fi\/site\/wp-json\/wp\/v2\/pages\/2794\/revisions"}],"predecessor-version":[{"id":6565,"href":"https:\/\/www.etnosaari.fi\/site\/wp-json\/wp\/v2\/pages\/2794\/revisions\/6565"}],"wp:attachment":[{"href":"https:\/\/www.etnosaari.fi\/site\/wp-json\/wp\/v2\/media?parent=2794"}],"curies":[{"name":"wp","href":"https:\/\/api.w.org\/{rel}","templated":true}]}}