{"id":2297,"date":"2019-02-07T22:43:08","date_gmt":"2019-02-07T22:43:08","guid":{"rendered":"https:\/\/www.etnosaari.fi\/site\/?page_id=2297"},"modified":"2020-01-20T14:29:07","modified_gmt":"2020-01-20T14:29:07","slug":"lasten-rumpuryhma","status":"publish","type":"page","link":"https:\/\/www.etnosaari.fi\/site\/lasten-rumpuryhma\/","title":{"rendered":"Lasten Rumpuryhm\u00e4"},"content":{"rendered":"\t\t<div data-elementor-type=\"wp-post\" data-elementor-id=\"2297\" class=\"elementor elementor-2297\" data-elementor-post-type=\"page\">\n\t\t\t\t\t\t<section class=\"elementor-section elementor-top-section elementor-element elementor-element-7b1f7275 elementor-section-full_width elementor-section-height-default elementor-section-height-default\" data-id=\"7b1f7275\" data-element_type=\"section\" data-settings=\"{&quot;background_background&quot;:&quot;classic&quot;}\">\n\t\t\t\t\t\t<div class=\"elementor-container elementor-column-gap-default\">\n\t\t\t\t\t<div class=\"elementor-column elementor-col-100 elementor-top-column elementor-element elementor-element-40409f74\" data-id=\"40409f74\" data-element_type=\"column\" data-settings=\"{&quot;background_background&quot;:&quot;classic&quot;}\">\n\t\t\t<div class=\"elementor-widget-wrap elementor-element-populated\">\n\t\t\t\t\t\t<div class=\"elementor-element elementor-element-3094f299 elementor-nav-menu__align-center elementor-nav-menu--dropdown-mobile elementor-nav-menu__text-align-center elementor-nav-menu--toggle elementor-nav-menu--burger elementor-widget elementor-widget-nav-menu\" data-id=\"3094f299\" data-element_type=\"widget\" data-settings=\"{&quot;layout&quot;:&quot;horizontal&quot;,&quot;submenu_icon&quot;:{&quot;value&quot;:&quot;&lt;i class=\\&quot;fas fa-caret-down\\&quot;&gt;&lt;\\\/i&gt;&quot;,&quot;library&quot;:&quot;fa-solid&quot;},&quot;toggle&quot;:&quot;burger&quot;}\" data-widget_type=\"nav-menu.default\">\n\t\t\t\t<div class=\"elementor-widget-container\">\n\t\t\t\t\t\t\t\t<nav aria-label=\"Menu\" class=\"elementor-nav-menu--main elementor-nav-menu__container elementor-nav-menu--layout-horizontal e--pointer-background e--animation-fade\">\n\t\t\t\t<ul id=\"menu-1-3094f299\" class=\"elementor-nav-menu\"><li class=\"menu-item menu-item-type-post_type menu-item-object-page menu-item-1191\"><a href=\"https:\/\/www.etnosaari.fi\/site\/afrobeat-afromix-lahti\/\" class=\"elementor-item\">Afrobeats (Afro-mix), Lahti<\/a><\/li>\n<li class=\"menu-item menu-item-type-post_type menu-item-object-page menu-item-1593\"><a href=\"https:\/\/www.etnosaari.fi\/site\/afrobeats-askola\/\" class=\"elementor-item\">Afrobeats (Afro-mix), Askola<\/a><\/li>\n<li class=\"menu-item menu-item-type-post_type menu-item-object-page menu-item-1190\"><a href=\"https:\/\/www.etnosaari.fi\/site\/afrotanssi-heimotanssi\/\" class=\"elementor-item\">Afrotanssi (Heimotanssi)<\/a><\/li>\n<li class=\"menu-item menu-item-type-post_type menu-item-object-page menu-item-2302\"><a href=\"https:\/\/www.etnosaari.fi\/site\/lasten-rumpuryhma\/\" class=\"elementor-item\">Lasten Rumpuryhm\u00e4<\/a><\/li>\n<li class=\"menu-item menu-item-type-post_type menu-item-object-page menu-item-1200\"><a href=\"https:\/\/www.etnosaari.fi\/site\/djemben-soiton-alkeet\/\" class=\"elementor-item\">Djemben soiton alkeet<\/a><\/li>\n<li class=\"menu-item menu-item-type-post_type menu-item-object-page menu-item-1645\"><a href=\"https:\/\/www.etnosaari.fi\/site\/afrikkalainen-rummunsoitto\/\" class=\"elementor-item\">Afrikkalainen rummunsoitto<\/a><\/li>\n<li class=\"menu-item menu-item-type-post_type menu-item-object-page menu-item-1644\"><a href=\"https:\/\/www.etnosaari.fi\/site\/swahilin-kieli-ja-kulttuuri\/\" class=\"elementor-item\">Swahilin kieli ja kulttuuri<\/a><\/li>\n<\/ul>\t\t\t<\/nav>\n\t\t\t\t\t<div class=\"elementor-menu-toggle\" role=\"button\" tabindex=\"0\" aria-label=\"Menu Toggle\" aria-expanded=\"false\">\n\t\t\t<i aria-hidden=\"true\" role=\"presentation\" class=\"elementor-menu-toggle__icon--open eicon-menu-bar\"><\/i><i aria-hidden=\"true\" role=\"presentation\" class=\"elementor-menu-toggle__icon--close eicon-close\"><\/i>\t\t<\/div>\n\t\t\t\t\t<nav class=\"elementor-nav-menu--dropdown elementor-nav-menu__container\" aria-hidden=\"true\">\n\t\t\t\t<ul id=\"menu-2-3094f299\" class=\"elementor-nav-menu\"><li class=\"menu-item menu-item-type-post_type menu-item-object-page menu-item-1191\"><a href=\"https:\/\/www.etnosaari.fi\/site\/afrobeat-afromix-lahti\/\" class=\"elementor-item\" tabindex=\"-1\">Afrobeats (Afro-mix), Lahti<\/a><\/li>\n<li class=\"menu-item menu-item-type-post_type menu-item-object-page menu-item-1593\"><a href=\"https:\/\/www.etnosaari.fi\/site\/afrobeats-askola\/\" class=\"elementor-item\" tabindex=\"-1\">Afrobeats (Afro-mix), Askola<\/a><\/li>\n<li class=\"menu-item menu-item-type-post_type menu-item-object-page menu-item-1190\"><a href=\"https:\/\/www.etnosaari.fi\/site\/afrotanssi-heimotanssi\/\" class=\"elementor-item\" tabindex=\"-1\">Afrotanssi (Heimotanssi)<\/a><\/li>\n<li class=\"menu-item menu-item-type-post_type menu-item-object-page menu-item-2302\"><a href=\"https:\/\/www.etnosaari.fi\/site\/lasten-rumpuryhma\/\" class=\"elementor-item\" tabindex=\"-1\">Lasten Rumpuryhm\u00e4<\/a><\/li>\n<li class=\"menu-item menu-item-type-post_type menu-item-object-page menu-item-1200\"><a href=\"https:\/\/www.etnosaari.fi\/site\/djemben-soiton-alkeet\/\" class=\"elementor-item\" tabindex=\"-1\">Djemben soiton alkeet<\/a><\/li>\n<li class=\"menu-item menu-item-type-post_type menu-item-object-page menu-item-1645\"><a href=\"https:\/\/www.etnosaari.fi\/site\/afrikkalainen-rummunsoitto\/\" class=\"elementor-item\" tabindex=\"-1\">Afrikkalainen rummunsoitto<\/a><\/li>\n<li class=\"menu-item menu-item-type-post_type menu-item-object-page menu-item-1644\"><a href=\"https:\/\/www.etnosaari.fi\/site\/swahilin-kieli-ja-kulttuuri\/\" class=\"elementor-item\" tabindex=\"-1\">Swahilin kieli ja kulttuuri<\/a><\/li>\n<\/ul>\t\t\t<\/nav>\n\t\t\t\t\t\t<\/div>\n\t\t\t\t<\/div>\n\t\t\t\t\t<\/div>\n\t\t<\/div>\n\t\t\t\t\t<\/div>\n\t\t<\/section>\n\t\t\t\t<section class=\"elementor-section elementor-top-section elementor-element elementor-element-5211f1ac elementor-section-full_width elementor-section-height-default elementor-section-height-default\" data-id=\"5211f1ac\" data-element_type=\"section\" data-settings=\"{&quot;background_background&quot;:&quot;classic&quot;}\">\n\t\t\t\t\t\t<div class=\"elementor-container elementor-column-gap-default\">\n\t\t\t\t\t<div class=\"elementor-column elementor-col-100 elementor-top-column elementor-element elementor-element-51c2eb2e\" data-id=\"51c2eb2e\" data-element_type=\"column\" data-settings=\"{&quot;background_background&quot;:&quot;classic&quot;}\">\n\t\t\t<div class=\"elementor-widget-wrap elementor-element-populated\">\n\t\t\t\t\t\t<div class=\"elementor-element elementor-element-5e89281d elementor-widget elementor-widget-heading\" data-id=\"5e89281d\" data-element_type=\"widget\" data-widget_type=\"heading.default\">\n\t\t\t\t<div class=\"elementor-widget-container\">\n\t\t\t\t\t<h2 class=\"elementor-heading-title elementor-size-default\">Lasten rumpuryhm\u00e4<\/h2>\t\t\t\t<\/div>\n\t\t\t\t<\/div>\n\t\t\t\t<div class=\"elementor-element elementor-element-1d110ee1 elementor-widget elementor-widget-heading\" data-id=\"1d110ee1\" data-element_type=\"widget\" data-widget_type=\"heading.default\">\n\t\t\t\t<div class=\"elementor-widget-container\">\n\t\t\t\t\t<h4 class=\"elementor-heading-title elementor-size-default\">Perjantaisin  klo 17.15-18.15 Etnosaari-tila Karjalankatu 25 15140 Lahti<\/h4>\t\t\t\t<\/div>\n\t\t\t\t<\/div>\n\t\t\t\t\t<\/div>\n\t\t<\/div>\n\t\t\t\t\t<\/div>\n\t\t<\/section>\n\t\t\t\t<section class=\"elementor-section elementor-top-section elementor-element elementor-element-fc3c219 elementor-section-boxed elementor-section-height-default elementor-section-height-default\" data-id=\"fc3c219\" data-element_type=\"section\">\n\t\t\t\t\t\t<div class=\"elementor-container elementor-column-gap-default\">\n\t\t\t\t\t<div class=\"elementor-column elementor-col-100 elementor-top-column elementor-element elementor-element-890d684\" data-id=\"890d684\" data-element_type=\"column\">\n\t\t\t<div class=\"elementor-widget-wrap elementor-element-populated\">\n\t\t\t\t\t\t<section class=\"elementor-section elementor-inner-section elementor-element elementor-element-5625c7c elementor-section-boxed elementor-section-height-default elementor-section-height-default\" data-id=\"5625c7c\" data-element_type=\"section\">\n\t\t\t\t\t\t<div class=\"elementor-container elementor-column-gap-default\">\n\t\t\t\t\t<div class=\"elementor-column elementor-col-33 elementor-inner-column elementor-element elementor-element-6330e91\" data-id=\"6330e91\" data-element_type=\"column\" data-settings=\"{&quot;background_background&quot;:&quot;classic&quot;}\">\n\t\t\t<div class=\"elementor-widget-wrap elementor-element-populated\">\n\t\t\t\t\t\t<div class=\"elementor-element elementor-element-8bb06e9 elementor-widget elementor-widget-text-editor\" data-id=\"8bb06e9\" data-element_type=\"widget\" data-widget_type=\"text-editor.default\">\n\t\t\t\t<div class=\"elementor-widget-container\">\n\t\t\t\t\t\t\t\t\t<p>\u00a0<\/p><p>(kurssi A) 6.3-15.5.2020 ( 35euroa)<\/p><p>\u00a0<\/p><p>\u00a0<\/p><p>Loma<\/p><p>(kurssi D) 5.8.-7.10.2020 ( 35 euroa)<\/p><p>\u00a0<\/p>\t\t\t\t\t\t\t\t<\/div>\n\t\t\t\t<\/div>\n\t\t\t\t\t<\/div>\n\t\t<\/div>\n\t\t\t\t<div class=\"elementor-column elementor-col-33 elementor-inner-column elementor-element elementor-element-471dfca\" data-id=\"471dfca\" data-element_type=\"column\" data-settings=\"{&quot;background_background&quot;:&quot;classic&quot;}\">\n\t\t\t<div class=\"elementor-widget-wrap elementor-element-populated\">\n\t\t\t\t\t\t<div class=\"elementor-element elementor-element-0e92d1e elementor-widget elementor-widget-video\" data-id=\"0e92d1e\" data-element_type=\"widget\" data-settings=\"{&quot;youtube_url&quot;:&quot;https:\\\/\\\/www.youtube.com\\\/watch?v=xydp9WozcbM&quot;,&quot;video_type&quot;:&quot;youtube&quot;,&quot;controls&quot;:&quot;yes&quot;}\" data-widget_type=\"video.default\">\n\t\t\t\t<div class=\"elementor-widget-container\">\n\t\t\t\t\t\t\t<div class=\"elementor-wrapper elementor-open-inline\">\n\t\t\t<div class=\"elementor-video\"><\/div>\t\t<\/div>\n\t\t\t\t\t\t<\/div>\n\t\t\t\t<\/div>\n\t\t\t\t<div class=\"elementor-element elementor-element-0edf81b elementor-widget elementor-widget-video\" data-id=\"0edf81b\" data-element_type=\"widget\" data-settings=\"{&quot;youtube_url&quot;:&quot;https:\\\/\\\/www.youtube.com\\\/watch?v=_bVb-wjZ2xQ&quot;,&quot;video_type&quot;:&quot;youtube&quot;,&quot;controls&quot;:&quot;yes&quot;}\" data-widget_type=\"video.default\">\n\t\t\t\t<div class=\"elementor-widget-container\">\n\t\t\t\t\t\t\t<div class=\"elementor-wrapper elementor-open-inline\">\n\t\t\t<div class=\"elementor-video\"><\/div>\t\t<\/div>\n\t\t\t\t\t\t<\/div>\n\t\t\t\t<\/div>\n\t\t\t\t<div class=\"elementor-element elementor-element-d4b5840 elementor-widget elementor-widget-video\" data-id=\"d4b5840\" data-element_type=\"widget\" data-settings=\"{&quot;youtube_url&quot;:&quot;https:\\\/\\\/www.youtube.com\\\/watch?v=7V4xte4JL8Y&quot;,&quot;video_type&quot;:&quot;youtube&quot;,&quot;controls&quot;:&quot;yes&quot;}\" data-widget_type=\"video.default\">\n\t\t\t\t<div class=\"elementor-widget-container\">\n\t\t\t\t\t\t\t<div class=\"elementor-wrapper elementor-open-inline\">\n\t\t\t<div class=\"elementor-video\"><\/div>\t\t<\/div>\n\t\t\t\t\t\t<\/div>\n\t\t\t\t<\/div>\n\t\t\t\t\t<\/div>\n\t\t<\/div>\n\t\t\t\t<div class=\"elementor-column elementor-col-33 elementor-inner-column elementor-element elementor-element-22025a1\" data-id=\"22025a1\" data-element_type=\"column\" data-settings=\"{&quot;background_background&quot;:&quot;classic&quot;}\">\n\t\t\t<div class=\"elementor-widget-wrap elementor-element-populated\">\n\t\t\t\t\t\t<div class=\"elementor-element elementor-element-53e878f elementor-widget elementor-widget-text-editor\" data-id=\"53e878f\" data-element_type=\"widget\" data-widget_type=\"text-editor.default\">\n\t\t\t\t<div class=\"elementor-widget-container\">\n\t\t\t\t\t\t\t\t\t<p><strong>Suunnattu 6-12 ik\u00e4isille<\/strong><\/p><p>Lasten rumpuryhmiss\u00e4 tutustutaan afrikkalaisten rytmien maailmaan. Rytmeihin yhdistell\u00e4\u00e4n liikett\u00e4, leikki\u00e4 ja laulua ja osallistujat voivat kokeilla rumpujen lis\u00e4ksi my\u00f6s muita instrumentteja.\u00a0<\/p><p>Opettajana ammatillinen opettaja Johnson Mluge<\/p><p>Et tarvitse aiempaa kokemusta.<\/p><p><a href=\"https:\/\/www.etnosaari.fi\/site\/kurssit-ilmoittautuminen\/\" target=\"_blank\" rel=\"noopener\">Tietoa kurssille ilmoittautumisesta saat Ilmoittautuminen-sivulla<\/a><\/p><p>Vasta kurssimaksun maksaminen vahvistaa paikkasi kurssilla.<\/p>\t\t\t\t\t\t\t\t<\/div>\n\t\t\t\t<\/div>\n\t\t\t\t\t<\/div>\n\t\t<\/div>\n\t\t\t\t\t<\/div>\n\t\t<\/section>\n\t\t\t\t\t<\/div>\n\t\t<\/div>\n\t\t\t\t\t<\/div>\n\t\t<\/section>\n\t\t\t\t<section class=\"elementor-section elementor-top-section elementor-element elementor-element-ae7e0ea elementor-section-boxed elementor-section-height-default elementor-section-height-default\" data-id=\"ae7e0ea\" data-element_type=\"section\">\n\t\t\t\t\t\t<div class=\"elementor-container elementor-column-gap-default\">\n\t\t\t\t\t<div class=\"elementor-column elementor-col-100 elementor-top-column elementor-element elementor-element-ead699a\" data-id=\"ead699a\" data-element_type=\"column\">\n\t\t\t<div class=\"elementor-widget-wrap elementor-element-populated\">\n\t\t\t\t\t\t<div class=\"elementor-element elementor-element-ce85196 elementor-widget elementor-widget-spacer\" data-id=\"ce85196\" data-element_type=\"widget\" data-widget_type=\"spacer.default\">\n\t\t\t\t<div class=\"elementor-widget-container\">\n\t\t\t\t\t\t\t<div class=\"elementor-spacer\">\n\t\t\t<div class=\"elementor-spacer-inner\"><\/div>\n\t\t<\/div>\n\t\t\t\t\t\t<\/div>\n\t\t\t\t<\/div>\n\t\t\t\t\t<\/div>\n\t\t<\/div>\n\t\t\t\t\t<\/div>\n\t\t<\/section>\n\t\t\t\t<section class=\"elementor-section elementor-top-section elementor-element elementor-element-e754644 elementor-section-boxed elementor-section-height-default elementor-section-height-default\" data-id=\"e754644\" data-element_type=\"section\" data-settings=\"{&quot;background_background&quot;:&quot;classic&quot;}\">\n\t\t\t\t\t\t<div class=\"elementor-container elementor-column-gap-default\">\n\t\t\t\t\t<div class=\"elementor-column elementor-col-100 elementor-top-column elementor-element elementor-element-eb4f076\" data-id=\"eb4f076\" data-element_type=\"column\" data-settings=\"{&quot;background_background&quot;:&quot;classic&quot;}\">\n\t\t\t<div class=\"elementor-widget-wrap elementor-element-populated\">\n\t\t\t\t\t\t<div class=\"elementor-element elementor-element-27afc73 elementor-widget elementor-widget-text-editor\" data-id=\"27afc73\" data-element_type=\"widget\" data-widget_type=\"text-editor.default\">\n\t\t\t\t<div class=\"elementor-widget-container\">\n\t\t\t\t\t\t\t\t\t<p style=\"text-align: center;\">Voit osallistua kertamaksulla 7 \u20ac. Kertamaksut maksetaan k\u00e4teisell\u00e4 ennen tunnin alkua.<\/p>\t\t\t\t\t\t\t\t<\/div>\n\t\t\t\t<\/div>\n\t\t\t\t\t<\/div>\n\t\t<\/div>\n\t\t\t\t\t<\/div>\n\t\t<\/section>\n\t\t\t\t<section class=\"elementor-section elementor-top-section elementor-element elementor-element-b837bdd elementor-section-boxed elementor-section-height-default elementor-section-height-default\" data-id=\"b837bdd\" data-element_type=\"section\" data-settings=\"{&quot;background_background&quot;:&quot;classic&quot;}\">\n\t\t\t\t\t\t<div class=\"elementor-container elementor-column-gap-default\">\n\t\t\t\t\t<div class=\"elementor-column elementor-col-100 elementor-top-column elementor-element elementor-element-c64fd0d\" data-id=\"c64fd0d\" data-element_type=\"column\" data-settings=\"{&quot;background_background&quot;:&quot;classic&quot;}\">\n\t\t\t<div class=\"elementor-widget-wrap elementor-element-populated\">\n\t\t\t\t\t\t\t<\/div>\n\t\t<\/div>\n\t\t\t\t\t<\/div>\n\t\t<\/section>\n\t\t\t\t<\/div>\n\t\t","protected":false},"excerpt":{"rendered":"<p>Lasten rumpuryhm\u00e4 Perjantaisin klo 17.15-18.15 Etnosaari-tila Karjalankatu 25 15140 Lahti \u00a0 (kurssi A) 6.3-15.5.2020 ( 35euroa) \u00a0 \u00a0 Loma (kurssi D) 5.8.-7.10.2020 ( 35 euroa) \u00a0 https:\/\/www.youtube.com\/watch?v=xydp9WozcbMhttps:\/\/www.youtube.com\/watch?v=_bVb-wjZ2xQhttps:\/\/www.youtube.com\/watch?v=7V4xte4JL8Y Suunnattu 6-12 ik\u00e4isille Lasten rumpuryhmiss\u00e4 tutustutaan afrikkalaisten rytmien maailmaan. Rytmeihin yhdistell\u00e4\u00e4n liikett\u00e4, leikki\u00e4 ja laulua ja osallistujat voivat kokeilla rumpujen lis\u00e4ksi my\u00f6s muita instrumentteja.\u00a0 Opettajana ammatillinen opettaja Johnson&hellip; <a class=\"more-link\" href=\"https:\/\/www.etnosaari.fi\/site\/lasten-rumpuryhma\/\">Continue reading <span class=\"screen-reader-text\">Lasten Rumpuryhm\u00e4<\/span><\/a><\/p>\n","protected":false},"author":1,"featured_media":0,"parent":0,"menu_order":0,"comment_status":"closed","ping_status":"closed","template":"","meta":{"footnotes":""},"class_list":["post-2297","page","type-page","status-publish","hentry","entry"],"_links":{"self":[{"href":"https:\/\/www.etnosaari.fi\/site\/wp-json\/wp\/v2\/pages\/2297","targetHints":{"allow":["GET"]}}],"collection":[{"href":"https:\/\/www.etnosaari.fi\/site\/wp-json\/wp\/v2\/pages"}],"about":[{"href":"https:\/\/www.etnosaari.fi\/site\/wp-json\/wp\/v2\/types\/page"}],"author":[{"embeddable":true,"href":"https:\/\/www.etnosaari.fi\/site\/wp-json\/wp\/v2\/users\/1"}],"replies":[{"embeddable":true,"href":"https:\/\/www.etnosaari.fi\/site\/wp-json\/wp\/v2\/comments?post=2297"}],"version-history":[{"count":58,"href":"https:\/\/www.etnosaari.fi\/site\/wp-json\/wp\/v2\/pages\/2297\/revisions"}],"predecessor-version":[{"id":4106,"href":"https:\/\/www.etnosaari.fi\/site\/wp-json\/wp\/v2\/pages\/2297\/revisions\/4106"}],"wp:attachment":[{"href":"https:\/\/www.etnosaari.fi\/site\/wp-json\/wp\/v2\/media?parent=2297"}],"curies":[{"name":"wp","href":"https:\/\/api.w.org\/{rel}","templated":true}]}}