{"id":1627,"date":"2018-12-06T17:12:09","date_gmt":"2018-12-06T17:12:09","guid":{"rendered":"https:\/\/www.etnosaari.fi\/site\/?page_id=1627"},"modified":"2020-09-19T14:48:39","modified_gmt":"2020-09-19T14:48:39","slug":"swahilin-kieli-ja-kulttuuri","status":"publish","type":"page","link":"https:\/\/www.etnosaari.fi\/site\/swahilin-kieli-ja-kulttuuri\/","title":{"rendered":"Swahilin kieli ja kulttuuri"},"content":{"rendered":"\t\t<div data-elementor-type=\"wp-post\" data-elementor-id=\"1627\" class=\"elementor elementor-1627 elementor-bc-flex-widget\" data-elementor-post-type=\"page\">\n\t\t\t\t\t\t<section class=\"elementor-section elementor-top-section elementor-element elementor-element-2dea451c elementor-section-full_width elementor-section-height-default elementor-section-height-default\" data-id=\"2dea451c\" data-element_type=\"section\" data-settings=\"{&quot;background_background&quot;:&quot;classic&quot;}\">\n\t\t\t\t\t\t<div class=\"elementor-container elementor-column-gap-default\">\n\t\t\t\t\t<div class=\"elementor-column elementor-col-100 elementor-top-column elementor-element elementor-element-3c3754d0\" data-id=\"3c3754d0\" data-element_type=\"column\" data-settings=\"{&quot;background_background&quot;:&quot;classic&quot;}\">\n\t\t\t<div class=\"elementor-widget-wrap elementor-element-populated\">\n\t\t\t\t\t\t<div class=\"elementor-element elementor-element-338689c6 elementor-nav-menu__align-center elementor-nav-menu--dropdown-mobile elementor-nav-menu__text-align-center elementor-nav-menu--toggle elementor-nav-menu--burger elementor-widget elementor-widget-nav-menu\" data-id=\"338689c6\" data-element_type=\"widget\" data-settings=\"{&quot;layout&quot;:&quot;horizontal&quot;,&quot;submenu_icon&quot;:{&quot;value&quot;:&quot;&lt;i class=\\&quot;fas fa-caret-down\\&quot;&gt;&lt;\\\/i&gt;&quot;,&quot;library&quot;:&quot;fa-solid&quot;},&quot;toggle&quot;:&quot;burger&quot;}\" data-widget_type=\"nav-menu.default\">\n\t\t\t\t<div class=\"elementor-widget-container\">\n\t\t\t\t\t\t\t\t<nav aria-label=\"Menu\" class=\"elementor-nav-menu--main elementor-nav-menu__container elementor-nav-menu--layout-horizontal e--pointer-background e--animation-fade\">\n\t\t\t\t<ul id=\"menu-1-338689c6\" class=\"elementor-nav-menu\"><li class=\"menu-item menu-item-type-post_type menu-item-object-page menu-item-1191\"><a href=\"https:\/\/www.etnosaari.fi\/site\/afrobeat-afromix-lahti\/\" class=\"elementor-item\">Afrobeats (Afro-mix), Lahti<\/a><\/li>\n<li class=\"menu-item menu-item-type-post_type menu-item-object-page menu-item-1593\"><a href=\"https:\/\/www.etnosaari.fi\/site\/afrobeats-askola\/\" class=\"elementor-item\">Afrobeats (Afro-mix), Askola<\/a><\/li>\n<li class=\"menu-item menu-item-type-post_type menu-item-object-page menu-item-1190\"><a href=\"https:\/\/www.etnosaari.fi\/site\/afrotanssi-heimotanssi\/\" class=\"elementor-item\">Afrotanssi (Heimotanssi)<\/a><\/li>\n<li class=\"menu-item menu-item-type-post_type menu-item-object-page menu-item-2302\"><a href=\"https:\/\/www.etnosaari.fi\/site\/lasten-rumpuryhma\/\" class=\"elementor-item\">Lasten Rumpuryhm\u00e4<\/a><\/li>\n<li class=\"menu-item menu-item-type-post_type menu-item-object-page menu-item-1200\"><a href=\"https:\/\/www.etnosaari.fi\/site\/djemben-soiton-alkeet\/\" class=\"elementor-item\">Djemben soiton alkeet<\/a><\/li>\n<li class=\"menu-item menu-item-type-post_type menu-item-object-page menu-item-1645\"><a href=\"https:\/\/www.etnosaari.fi\/site\/afrikkalainen-rummunsoitto\/\" class=\"elementor-item\">Afrikkalainen rummunsoitto<\/a><\/li>\n<li class=\"menu-item menu-item-type-post_type menu-item-object-page menu-item-1644\"><a href=\"https:\/\/www.etnosaari.fi\/site\/swahilin-kieli-ja-kulttuuri\/\" class=\"elementor-item\">Swahilin kieli ja kulttuuri<\/a><\/li>\n<\/ul>\t\t\t<\/nav>\n\t\t\t\t\t<div class=\"elementor-menu-toggle\" role=\"button\" tabindex=\"0\" aria-label=\"Menu Toggle\" aria-expanded=\"false\">\n\t\t\t<i aria-hidden=\"true\" role=\"presentation\" class=\"elementor-menu-toggle__icon--open eicon-menu-bar\"><\/i><i aria-hidden=\"true\" role=\"presentation\" class=\"elementor-menu-toggle__icon--close eicon-close\"><\/i>\t\t<\/div>\n\t\t\t\t\t<nav class=\"elementor-nav-menu--dropdown elementor-nav-menu__container\" aria-hidden=\"true\">\n\t\t\t\t<ul id=\"menu-2-338689c6\" class=\"elementor-nav-menu\"><li class=\"menu-item menu-item-type-post_type menu-item-object-page menu-item-1191\"><a href=\"https:\/\/www.etnosaari.fi\/site\/afrobeat-afromix-lahti\/\" class=\"elementor-item\" tabindex=\"-1\">Afrobeats (Afro-mix), Lahti<\/a><\/li>\n<li class=\"menu-item menu-item-type-post_type menu-item-object-page menu-item-1593\"><a href=\"https:\/\/www.etnosaari.fi\/site\/afrobeats-askola\/\" class=\"elementor-item\" tabindex=\"-1\">Afrobeats (Afro-mix), Askola<\/a><\/li>\n<li class=\"menu-item menu-item-type-post_type menu-item-object-page menu-item-1190\"><a href=\"https:\/\/www.etnosaari.fi\/site\/afrotanssi-heimotanssi\/\" class=\"elementor-item\" tabindex=\"-1\">Afrotanssi (Heimotanssi)<\/a><\/li>\n<li class=\"menu-item menu-item-type-post_type menu-item-object-page menu-item-2302\"><a href=\"https:\/\/www.etnosaari.fi\/site\/lasten-rumpuryhma\/\" class=\"elementor-item\" tabindex=\"-1\">Lasten Rumpuryhm\u00e4<\/a><\/li>\n<li class=\"menu-item menu-item-type-post_type menu-item-object-page menu-item-1200\"><a href=\"https:\/\/www.etnosaari.fi\/site\/djemben-soiton-alkeet\/\" class=\"elementor-item\" tabindex=\"-1\">Djemben soiton alkeet<\/a><\/li>\n<li class=\"menu-item menu-item-type-post_type menu-item-object-page menu-item-1645\"><a href=\"https:\/\/www.etnosaari.fi\/site\/afrikkalainen-rummunsoitto\/\" class=\"elementor-item\" tabindex=\"-1\">Afrikkalainen rummunsoitto<\/a><\/li>\n<li class=\"menu-item menu-item-type-post_type menu-item-object-page menu-item-1644\"><a href=\"https:\/\/www.etnosaari.fi\/site\/swahilin-kieli-ja-kulttuuri\/\" class=\"elementor-item\" tabindex=\"-1\">Swahilin kieli ja kulttuuri<\/a><\/li>\n<\/ul>\t\t\t<\/nav>\n\t\t\t\t\t\t<\/div>\n\t\t\t\t<\/div>\n\t\t\t\t\t<\/div>\n\t\t<\/div>\n\t\t\t\t\t<\/div>\n\t\t<\/section>\n\t\t\t\t<section class=\"elementor-section elementor-top-section elementor-element elementor-element-3e6c648f elementor-section-full_width elementor-section-height-default elementor-section-height-default\" data-id=\"3e6c648f\" data-element_type=\"section\" data-settings=\"{&quot;background_background&quot;:&quot;classic&quot;}\">\n\t\t\t\t\t\t<div class=\"elementor-container elementor-column-gap-default\">\n\t\t\t\t\t<div class=\"elementor-column elementor-col-100 elementor-top-column elementor-element elementor-element-7e3e7774\" data-id=\"7e3e7774\" data-element_type=\"column\" data-settings=\"{&quot;background_background&quot;:&quot;classic&quot;}\">\n\t\t\t<div class=\"elementor-widget-wrap elementor-element-populated\">\n\t\t\t\t\t\t<div class=\"elementor-element elementor-element-ae1048b elementor-widget elementor-widget-heading\" data-id=\"ae1048b\" data-element_type=\"widget\" data-widget_type=\"heading.default\">\n\t\t\t\t<div class=\"elementor-widget-container\">\n\t\t\t\t\t<h2 class=\"elementor-heading-title elementor-size-default\">Swahilin kieli ja kulttuuri, Lahti<\/h2>\t\t\t\t<\/div>\n\t\t\t\t<\/div>\n\t\t\t\t<div class=\"elementor-element elementor-element-363918 elementor-widget elementor-widget-heading\" data-id=\"363918\" data-element_type=\"widget\" data-widget_type=\"heading.default\">\n\t\t\t\t<div class=\"elementor-widget-container\">\n\t\t\t\t\t<h4 class=\"elementor-heading-title elementor-size-default\">Etnosaari-tila \nKarjalankatu 25\n15140 Lahti <\/h4>\t\t\t\t<\/div>\n\t\t\t\t<\/div>\n\t\t\t\t\t<\/div>\n\t\t<\/div>\n\t\t\t\t\t<\/div>\n\t\t<\/section>\n\t\t\t\t<section class=\"elementor-section elementor-top-section elementor-element elementor-element-e0946ce elementor-section-boxed elementor-section-height-default elementor-section-height-default\" data-id=\"e0946ce\" data-element_type=\"section\">\n\t\t\t\t\t\t<div class=\"elementor-container elementor-column-gap-default\">\n\t\t\t\t\t<div class=\"elementor-column elementor-col-100 elementor-top-column elementor-element elementor-element-2402d6b\" data-id=\"2402d6b\" data-element_type=\"column\">\n\t\t\t<div class=\"elementor-widget-wrap elementor-element-populated\">\n\t\t\t\t\t\t<section class=\"elementor-section elementor-inner-section elementor-element elementor-element-242ccd9 elementor-section-boxed elementor-section-height-default elementor-section-height-default\" data-id=\"242ccd9\" data-element_type=\"section\">\n\t\t\t\t\t\t<div class=\"elementor-container elementor-column-gap-default\">\n\t\t\t\t\t<div class=\"elementor-column elementor-col-33 elementor-inner-column elementor-element elementor-element-7ad43aa\" data-id=\"7ad43aa\" data-element_type=\"column\" data-settings=\"{&quot;background_background&quot;:&quot;classic&quot;}\">\n\t\t\t<div class=\"elementor-widget-wrap elementor-element-populated\">\n\t\t\t\t\t\t<div class=\"elementor-element elementor-element-a444e12 elementor-widget elementor-widget-text-editor\" data-id=\"a444e12\" data-element_type=\"widget\" data-widget_type=\"text-editor.default\">\n\t\t\t\t<div class=\"elementor-widget-container\">\n\t\t\t\t\t\t\t\t\t<p>Tiistaisin 18.8.-20.10. 2015 klo 16.30 &#8211; 18.00<\/p><p>Etnosaari-sali<br \/>Karjalankatu 25<br \/>15140 Lahti<\/p><p>Kurssimaksu 62 euroa<\/p><p>\u00a0<\/p><p>(kurssi A) 29.8.-31.10.2018 ( 60euroa)<\/p><p>(kurssi B) 29.8.-31.10.2018 (60 euroa)<\/p><p>(kurssi C) 29.8.-31.10.2018 ( 60 euroa)<\/p><p>Loma<\/p><p>(kurssi D) 29.8.-31.10.2018 ( 60 euroa)<\/p><p>(kurssi E) 29.8.-31.10.2018 ( 60euroa)<\/p>\t\t\t\t\t\t\t\t<\/div>\n\t\t\t\t<\/div>\n\t\t\t\t\t<\/div>\n\t\t<\/div>\n\t\t\t\t<div class=\"elementor-column elementor-col-33 elementor-inner-column elementor-element elementor-element-0baff07\" data-id=\"0baff07\" data-element_type=\"column\" data-settings=\"{&quot;background_background&quot;:&quot;classic&quot;}\">\n\t\t\t<div class=\"elementor-widget-wrap elementor-element-populated\">\n\t\t\t\t\t\t<div class=\"elementor-element elementor-element-2f514db elementor-widget elementor-widget-image\" data-id=\"2f514db\" data-element_type=\"widget\" data-widget_type=\"image.default\">\n\t\t\t\t<div class=\"elementor-widget-container\">\n\t\t\t\t\t\t\t\t\t\t\t\t\t\t\t<img decoding=\"async\" width=\"220\" height=\"225\" src=\"https:\/\/www.etnosaari.fi\/site\/wp-content\/uploads\/2018\/11\/jambo.jpeg?v=1625463651\" class=\"attachment-large size-large wp-image-1153\" alt=\"\" style=\"width:100%;height:102.27%;max-width:220px\" \/>\t\t\t\t\t\t\t\t\t\t\t\t\t\t\t<\/div>\n\t\t\t\t<\/div>\n\t\t\t\t<div class=\"elementor-element elementor-element-808c5d1 elementor-widget elementor-widget-image\" data-id=\"808c5d1\" data-element_type=\"widget\" data-widget_type=\"image.default\">\n\t\t\t\t<div class=\"elementor-widget-container\">\n\t\t\t\t\t\t\t\t\t\t\t\t\t\t\t<img fetchpriority=\"high\" decoding=\"async\" width=\"260\" height=\"388\" src=\"https:\/\/www.etnosaari.fi\/site\/wp-content\/uploads\/2019\/03\/swahili.jpg?v=1625463308\" class=\"attachment-large size-large wp-image-3109\" alt=\"\" srcset=\"https:\/\/www.etnosaari.fi\/site\/wp-content\/uploads\/2019\/03\/swahili.jpg?v=1625463308 260w, https:\/\/www.etnosaari.fi\/site\/wp-content\/uploads\/2019\/03\/swahili-201x300.jpg?v=1625463308 201w\" sizes=\"(max-width: 260px) 100vw, 260px\" style=\"width:100%;height:149.23%;max-width:260px\" \/>\t\t\t\t\t\t\t\t\t\t\t\t\t\t\t<\/div>\n\t\t\t\t<\/div>\n\t\t\t\t\t<\/div>\n\t\t<\/div>\n\t\t\t\t<div class=\"elementor-column elementor-col-33 elementor-inner-column elementor-element elementor-element-b63e331\" data-id=\"b63e331\" data-element_type=\"column\" data-settings=\"{&quot;background_background&quot;:&quot;classic&quot;}\">\n\t\t\t<div class=\"elementor-widget-wrap elementor-element-populated\">\n\t\t\t\t\t\t<div class=\"elementor-element elementor-element-4ce009e elementor-widget elementor-widget-text-editor\" data-id=\"4ce009e\" data-element_type=\"widget\" data-widget_type=\"text-editor.default\">\n\t\t\t\t<div class=\"elementor-widget-container\">\n\t\t\t\t\t\t\t\t\t<p>Kurssin aikana tutustumme It\u00e4-Afrikan rannikkoalueella puhuttavan swahilin kieleen ja alueella vallitsevaan kulttuuriin. Opetuksessa painotetaan kommunikointia tyypillisiss\u00e4 arkip\u00e4iv\u00e4isiss\u00e4 tilanteissa kuten tien kysymist\u00e4, torilla tai pankissa asioimista ja muita kohtaamisia paikallisten ihmisten kanssa. Tutustumme my\u00f6s kulttuurialueen el\u00e4m\u00e4ntapaan, arkeen, tapoihin ja arvoihin. Kurssi sopii kenelle tahasa swahili-kulttuurista kiinnostuneelle. Tervetulleita ovat niin kielen alkeista l\u00e4htev\u00e4t kuin jo swahilia hieman osaavatkin. Suomalaisten on usein helppo omaksua kieli, sill\u00e4 se \u00e4\u00e4nnet\u00e4\u00e4n ja kirjoitetaan kuten oma kielemme<\/p><p>Swahili on bantukieli, jota puhutaan mm. Keniassa, Tansaniassa, Ugandassa ja Kongon demokraattisessa tasavallassa.<\/p><p>Kielen opetuksen tukena k\u00e4ytet\u00e4\u00e4n Mambo vipi? -kirjaa ja opettajan omaa materiaalia. Omaa kurssikirjaa et v\u00e4ltt\u00e4m\u00e4tt\u00e4 tarvitse.<\/p><p>Opettajana tansanialainen ammatillinen opettaja Johnson Mluge.<\/p><p><a href=\"https:\/\/www.etnosaari.fi\/site\/kurssit-ilmoittautuminen\/\" target=\"_blank\" rel=\"noopener\">Tietoa kurssille ilmoittautumisesta saat Ilmoittautuminen-sivulla<\/a><\/p><p>Vasta kurssimaksun maksaminen vahvistaa paikkasi kurssilla.<\/p>\t\t\t\t\t\t\t\t<\/div>\n\t\t\t\t<\/div>\n\t\t\t\t\t<\/div>\n\t\t<\/div>\n\t\t\t\t\t<\/div>\n\t\t<\/section>\n\t\t\t\t\t<\/div>\n\t\t<\/div>\n\t\t\t\t\t<\/div>\n\t\t<\/section>\n\t\t\t\t<section class=\"elementor-section elementor-top-section elementor-element elementor-element-6fadc08 elementor-section-boxed elementor-section-height-default elementor-section-height-default\" data-id=\"6fadc08\" data-element_type=\"section\">\n\t\t\t\t\t\t<div class=\"elementor-container elementor-column-gap-default\">\n\t\t\t\t\t<div class=\"elementor-column elementor-col-100 elementor-top-column elementor-element elementor-element-509a7c7\" data-id=\"509a7c7\" data-element_type=\"column\">\n\t\t\t<div class=\"elementor-widget-wrap elementor-element-populated\">\n\t\t\t\t\t\t<div class=\"elementor-element elementor-element-1ac28ae elementor-widget elementor-widget-spacer\" data-id=\"1ac28ae\" data-element_type=\"widget\" data-widget_type=\"spacer.default\">\n\t\t\t\t<div class=\"elementor-widget-container\">\n\t\t\t\t\t\t\t<div class=\"elementor-spacer\">\n\t\t\t<div class=\"elementor-spacer-inner\"><\/div>\n\t\t<\/div>\n\t\t\t\t\t\t<\/div>\n\t\t\t\t<\/div>\n\t\t\t\t\t<\/div>\n\t\t<\/div>\n\t\t\t\t\t<\/div>\n\t\t<\/section>\n\t\t\t\t<section class=\"elementor-section elementor-top-section elementor-element elementor-element-919377a elementor-section-boxed elementor-section-height-default elementor-section-height-default\" data-id=\"919377a\" data-element_type=\"section\" data-settings=\"{&quot;background_background&quot;:&quot;classic&quot;}\">\n\t\t\t\t\t\t<div class=\"elementor-container elementor-column-gap-default\">\n\t\t\t\t\t<div class=\"elementor-column elementor-col-100 elementor-top-column elementor-element elementor-element-0023db3\" data-id=\"0023db3\" data-element_type=\"column\" data-settings=\"{&quot;background_background&quot;:&quot;classic&quot;}\">\n\t\t\t<div class=\"elementor-widget-wrap elementor-element-populated\">\n\t\t\t\t\t\t\t<\/div>\n\t\t<\/div>\n\t\t\t\t\t<\/div>\n\t\t<\/section>\n\t\t\t\t<\/div>\n\t\t","protected":false},"excerpt":{"rendered":"<p>Swahilin kieli ja kulttuuri, Lahti Etnosaari-tila Karjalankatu 25 15140 Lahti Tiistaisin 18.8.-20.10. 2015 klo 16.30 &#8211; 18.00 Etnosaari-sali Karjalankatu 25 15140 Lahti Kurssimaksu 62 euroa (kurssi A) 29.8.-31.10.2018 ( 60euroa) (kurssi B) 29.8.-31.10.2018 (60 euroa) (kurssi C) 29.8.-31.10.2018 ( 60 euroa) Loma (kurssi D) 29.8.-31.10.2018 ( 60 euroa) (kurssi E) 29.8.-31.10.2018 ( 60euroa) Kurssin aikana&hellip; <a class=\"more-link\" href=\"https:\/\/www.etnosaari.fi\/site\/swahilin-kieli-ja-kulttuuri\/\">Continue reading <span class=\"screen-reader-text\">Swahilin kieli ja kulttuuri<\/span><\/a><\/p>\n","protected":false},"author":1,"featured_media":0,"parent":0,"menu_order":0,"comment_status":"closed","ping_status":"closed","template":"","meta":{"footnotes":""},"class_list":["post-1627","page","type-page","status-publish","hentry","entry"],"_links":{"self":[{"href":"https:\/\/www.etnosaari.fi\/site\/wp-json\/wp\/v2\/pages\/1627","targetHints":{"allow":["GET"]}}],"collection":[{"href":"https:\/\/www.etnosaari.fi\/site\/wp-json\/wp\/v2\/pages"}],"about":[{"href":"https:\/\/www.etnosaari.fi\/site\/wp-json\/wp\/v2\/types\/page"}],"author":[{"embeddable":true,"href":"https:\/\/www.etnosaari.fi\/site\/wp-json\/wp\/v2\/users\/1"}],"replies":[{"embeddable":true,"href":"https:\/\/www.etnosaari.fi\/site\/wp-json\/wp\/v2\/comments?post=1627"}],"version-history":[{"count":41,"href":"https:\/\/www.etnosaari.fi\/site\/wp-json\/wp\/v2\/pages\/1627\/revisions"}],"predecessor-version":[{"id":4556,"href":"https:\/\/www.etnosaari.fi\/site\/wp-json\/wp\/v2\/pages\/1627\/revisions\/4556"}],"wp:attachment":[{"href":"https:\/\/www.etnosaari.fi\/site\/wp-json\/wp\/v2\/media?parent=1627"}],"curies":[{"name":"wp","href":"https:\/\/api.w.org\/{rel}","templated":true}]}}