{"id":1586,"date":"2018-12-06T11:21:28","date_gmt":"2018-12-06T11:21:28","guid":{"rendered":"https:\/\/www.etnosaari.fi\/site\/?page_id=1586"},"modified":"2020-10-06T14:03:46","modified_gmt":"2020-10-06T14:03:46","slug":"afrobeats-askola","status":"publish","type":"page","link":"https:\/\/www.etnosaari.fi\/site\/afrobeats-askola\/","title":{"rendered":"Afrobeats (Afro-mix), Askola"},"content":{"rendered":"\t\t<div data-elementor-type=\"wp-post\" data-elementor-id=\"1586\" class=\"elementor elementor-1586\" data-elementor-post-type=\"page\">\n\t\t\t\t\t\t<section class=\"elementor-section elementor-top-section elementor-element elementor-element-78a9b178 elementor-section-full_width elementor-section-height-default elementor-section-height-default\" data-id=\"78a9b178\" data-element_type=\"section\" data-settings=\"{&quot;background_background&quot;:&quot;classic&quot;}\">\n\t\t\t\t\t\t<div class=\"elementor-container elementor-column-gap-default\">\n\t\t\t\t\t<div class=\"elementor-column elementor-col-100 elementor-top-column elementor-element elementor-element-49f7e2cb\" data-id=\"49f7e2cb\" data-element_type=\"column\" data-settings=\"{&quot;background_background&quot;:&quot;classic&quot;}\">\n\t\t\t<div class=\"elementor-widget-wrap elementor-element-populated\">\n\t\t\t\t\t\t<div class=\"elementor-element elementor-element-312a37b9 elementor-nav-menu__align-center elementor-nav-menu--dropdown-mobile elementor-nav-menu__text-align-center elementor-nav-menu--toggle elementor-nav-menu--burger elementor-widget elementor-widget-nav-menu\" data-id=\"312a37b9\" data-element_type=\"widget\" data-settings=\"{&quot;layout&quot;:&quot;horizontal&quot;,&quot;submenu_icon&quot;:{&quot;value&quot;:&quot;&lt;i class=\\&quot;fas fa-caret-down\\&quot;&gt;&lt;\\\/i&gt;&quot;,&quot;library&quot;:&quot;fa-solid&quot;},&quot;toggle&quot;:&quot;burger&quot;}\" data-widget_type=\"nav-menu.default\">\n\t\t\t\t<div class=\"elementor-widget-container\">\n\t\t\t\t\t\t\t\t<nav aria-label=\"Menu\" class=\"elementor-nav-menu--main elementor-nav-menu__container elementor-nav-menu--layout-horizontal e--pointer-background e--animation-fade\">\n\t\t\t\t<ul id=\"menu-1-312a37b9\" class=\"elementor-nav-menu\"><li class=\"menu-item menu-item-type-post_type menu-item-object-page menu-item-1191\"><a href=\"https:\/\/www.etnosaari.fi\/site\/afrobeat-afromix-lahti\/\" class=\"elementor-item\">Afrobeats (Afro-mix), Lahti<\/a><\/li>\n<li class=\"menu-item menu-item-type-post_type menu-item-object-page menu-item-1593\"><a href=\"https:\/\/www.etnosaari.fi\/site\/afrobeats-askola\/\" class=\"elementor-item\">Afrobeats (Afro-mix), Askola<\/a><\/li>\n<li class=\"menu-item menu-item-type-post_type menu-item-object-page menu-item-1190\"><a href=\"https:\/\/www.etnosaari.fi\/site\/afrotanssi-heimotanssi\/\" class=\"elementor-item\">Afrotanssi (Heimotanssi)<\/a><\/li>\n<li class=\"menu-item menu-item-type-post_type menu-item-object-page menu-item-2302\"><a href=\"https:\/\/www.etnosaari.fi\/site\/lasten-rumpuryhma\/\" class=\"elementor-item\">Lasten Rumpuryhm\u00e4<\/a><\/li>\n<li class=\"menu-item menu-item-type-post_type menu-item-object-page menu-item-1200\"><a href=\"https:\/\/www.etnosaari.fi\/site\/djemben-soiton-alkeet\/\" class=\"elementor-item\">Djemben soiton alkeet<\/a><\/li>\n<li class=\"menu-item menu-item-type-post_type menu-item-object-page menu-item-1645\"><a href=\"https:\/\/www.etnosaari.fi\/site\/afrikkalainen-rummunsoitto\/\" class=\"elementor-item\">Afrikkalainen rummunsoitto<\/a><\/li>\n<li class=\"menu-item menu-item-type-post_type menu-item-object-page menu-item-1644\"><a href=\"https:\/\/www.etnosaari.fi\/site\/swahilin-kieli-ja-kulttuuri\/\" class=\"elementor-item\">Swahilin kieli ja kulttuuri<\/a><\/li>\n<\/ul>\t\t\t<\/nav>\n\t\t\t\t\t<div class=\"elementor-menu-toggle\" role=\"button\" tabindex=\"0\" aria-label=\"Menu Toggle\" aria-expanded=\"false\">\n\t\t\t<i aria-hidden=\"true\" role=\"presentation\" class=\"elementor-menu-toggle__icon--open eicon-menu-bar\"><\/i><i aria-hidden=\"true\" role=\"presentation\" class=\"elementor-menu-toggle__icon--close eicon-close\"><\/i>\t\t<\/div>\n\t\t\t\t\t<nav class=\"elementor-nav-menu--dropdown elementor-nav-menu__container\" aria-hidden=\"true\">\n\t\t\t\t<ul id=\"menu-2-312a37b9\" class=\"elementor-nav-menu\"><li class=\"menu-item menu-item-type-post_type menu-item-object-page menu-item-1191\"><a href=\"https:\/\/www.etnosaari.fi\/site\/afrobeat-afromix-lahti\/\" class=\"elementor-item\" tabindex=\"-1\">Afrobeats (Afro-mix), Lahti<\/a><\/li>\n<li class=\"menu-item menu-item-type-post_type menu-item-object-page menu-item-1593\"><a href=\"https:\/\/www.etnosaari.fi\/site\/afrobeats-askola\/\" class=\"elementor-item\" tabindex=\"-1\">Afrobeats (Afro-mix), Askola<\/a><\/li>\n<li class=\"menu-item menu-item-type-post_type menu-item-object-page menu-item-1190\"><a href=\"https:\/\/www.etnosaari.fi\/site\/afrotanssi-heimotanssi\/\" class=\"elementor-item\" tabindex=\"-1\">Afrotanssi (Heimotanssi)<\/a><\/li>\n<li class=\"menu-item menu-item-type-post_type menu-item-object-page menu-item-2302\"><a href=\"https:\/\/www.etnosaari.fi\/site\/lasten-rumpuryhma\/\" class=\"elementor-item\" tabindex=\"-1\">Lasten Rumpuryhm\u00e4<\/a><\/li>\n<li class=\"menu-item menu-item-type-post_type menu-item-object-page menu-item-1200\"><a href=\"https:\/\/www.etnosaari.fi\/site\/djemben-soiton-alkeet\/\" class=\"elementor-item\" tabindex=\"-1\">Djemben soiton alkeet<\/a><\/li>\n<li class=\"menu-item menu-item-type-post_type menu-item-object-page menu-item-1645\"><a href=\"https:\/\/www.etnosaari.fi\/site\/afrikkalainen-rummunsoitto\/\" class=\"elementor-item\" tabindex=\"-1\">Afrikkalainen rummunsoitto<\/a><\/li>\n<li class=\"menu-item menu-item-type-post_type menu-item-object-page menu-item-1644\"><a href=\"https:\/\/www.etnosaari.fi\/site\/swahilin-kieli-ja-kulttuuri\/\" class=\"elementor-item\" tabindex=\"-1\">Swahilin kieli ja kulttuuri<\/a><\/li>\n<\/ul>\t\t\t<\/nav>\n\t\t\t\t\t\t<\/div>\n\t\t\t\t<\/div>\n\t\t\t\t\t<\/div>\n\t\t<\/div>\n\t\t\t\t\t<\/div>\n\t\t<\/section>\n\t\t\t\t<section class=\"elementor-section elementor-top-section elementor-element elementor-element-2f401789 elementor-section-full_width elementor-section-height-default elementor-section-height-default\" data-id=\"2f401789\" data-element_type=\"section\" data-settings=\"{&quot;background_background&quot;:&quot;classic&quot;}\">\n\t\t\t\t\t\t<div class=\"elementor-container elementor-column-gap-default\">\n\t\t\t\t\t<div class=\"elementor-column elementor-col-100 elementor-top-column elementor-element elementor-element-c3cafe\" data-id=\"c3cafe\" data-element_type=\"column\" data-settings=\"{&quot;background_background&quot;:&quot;classic&quot;}\">\n\t\t\t<div class=\"elementor-widget-wrap elementor-element-populated\">\n\t\t\t\t\t\t<div class=\"elementor-element elementor-element-3a6c6f69 elementor-widget elementor-widget-heading\" data-id=\"3a6c6f69\" data-element_type=\"widget\" data-widget_type=\"heading.default\">\n\t\t\t\t<div class=\"elementor-widget-container\">\n\t\t\t\t\t<h2 class=\"elementor-heading-title elementor-size-default\">Afrobeats (Afro-mix), Askola<\/h2>\t\t\t\t<\/div>\n\t\t\t\t<\/div>\n\t\t\t\t<div class=\"elementor-element elementor-element-64b38a elementor-widget elementor-widget-heading\" data-id=\"64b38a\" data-element_type=\"widget\" data-widget_type=\"heading.default\">\n\t\t\t\t<div class=\"elementor-widget-container\">\n\t\t\t\t\t<h4 class=\"elementor-heading-title elementor-size-default\">Tiistaisin klo 19.00-20.00 Helkam\u00e4ki, Helkam\u00e4entie 34 07230 Monninkyl\u00e4<\/h4>\t\t\t\t<\/div>\n\t\t\t\t<\/div>\n\t\t\t\t\t<\/div>\n\t\t<\/div>\n\t\t\t\t\t<\/div>\n\t\t<\/section>\n\t\t\t\t<section class=\"elementor-section elementor-top-section elementor-element elementor-element-ce1c51c elementor-section-boxed elementor-section-height-default elementor-section-height-default\" data-id=\"ce1c51c\" data-element_type=\"section\">\n\t\t\t\t\t\t<div class=\"elementor-container elementor-column-gap-default\">\n\t\t\t\t\t<div class=\"elementor-column elementor-col-100 elementor-top-column elementor-element elementor-element-0504ba2\" data-id=\"0504ba2\" data-element_type=\"column\">\n\t\t\t<div class=\"elementor-widget-wrap elementor-element-populated\">\n\t\t\t\t\t\t<section class=\"elementor-section elementor-inner-section elementor-element elementor-element-2e4ea3f elementor-section-boxed elementor-section-height-default elementor-section-height-default\" data-id=\"2e4ea3f\" data-element_type=\"section\">\n\t\t\t\t\t\t<div class=\"elementor-container elementor-column-gap-default\">\n\t\t\t\t\t<div class=\"elementor-column elementor-col-33 elementor-inner-column elementor-element elementor-element-7a81618\" data-id=\"7a81618\" data-element_type=\"column\" data-settings=\"{&quot;background_background&quot;:&quot;classic&quot;}\">\n\t\t\t<div class=\"elementor-widget-wrap elementor-element-populated\">\n\t\t\t\t\t\t<div class=\"elementor-element elementor-element-f5e624b elementor-widget elementor-widget-text-editor\" data-id=\"f5e624b\" data-element_type=\"widget\" data-widget_type=\"text-editor.default\">\n\t\t\t\t<div class=\"elementor-widget-container\">\n\t\t\t\t\t\t\t\t\t<p>(kurssi A) 14.1.-24.3.2020 ( 80 euroa)<\/p><p>(kurssi B) 21.4-23.6.2020 (80 euroa)<\/p><p>Loma<\/p><p>(kurssi D) ?<\/p><p>(kurssi E) 6.10.-8-12.2020 ( 80 euroa)<\/p><p>Lapset (alle 14 v.) 40 euroa<\/p>\t\t\t\t\t\t\t\t<\/div>\n\t\t\t\t<\/div>\n\t\t\t\t\t<\/div>\n\t\t<\/div>\n\t\t\t\t<div class=\"elementor-column elementor-col-33 elementor-inner-column elementor-element elementor-element-f1412ef\" data-id=\"f1412ef\" data-element_type=\"column\" data-settings=\"{&quot;background_background&quot;:&quot;classic&quot;}\">\n\t\t\t<div class=\"elementor-widget-wrap elementor-element-populated\">\n\t\t\t\t\t\t<div class=\"elementor-element elementor-element-60aed78 elementor-widget elementor-widget-video\" data-id=\"60aed78\" data-element_type=\"widget\" data-settings=\"{&quot;youtube_url&quot;:&quot;https:\\\/\\\/www.youtube.com\\\/watch?v=QJgwF_9cl1M&quot;,&quot;video_type&quot;:&quot;youtube&quot;,&quot;controls&quot;:&quot;yes&quot;}\" data-widget_type=\"video.default\">\n\t\t\t\t<div class=\"elementor-widget-container\">\n\t\t\t\t\t\t\t<div class=\"elementor-wrapper elementor-open-inline\">\n\t\t\t<div class=\"elementor-video\"><\/div>\t\t<\/div>\n\t\t\t\t\t\t<\/div>\n\t\t\t\t<\/div>\n\t\t\t\t<div class=\"elementor-element elementor-element-f7c3e90 elementor-widget elementor-widget-video\" data-id=\"f7c3e90\" data-element_type=\"widget\" data-settings=\"{&quot;youtube_url&quot;:&quot;https:\\\/\\\/www.youtube.com\\\/watch?v=A42tdw0nRBQ&quot;,&quot;video_type&quot;:&quot;youtube&quot;,&quot;controls&quot;:&quot;yes&quot;}\" data-widget_type=\"video.default\">\n\t\t\t\t<div class=\"elementor-widget-container\">\n\t\t\t\t\t\t\t<div class=\"elementor-wrapper elementor-open-inline\">\n\t\t\t<div class=\"elementor-video\"><\/div>\t\t<\/div>\n\t\t\t\t\t\t<\/div>\n\t\t\t\t<\/div>\n\t\t\t\t<div class=\"elementor-element elementor-element-e4730f3 elementor-widget elementor-widget-video\" data-id=\"e4730f3\" data-element_type=\"widget\" data-settings=\"{&quot;youtube_url&quot;:&quot;https:\\\/\\\/www.youtube.com\\\/watch?v=b63ZqAL0MfI&quot;,&quot;video_type&quot;:&quot;youtube&quot;,&quot;controls&quot;:&quot;yes&quot;}\" data-widget_type=\"video.default\">\n\t\t\t\t<div class=\"elementor-widget-container\">\n\t\t\t\t\t\t\t<div class=\"elementor-wrapper elementor-open-inline\">\n\t\t\t<div class=\"elementor-video\"><\/div>\t\t<\/div>\n\t\t\t\t\t\t<\/div>\n\t\t\t\t<\/div>\n\t\t\t\t\t<\/div>\n\t\t<\/div>\n\t\t\t\t<div class=\"elementor-column elementor-col-33 elementor-inner-column elementor-element elementor-element-a0676c9\" data-id=\"a0676c9\" data-element_type=\"column\" data-settings=\"{&quot;background_background&quot;:&quot;classic&quot;}\">\n\t\t\t<div class=\"elementor-widget-wrap elementor-element-populated\">\n\t\t\t\t\t\t<div class=\"elementor-element elementor-element-afb8504 elementor-widget elementor-widget-text-editor\" data-id=\"afb8504\" data-element_type=\"widget\" data-widget_type=\"text-editor.default\">\n\t\t\t\t<div class=\"elementor-widget-container\">\n\t\t\t\t\t\t\t\t\t<p>Kurssilla opetellaan afrikkalaisia pop-tanssityylej\u00e4, kuten bongo flavaa, kwaitoa, soukousta ja ndomboloa.<\/p><p>Moderni afrikkalainen tanssi on hauskaa, energist\u00e4 ja fyysist\u00e4 ja keinuvat lantioliikkeet ovat sille ominaisia. Pirte\u00e4 musiikki ja rento meininki saavat iloiselle tuulelle. Afro-mix sopii kaikille afrikkalaisesta tanssista, musiikista ja kulttuurista kiinnostuneelle.<\/p><p>Opettajana ammatillinen opettaja Johnson Mluge<\/p><p>Et tarvitse aiempaa kokemusta.<\/p><p><a href=\"https:\/\/www.etnosaari.fi\/site\/kurssit-ilmoittautuminen\/\" target=\"_blank\" rel=\"noopener\">Tietoa kurssille ilmoittautumisesta saat Ilmoittautuminen-sivulla<\/a><\/p><p>Vasta kurssimaksun maksaminen vahvistaa paikkasi kurssilla.<\/p>\t\t\t\t\t\t\t\t<\/div>\n\t\t\t\t<\/div>\n\t\t\t\t\t<\/div>\n\t\t<\/div>\n\t\t\t\t\t<\/div>\n\t\t<\/section>\n\t\t\t\t\t<\/div>\n\t\t<\/div>\n\t\t\t\t\t<\/div>\n\t\t<\/section>\n\t\t\t\t<section class=\"elementor-section elementor-top-section elementor-element elementor-element-b969b09 elementor-section-boxed elementor-section-height-default elementor-section-height-default\" data-id=\"b969b09\" data-element_type=\"section\">\n\t\t\t\t\t\t<div class=\"elementor-container elementor-column-gap-default\">\n\t\t\t\t\t<div class=\"elementor-column elementor-col-100 elementor-top-column elementor-element elementor-element-5e0853d\" data-id=\"5e0853d\" data-element_type=\"column\">\n\t\t\t<div class=\"elementor-widget-wrap elementor-element-populated\">\n\t\t\t\t\t\t<div class=\"elementor-element elementor-element-dc86ee3 elementor-widget elementor-widget-spacer\" data-id=\"dc86ee3\" data-element_type=\"widget\" data-widget_type=\"spacer.default\">\n\t\t\t\t<div class=\"elementor-widget-container\">\n\t\t\t\t\t\t\t<div class=\"elementor-spacer\">\n\t\t\t<div class=\"elementor-spacer-inner\"><\/div>\n\t\t<\/div>\n\t\t\t\t\t\t<\/div>\n\t\t\t\t<\/div>\n\t\t\t\t\t<\/div>\n\t\t<\/div>\n\t\t\t\t\t<\/div>\n\t\t<\/section>\n\t\t\t\t<section class=\"elementor-section elementor-top-section elementor-element elementor-element-a23a084 elementor-section-boxed elementor-section-height-default elementor-section-height-default\" data-id=\"a23a084\" data-element_type=\"section\" data-settings=\"{&quot;background_background&quot;:&quot;classic&quot;}\">\n\t\t\t\t\t\t<div class=\"elementor-container elementor-column-gap-default\">\n\t\t\t\t\t<div class=\"elementor-column elementor-col-100 elementor-top-column elementor-element elementor-element-6376396\" data-id=\"6376396\" data-element_type=\"column\" data-settings=\"{&quot;background_background&quot;:&quot;classic&quot;}\">\n\t\t\t<div class=\"elementor-widget-wrap elementor-element-populated\">\n\t\t\t\t\t\t<div class=\"elementor-element elementor-element-e17e914 elementor-widget elementor-widget-text-editor\" data-id=\"e17e914\" data-element_type=\"widget\" data-widget_type=\"text-editor.default\">\n\t\t\t\t<div class=\"elementor-widget-container\">\n\t\t\t\t\t\t\t\t\t<p>(75 euroa Etnosaaren esiintyv\u00e4n ryhm\u00e4n j\u00e4senille sek\u00e4\u00a0 facebook-ryhm\u00e4ss\u00e4 oleville asiakkaille.)<\/p><p style=\"text-align: center;\">Voit osallistua kertamaksulla 10\u20ac\/t. Kertamaksut maksetaan k\u00e4teisell\u00e4 ennen tunnin alkua.<\/p><p style=\"text-align: center;\">Kokeilukerta uusille maksuton! Tervetuloa!<\/p>\t\t\t\t\t\t\t\t<\/div>\n\t\t\t\t<\/div>\n\t\t\t\t\t<\/div>\n\t\t<\/div>\n\t\t\t\t\t<\/div>\n\t\t<\/section>\n\t\t\t\t<section class=\"elementor-section elementor-top-section elementor-element elementor-element-e0193f6 elementor-section-boxed elementor-section-height-default elementor-section-height-default\" data-id=\"e0193f6\" data-element_type=\"section\" data-settings=\"{&quot;background_background&quot;:&quot;classic&quot;}\">\n\t\t\t\t\t\t<div class=\"elementor-container elementor-column-gap-default\">\n\t\t\t\t\t<div class=\"elementor-column elementor-col-100 elementor-top-column elementor-element elementor-element-8871c3e\" data-id=\"8871c3e\" data-element_type=\"column\" data-settings=\"{&quot;background_background&quot;:&quot;classic&quot;}\">\n\t\t\t<div class=\"elementor-widget-wrap elementor-element-populated\">\n\t\t\t\t\t\t\t<\/div>\n\t\t<\/div>\n\t\t\t\t\t<\/div>\n\t\t<\/section>\n\t\t\t\t<\/div>\n\t\t","protected":false},"excerpt":{"rendered":"<p>Afrobeats (Afro-mix), Askola Tiistaisin klo 19.00-20.00 Helkam\u00e4ki, Helkam\u00e4entie 34 07230 Monninkyl\u00e4 (kurssi A) 14.1.-24.3.2020 ( 80 euroa) (kurssi B) 21.4-23.6.2020 (80 euroa) Loma (kurssi D) ? (kurssi E) 6.10.-8-12.2020 ( 80 euroa) Lapset (alle 14 v.) 40 euroa https:\/\/www.youtube.com\/watch?v=QJgwF_9cl1Mhttps:\/\/www.youtube.com\/watch?v=A42tdw0nRBQhttps:\/\/www.youtube.com\/watch?v=b63ZqAL0MfI Kurssilla opetellaan afrikkalaisia pop-tanssityylej\u00e4, kuten bongo flavaa, kwaitoa, soukousta ja ndomboloa. Moderni afrikkalainen tanssi on hauskaa,&hellip; <a class=\"more-link\" href=\"https:\/\/www.etnosaari.fi\/site\/afrobeats-askola\/\">Continue reading <span class=\"screen-reader-text\">Afrobeats (Afro-mix), Askola<\/span><\/a><\/p>\n","protected":false},"author":1,"featured_media":0,"parent":0,"menu_order":0,"comment_status":"closed","ping_status":"closed","template":"","meta":{"footnotes":""},"class_list":["post-1586","page","type-page","status-publish","hentry","entry"],"_links":{"self":[{"href":"https:\/\/www.etnosaari.fi\/site\/wp-json\/wp\/v2\/pages\/1586","targetHints":{"allow":["GET"]}}],"collection":[{"href":"https:\/\/www.etnosaari.fi\/site\/wp-json\/wp\/v2\/pages"}],"about":[{"href":"https:\/\/www.etnosaari.fi\/site\/wp-json\/wp\/v2\/types\/page"}],"author":[{"embeddable":true,"href":"https:\/\/www.etnosaari.fi\/site\/wp-json\/wp\/v2\/users\/1"}],"replies":[{"embeddable":true,"href":"https:\/\/www.etnosaari.fi\/site\/wp-json\/wp\/v2\/comments?post=1586"}],"version-history":[{"count":64,"href":"https:\/\/www.etnosaari.fi\/site\/wp-json\/wp\/v2\/pages\/1586\/revisions"}],"predecessor-version":[{"id":6322,"href":"https:\/\/www.etnosaari.fi\/site\/wp-json\/wp\/v2\/pages\/1586\/revisions\/6322"}],"wp:attachment":[{"href":"https:\/\/www.etnosaari.fi\/site\/wp-json\/wp\/v2\/media?parent=1586"}],"curies":[{"name":"wp","href":"https:\/\/api.w.org\/{rel}","templated":true}]}}