{"id":1173,"date":"2018-11-25T15:33:18","date_gmt":"2018-11-25T15:33:18","guid":{"rendered":"https:\/\/www.etnosaari.fi\/site\/?page_id=1173"},"modified":"2025-06-05T19:33:52","modified_gmt":"2025-06-05T19:33:52","slug":"kurssit-ilmoittautuminen","status":"publish","type":"page","link":"https:\/\/www.etnosaari.fi\/site\/kurssit-ilmoittautuminen\/","title":{"rendered":"Ilmoittautuminen"},"content":{"rendered":"\t\t<div data-elementor-type=\"wp-post\" data-elementor-id=\"1173\" class=\"elementor elementor-1173\" data-elementor-post-type=\"page\">\n\t\t\t\t\t\t<section class=\"elementor-section elementor-top-section elementor-element elementor-element-426321b elementor-section-full_width elementor-section-content-middle elementor-section-height-default elementor-section-height-default\" data-id=\"426321b\" data-element_type=\"section\" data-settings=\"{&quot;background_background&quot;:&quot;classic&quot;}\">\n\t\t\t\t\t\t<div class=\"elementor-container elementor-column-gap-default\">\n\t\t\t\t\t<div class=\"elementor-column elementor-col-100 elementor-top-column elementor-element elementor-element-ceef3d0\" data-id=\"ceef3d0\" data-element_type=\"column\" data-settings=\"{&quot;background_background&quot;:&quot;classic&quot;}\">\n\t\t\t<div class=\"elementor-widget-wrap elementor-element-populated\">\n\t\t\t\t\t\t<div class=\"elementor-element elementor-element-0f2250e elementor-widget elementor-widget-heading\" data-id=\"0f2250e\" data-element_type=\"widget\" data-widget_type=\"heading.default\">\n\t\t\t\t<div class=\"elementor-widget-container\">\n\t\t\t\t\t<h2 class=\"elementor-heading-title elementor-size-default\">Ilmoittautuminen<\/h2>\t\t\t\t<\/div>\n\t\t\t\t<\/div>\n\t\t\t\t\t<\/div>\n\t\t<\/div>\n\t\t\t\t\t<\/div>\n\t\t<\/section>\n\t\t\t\t<section class=\"elementor-section elementor-top-section elementor-element elementor-element-2c88335 elementor-section-stretched elementor-section-boxed elementor-section-height-default elementor-section-height-default\" data-id=\"2c88335\" data-element_type=\"section\" data-settings=\"{&quot;stretch_section&quot;:&quot;section-stretched&quot;}\">\n\t\t\t\t\t\t<div class=\"elementor-container elementor-column-gap-default\">\n\t\t\t\t\t<div class=\"elementor-column elementor-col-100 elementor-top-column elementor-element elementor-element-7f331f8\" data-id=\"7f331f8\" data-element_type=\"column\">\n\t\t\t<div class=\"elementor-widget-wrap elementor-element-populated\">\n\t\t\t\t\t\t<div class=\"elementor-element elementor-element-a230ad8 elementor-widget elementor-widget-text-editor\" data-id=\"a230ad8\" data-element_type=\"widget\" data-widget_type=\"text-editor.default\">\n\t\t\t\t<div class=\"elementor-widget-container\">\n\t\t\t\t\t\t\t\t\t<p>Ilmoittautuminen on sitova. Mik\u00e4li kurssia ei peruta ennen kurssin alkua, perimme koko kurssimaksun. Halutessasi voit ilmoittaa tilallesi toisen henkil\u00f6n.<\/p>\t\t\t\t\t\t\t\t<\/div>\n\t\t\t\t<\/div>\n\t\t\t\t\t<\/div>\n\t\t<\/div>\n\t\t\t\t\t<\/div>\n\t\t<\/section>\n\t\t\t\t<section class=\"elementor-section elementor-top-section elementor-element elementor-element-118b9cc elementor-section-stretched elementor-section-boxed elementor-section-height-default elementor-section-height-default\" data-id=\"118b9cc\" data-element_type=\"section\" data-settings=\"{&quot;stretch_section&quot;:&quot;section-stretched&quot;}\">\n\t\t\t\t\t\t<div class=\"elementor-container elementor-column-gap-default\">\n\t\t\t\t\t<div class=\"elementor-column elementor-col-100 elementor-top-column elementor-element elementor-element-ffbc71d\" data-id=\"ffbc71d\" data-element_type=\"column\">\n\t\t\t<div class=\"elementor-widget-wrap elementor-element-populated\">\n\t\t\t\t\t\t<section class=\"elementor-section elementor-inner-section elementor-element elementor-element-02077e0 elementor-section-boxed elementor-section-height-default elementor-section-height-default\" data-id=\"02077e0\" data-element_type=\"section\">\n\t\t\t\t\t\t<div class=\"elementor-container elementor-column-gap-default\">\n\t\t\t\t\t<div class=\"elementor-column elementor-col-50 elementor-inner-column elementor-element elementor-element-949e67b\" data-id=\"949e67b\" data-element_type=\"column\" data-settings=\"{&quot;background_background&quot;:&quot;classic&quot;}\">\n\t\t\t<div class=\"elementor-widget-wrap elementor-element-populated\">\n\t\t\t\t\t\t<div class=\"elementor-element elementor-element-bc26a4a elementor-widget elementor-widget-image\" data-id=\"bc26a4a\" data-element_type=\"widget\" data-widget_type=\"image.default\">\n\t\t\t\t<div class=\"elementor-widget-container\">\n\t\t\t\t\t\t\t\t\t\t\t\t\t\t\t<img decoding=\"async\" width=\"220\" height=\"165\" src=\"https:\/\/www.etnosaari.fi\/site\/wp-content\/uploads\/2018\/11\/african_arts.jpg?v=1625463652\" class=\"attachment-large size-large wp-image-1015\" alt=\"\" style=\"width:100%;height:75%;max-width:220px\" \/>\t\t\t\t\t\t\t\t\t\t\t\t\t\t\t<\/div>\n\t\t\t\t<\/div>\n\t\t\t\t<div class=\"elementor-element elementor-element-a221887 elementor-widget elementor-widget-image\" data-id=\"a221887\" data-element_type=\"widget\" data-widget_type=\"image.default\">\n\t\t\t\t<div class=\"elementor-widget-container\">\n\t\t\t\t\t\t\t\t\t\t\t\t\t\t\t<img fetchpriority=\"high\" decoding=\"async\" width=\"686\" height=\"1024\" src=\"https:\/\/www.etnosaari.fi\/site\/wp-content\/uploads\/2018\/12\/drumming-686x1024.jpg?v=1625463505\" class=\"attachment-large size-large wp-image-1444\" alt=\"\" srcset=\"https:\/\/www.etnosaari.fi\/site\/wp-content\/uploads\/2018\/12\/drumming-686x1024.jpg?v=1625463505 686w, https:\/\/www.etnosaari.fi\/site\/wp-content\/uploads\/2018\/12\/drumming-201x300.jpg?v=1625463505 201w, https:\/\/www.etnosaari.fi\/site\/wp-content\/uploads\/2018\/12\/drumming.jpg?v=1625463505 756w\" sizes=\"(max-width: 686px) 100vw, 686px\" style=\"width:100%;height:149.34%;max-width:756px\" \/>\t\t\t\t\t\t\t\t\t\t\t\t\t\t\t<\/div>\n\t\t\t\t<\/div>\n\t\t\t\t\t<\/div>\n\t\t<\/div>\n\t\t\t\t<div class=\"elementor-column elementor-col-50 elementor-inner-column elementor-element elementor-element-95d2be1\" data-id=\"95d2be1\" data-element_type=\"column\" data-settings=\"{&quot;background_background&quot;:&quot;classic&quot;}\">\n\t\t\t<div class=\"elementor-widget-wrap elementor-element-populated\">\n\t\t\t\t\t\t<div class=\"elementor-element elementor-element-4ac547f elementor-widget elementor-widget-text-editor\" data-id=\"4ac547f\" data-element_type=\"widget\" data-widget_type=\"text-editor.default\">\n\t\t\t\t<div class=\"elementor-widget-container\">\n\t\t\t\t\t\t\t\t\t<h3>Voit ilmoittautua<\/h3><p>puhelimitse numeroon 040 537 8035<br \/>l\u00e4hett\u00e4m\u00e4ll\u00e4 s\u00e4hk\u00f6postia osoitteeseen kurssi@etnosaari.fi (mainitse viestiss\u00e4si kurssin koodi, osallistujan nimi, laskutusosoite ja puhelinnumero)<br \/>l\u00e4hett\u00e4m\u00e4ll\u00e4 <span style=\"font-size: 14px; color: #000000;\">Messenger tai WhatsApp -viestin numeroon 0405378035.<\/span>\u00a0 (mainitse viestiss\u00e4si kurssin koodi, osallistujan nimi, laskutusosoite ja puhelinnumero)<br \/>maksamalla kurssimaksun tilille <b>FI81 3939 0069 2220 40<\/b> K\u00e4yt\u00e4 maksaessasi <b>viitenumeroa<\/b> <b>1177<\/b> (Tosite maksun suorittamisesta n\u00e4ytet\u00e4\u00e4n ensimm\u00e4isell\u00e4 harjoituskerralla ohjaajalle)<\/p><p>Ilmoittautumisaika ja kurssikoodi l\u00f6ytyv\u00e4t kurssikuvauksen yhteydest\u00e4 kurssi-sivulta<\/p><p>Vasta kurssimaksun maksaminen vahvistaa paikkasi kurssilla.<\/p><p>**** Ilmoittautumisajan p\u00e4\u00e4tytty\u00e4 voit kysell\u00e4 vapaita kurssipaikkoja numerosta 0405378035 tai s\u00e4hk\u00f6postilla osoitteesta <a href=\"mailto:etnosaari@etnosaari.fi\">etnosaari@etnosaari.fi<\/a><\/p><p>*** Mik\u00e4li kuulut Etnosaaren s\u00e4hk\u00f6postilistalle tai facebook-ryhm\u00e4\u00e4n, kerro siit\u00e4 ilmoittautumisesi yhteydess\u00e4, niin saat alennetun kurssihinnan.***<\/p>\t\t\t\t\t\t\t\t<\/div>\n\t\t\t\t<\/div>\n\t\t\t\t\t<\/div>\n\t\t<\/div>\n\t\t\t\t\t<\/div>\n\t\t<\/section>\n\t\t\t\t\t<\/div>\n\t\t<\/div>\n\t\t\t\t\t<\/div>\n\t\t<\/section>\n\t\t\t\t<\/div>\n\t\t","protected":false},"excerpt":{"rendered":"<p>Ilmoittautuminen Ilmoittautuminen on sitova. Mik\u00e4li kurssia ei peruta ennen kurssin alkua, perimme koko kurssimaksun. Halutessasi voit ilmoittaa tilallesi toisen henkil\u00f6n. Voit ilmoittautua puhelimitse numeroon 040 537 8035l\u00e4hett\u00e4m\u00e4ll\u00e4 s\u00e4hk\u00f6postia osoitteeseen kurssi@etnosaari.fi (mainitse viestiss\u00e4si kurssin koodi, osallistujan nimi, laskutusosoite ja puhelinnumero)l\u00e4hett\u00e4m\u00e4ll\u00e4 Messenger tai WhatsApp -viestin numeroon 0405378035.\u00a0 (mainitse viestiss\u00e4si kurssin koodi, osallistujan nimi, laskutusosoite ja puhelinnumero)maksamalla kurssimaksun&hellip; <a class=\"more-link\" href=\"https:\/\/www.etnosaari.fi\/site\/kurssit-ilmoittautuminen\/\">Continue reading <span class=\"screen-reader-text\">Ilmoittautuminen<\/span><\/a><\/p>\n","protected":false},"author":1,"featured_media":0,"parent":0,"menu_order":0,"comment_status":"closed","ping_status":"closed","template":"","meta":{"footnotes":""},"class_list":["post-1173","page","type-page","status-publish","hentry","entry"],"_links":{"self":[{"href":"https:\/\/www.etnosaari.fi\/site\/wp-json\/wp\/v2\/pages\/1173","targetHints":{"allow":["GET"]}}],"collection":[{"href":"https:\/\/www.etnosaari.fi\/site\/wp-json\/wp\/v2\/pages"}],"about":[{"href":"https:\/\/www.etnosaari.fi\/site\/wp-json\/wp\/v2\/types\/page"}],"author":[{"embeddable":true,"href":"https:\/\/www.etnosaari.fi\/site\/wp-json\/wp\/v2\/users\/1"}],"replies":[{"embeddable":true,"href":"https:\/\/www.etnosaari.fi\/site\/wp-json\/wp\/v2\/comments?post=1173"}],"version-history":[{"count":70,"href":"https:\/\/www.etnosaari.fi\/site\/wp-json\/wp\/v2\/pages\/1173\/revisions"}],"predecessor-version":[{"id":6938,"href":"https:\/\/www.etnosaari.fi\/site\/wp-json\/wp\/v2\/pages\/1173\/revisions\/6938"}],"wp:attachment":[{"href":"https:\/\/www.etnosaari.fi\/site\/wp-json\/wp\/v2\/media?parent=1173"}],"curies":[{"name":"wp","href":"https:\/\/api.w.org\/{rel}","templated":true}]}}