{"id":1075,"date":"2018-11-24T11:42:46","date_gmt":"2018-11-24T11:42:46","guid":{"rendered":"https:\/\/www.etnosaari.fi\/site\/?page_id=1075"},"modified":"2023-05-28T21:17:05","modified_gmt":"2023-05-28T21:17:05","slug":"afrotanssi-heimotanssi","status":"publish","type":"page","link":"https:\/\/www.etnosaari.fi\/site\/afrotanssi-heimotanssi\/","title":{"rendered":"Afrotanssi (Heimotanssi)"},"content":{"rendered":"\t\t<div data-elementor-type=\"wp-post\" data-elementor-id=\"1075\" class=\"elementor elementor-1075\" data-elementor-post-type=\"page\">\n\t\t\t\t\t\t<section class=\"elementor-section elementor-top-section elementor-element elementor-element-54ab2475 elementor-section-full_width elementor-section-height-default elementor-section-height-default\" data-id=\"54ab2475\" data-element_type=\"section\" data-settings=\"{&quot;background_background&quot;:&quot;classic&quot;}\">\n\t\t\t\t\t\t<div class=\"elementor-container elementor-column-gap-default\">\n\t\t\t\t\t<div class=\"elementor-column elementor-col-100 elementor-top-column elementor-element elementor-element-3f6d60\" data-id=\"3f6d60\" data-element_type=\"column\" data-settings=\"{&quot;background_background&quot;:&quot;classic&quot;}\">\n\t\t\t<div class=\"elementor-widget-wrap elementor-element-populated\">\n\t\t\t\t\t\t<div class=\"elementor-element elementor-element-7c8353e3 elementor-nav-menu__align-center elementor-nav-menu--dropdown-mobile elementor-nav-menu__text-align-center elementor-nav-menu--toggle elementor-nav-menu--burger elementor-widget elementor-widget-nav-menu\" data-id=\"7c8353e3\" data-element_type=\"widget\" data-settings=\"{&quot;layout&quot;:&quot;horizontal&quot;,&quot;submenu_icon&quot;:{&quot;value&quot;:&quot;&lt;i class=\\&quot;fas fa-caret-down\\&quot;&gt;&lt;\\\/i&gt;&quot;,&quot;library&quot;:&quot;fa-solid&quot;},&quot;toggle&quot;:&quot;burger&quot;}\" data-widget_type=\"nav-menu.default\">\n\t\t\t\t<div class=\"elementor-widget-container\">\n\t\t\t\t\t\t\t\t<nav aria-label=\"Menu\" class=\"elementor-nav-menu--main elementor-nav-menu__container elementor-nav-menu--layout-horizontal e--pointer-background e--animation-fade\">\n\t\t\t\t<ul id=\"menu-1-7c8353e3\" class=\"elementor-nav-menu\"><li class=\"menu-item menu-item-type-post_type menu-item-object-page menu-item-1191\"><a href=\"https:\/\/www.etnosaari.fi\/site\/afrobeat-afromix-lahti\/\" class=\"elementor-item\">Afrobeats (Afro-mix), Lahti<\/a><\/li>\n<li class=\"menu-item menu-item-type-post_type menu-item-object-page menu-item-1593\"><a href=\"https:\/\/www.etnosaari.fi\/site\/afrobeats-askola\/\" class=\"elementor-item\">Afrobeats (Afro-mix), Askola<\/a><\/li>\n<li class=\"menu-item menu-item-type-post_type menu-item-object-page menu-item-1190\"><a href=\"https:\/\/www.etnosaari.fi\/site\/afrotanssi-heimotanssi\/\" class=\"elementor-item\">Afrotanssi (Heimotanssi)<\/a><\/li>\n<li class=\"menu-item menu-item-type-post_type menu-item-object-page menu-item-2302\"><a href=\"https:\/\/www.etnosaari.fi\/site\/lasten-rumpuryhma\/\" class=\"elementor-item\">Lasten Rumpuryhm\u00e4<\/a><\/li>\n<li class=\"menu-item menu-item-type-post_type menu-item-object-page menu-item-1200\"><a href=\"https:\/\/www.etnosaari.fi\/site\/djemben-soiton-alkeet\/\" class=\"elementor-item\">Djemben soiton alkeet<\/a><\/li>\n<li class=\"menu-item menu-item-type-post_type menu-item-object-page menu-item-1645\"><a href=\"https:\/\/www.etnosaari.fi\/site\/afrikkalainen-rummunsoitto\/\" class=\"elementor-item\">Afrikkalainen rummunsoitto<\/a><\/li>\n<li class=\"menu-item menu-item-type-post_type menu-item-object-page menu-item-1644\"><a href=\"https:\/\/www.etnosaari.fi\/site\/swahilin-kieli-ja-kulttuuri\/\" class=\"elementor-item\">Swahilin kieli ja kulttuuri<\/a><\/li>\n<\/ul>\t\t\t<\/nav>\n\t\t\t\t\t<div class=\"elementor-menu-toggle\" role=\"button\" tabindex=\"0\" aria-label=\"Menu Toggle\" aria-expanded=\"false\">\n\t\t\t<i aria-hidden=\"true\" role=\"presentation\" class=\"elementor-menu-toggle__icon--open eicon-menu-bar\"><\/i><i aria-hidden=\"true\" role=\"presentation\" class=\"elementor-menu-toggle__icon--close eicon-close\"><\/i>\t\t<\/div>\n\t\t\t\t\t<nav class=\"elementor-nav-menu--dropdown elementor-nav-menu__container\" aria-hidden=\"true\">\n\t\t\t\t<ul id=\"menu-2-7c8353e3\" class=\"elementor-nav-menu\"><li class=\"menu-item menu-item-type-post_type menu-item-object-page menu-item-1191\"><a href=\"https:\/\/www.etnosaari.fi\/site\/afrobeat-afromix-lahti\/\" class=\"elementor-item\" tabindex=\"-1\">Afrobeats (Afro-mix), Lahti<\/a><\/li>\n<li class=\"menu-item menu-item-type-post_type menu-item-object-page menu-item-1593\"><a href=\"https:\/\/www.etnosaari.fi\/site\/afrobeats-askola\/\" class=\"elementor-item\" tabindex=\"-1\">Afrobeats (Afro-mix), Askola<\/a><\/li>\n<li class=\"menu-item menu-item-type-post_type menu-item-object-page menu-item-1190\"><a href=\"https:\/\/www.etnosaari.fi\/site\/afrotanssi-heimotanssi\/\" class=\"elementor-item\" tabindex=\"-1\">Afrotanssi (Heimotanssi)<\/a><\/li>\n<li class=\"menu-item menu-item-type-post_type menu-item-object-page menu-item-2302\"><a href=\"https:\/\/www.etnosaari.fi\/site\/lasten-rumpuryhma\/\" class=\"elementor-item\" tabindex=\"-1\">Lasten Rumpuryhm\u00e4<\/a><\/li>\n<li class=\"menu-item menu-item-type-post_type menu-item-object-page menu-item-1200\"><a href=\"https:\/\/www.etnosaari.fi\/site\/djemben-soiton-alkeet\/\" class=\"elementor-item\" tabindex=\"-1\">Djemben soiton alkeet<\/a><\/li>\n<li class=\"menu-item menu-item-type-post_type menu-item-object-page menu-item-1645\"><a href=\"https:\/\/www.etnosaari.fi\/site\/afrikkalainen-rummunsoitto\/\" class=\"elementor-item\" tabindex=\"-1\">Afrikkalainen rummunsoitto<\/a><\/li>\n<li class=\"menu-item menu-item-type-post_type menu-item-object-page menu-item-1644\"><a href=\"https:\/\/www.etnosaari.fi\/site\/swahilin-kieli-ja-kulttuuri\/\" class=\"elementor-item\" tabindex=\"-1\">Swahilin kieli ja kulttuuri<\/a><\/li>\n<\/ul>\t\t\t<\/nav>\n\t\t\t\t\t\t<\/div>\n\t\t\t\t<\/div>\n\t\t\t\t\t<\/div>\n\t\t<\/div>\n\t\t\t\t\t<\/div>\n\t\t<\/section>\n\t\t\t\t<section class=\"elementor-section elementor-top-section elementor-element elementor-element-1eccba57 elementor-section-full_width elementor-section-height-default elementor-section-height-default\" data-id=\"1eccba57\" data-element_type=\"section\" data-settings=\"{&quot;background_background&quot;:&quot;classic&quot;}\">\n\t\t\t\t\t\t<div class=\"elementor-container elementor-column-gap-default\">\n\t\t\t\t\t<div class=\"elementor-column elementor-col-100 elementor-top-column elementor-element elementor-element-766de295\" data-id=\"766de295\" data-element_type=\"column\" data-settings=\"{&quot;background_background&quot;:&quot;classic&quot;}\">\n\t\t\t<div class=\"elementor-widget-wrap elementor-element-populated\">\n\t\t\t\t\t\t<div class=\"elementor-element elementor-element-163e7738 elementor-widget elementor-widget-heading\" data-id=\"163e7738\" data-element_type=\"widget\" data-widget_type=\"heading.default\">\n\t\t\t\t<div class=\"elementor-widget-container\">\n\t\t\t\t\t<h2 class=\"elementor-heading-title elementor-size-default\">Afrotanssi (Heimotanssi) Lahti<\/h2>\t\t\t\t<\/div>\n\t\t\t\t<\/div>\n\t\t\t\t<div class=\"elementor-element elementor-element-5768c359 elementor-widget elementor-widget-heading\" data-id=\"5768c359\" data-element_type=\"widget\" data-widget_type=\"heading.default\">\n\t\t\t\t<div class=\"elementor-widget-container\">\n\t\t\t\t\t<h4 class=\"elementor-heading-title elementor-size-default\">Keskivikkoisin klo 18.30-19.45\n\nEtnosaari-tila \nKarjalankatu 25\n15140 Lahti <\/h4>\t\t\t\t<\/div>\n\t\t\t\t<\/div>\n\t\t\t\t\t<\/div>\n\t\t<\/div>\n\t\t\t\t\t<\/div>\n\t\t<\/section>\n\t\t\t\t<section class=\"elementor-section elementor-top-section elementor-element elementor-element-f76032c elementor-section-boxed elementor-section-height-default elementor-section-height-default\" data-id=\"f76032c\" data-element_type=\"section\">\n\t\t\t\t\t\t<div class=\"elementor-container elementor-column-gap-default\">\n\t\t\t\t\t<div class=\"elementor-column elementor-col-100 elementor-top-column elementor-element elementor-element-b0fbde0\" data-id=\"b0fbde0\" data-element_type=\"column\">\n\t\t\t<div class=\"elementor-widget-wrap elementor-element-populated\">\n\t\t\t\t\t\t<section class=\"elementor-section elementor-inner-section elementor-element elementor-element-0f04055 elementor-section-boxed elementor-section-height-default elementor-section-height-default\" data-id=\"0f04055\" data-element_type=\"section\">\n\t\t\t\t\t\t<div class=\"elementor-container elementor-column-gap-default\">\n\t\t\t\t\t<div class=\"elementor-column elementor-col-33 elementor-inner-column elementor-element elementor-element-527a5a7\" data-id=\"527a5a7\" data-element_type=\"column\" data-settings=\"{&quot;background_background&quot;:&quot;classic&quot;}\">\n\t\t\t<div class=\"elementor-widget-wrap elementor-element-populated\">\n\t\t\t\t\t\t<div class=\"elementor-element elementor-element-07ef573 elementor-widget elementor-widget-text-editor\" data-id=\"07ef573\" data-element_type=\"widget\" data-widget_type=\"text-editor.default\">\n\t\t\t\t<div class=\"elementor-widget-container\">\n\t\t\t\t\t\t\t\t\t<p>(kurssi A) 0.1.-3.4.2024 ( 45 euroa)<\/p><p>(kurssi B) 0.4.-19.6.2024 (45 euroa)<\/p><p>koko lukukausi 75 euroa (kurssit A-B)<\/p><p>Loma<\/p><p><b>(kurssi D) 13.9.-29.11.2023 ( 50 euroa)<\/b><\/p><p>(kurssi E)\u00a0 00.10.-18.12.2023 ( 45 euroa)<\/p><p>koko syyslukukausi 75 euroa (kurssit D-E)<\/p>\t\t\t\t\t\t\t\t<\/div>\n\t\t\t\t<\/div>\n\t\t\t\t\t<\/div>\n\t\t<\/div>\n\t\t\t\t<div class=\"elementor-column elementor-col-33 elementor-inner-column elementor-element elementor-element-4c37825\" data-id=\"4c37825\" data-element_type=\"column\" data-settings=\"{&quot;background_background&quot;:&quot;classic&quot;}\">\n\t\t\t<div class=\"elementor-widget-wrap elementor-element-populated\">\n\t\t\t\t\t\t<div class=\"elementor-element elementor-element-c3f5cff elementor-widget elementor-widget-video\" data-id=\"c3f5cff\" data-element_type=\"widget\" data-settings=\"{&quot;youtube_url&quot;:&quot;https:\\\/\\\/www.youtube.com\\\/watch?v=_S254MfFcMI&quot;,&quot;video_type&quot;:&quot;youtube&quot;,&quot;controls&quot;:&quot;yes&quot;}\" data-widget_type=\"video.default\">\n\t\t\t\t<div class=\"elementor-widget-container\">\n\t\t\t\t\t\t\t<div class=\"elementor-wrapper elementor-open-inline\">\n\t\t\t<div class=\"elementor-video\"><\/div>\t\t<\/div>\n\t\t\t\t\t\t<\/div>\n\t\t\t\t<\/div>\n\t\t\t\t<div class=\"elementor-element elementor-element-9ce4ae3 elementor-widget elementor-widget-video\" data-id=\"9ce4ae3\" data-element_type=\"widget\" data-settings=\"{&quot;youtube_url&quot;:&quot;https:\\\/\\\/www.youtube.com\\\/watch?v=5Z9ZBZxZMQg&quot;,&quot;video_type&quot;:&quot;youtube&quot;,&quot;controls&quot;:&quot;yes&quot;}\" data-widget_type=\"video.default\">\n\t\t\t\t<div class=\"elementor-widget-container\">\n\t\t\t\t\t\t\t<div class=\"elementor-wrapper elementor-open-inline\">\n\t\t\t<div class=\"elementor-video\"><\/div>\t\t<\/div>\n\t\t\t\t\t\t<\/div>\n\t\t\t\t<\/div>\n\t\t\t\t<div class=\"elementor-element elementor-element-227e2c7 elementor-widget elementor-widget-video\" data-id=\"227e2c7\" data-element_type=\"widget\" data-settings=\"{&quot;youtube_url&quot;:&quot;https:\\\/\\\/www.youtube.com\\\/watch?v=7V4xte4JL8Y&quot;,&quot;video_type&quot;:&quot;youtube&quot;,&quot;controls&quot;:&quot;yes&quot;}\" data-widget_type=\"video.default\">\n\t\t\t\t<div class=\"elementor-widget-container\">\n\t\t\t\t\t\t\t<div class=\"elementor-wrapper elementor-open-inline\">\n\t\t\t<div class=\"elementor-video\"><\/div>\t\t<\/div>\n\t\t\t\t\t\t<\/div>\n\t\t\t\t<\/div>\n\t\t\t\t\t<\/div>\n\t\t<\/div>\n\t\t\t\t<div class=\"elementor-column elementor-col-33 elementor-inner-column elementor-element elementor-element-44b115a\" data-id=\"44b115a\" data-element_type=\"column\" data-settings=\"{&quot;background_background&quot;:&quot;classic&quot;}\">\n\t\t\t<div class=\"elementor-widget-wrap elementor-element-populated\">\n\t\t\t\t\t\t<div class=\"elementor-element elementor-element-bd57c9e elementor-widget elementor-widget-text-editor\" data-id=\"bd57c9e\" data-element_type=\"widget\" data-widget_type=\"text-editor.default\">\n\t\t\t\t<div class=\"elementor-widget-container\">\n\t\t\t\t\t\t\t\t\t<p>Laulu ja tanssi ovat Afrikassa kautta aikain olleet t\u00e4rkeit\u00e4 perim\u00e4tiedon v\u00e4litt\u00e4ji\u00e4. Tanssi kertoo tarinoita ja antaa ohjeita hyv\u00e4\u00e4n el\u00e4m\u00e4\u00e4n. Se on my\u00f6s hauskaa ja tehokasta liikuntaa, joka virkist\u00e4\u00e4 kehoa ja mielt\u00e4, vahvistaa lihaksia sek\u00e4 lis\u00e4\u00e4 liikkuvuutta ja koordinaatiokyky\u00e4. Kurssilla opimme koreografioita tansanialaisen Luguru-heimon perinteisist\u00e4 heimotansseista.<\/p><p style=\"text-align: center;\">Et tarvitse aiempaa kokemusta.<\/p><p style=\"text-align: center;\">Opettajana ammatillinen opettaja Johnson Mluge.<\/p><p>Voit tulla mukaan ilman ennakkoilmoittautumista<\/p><p><a href=\"https:\/\/www.etnosaari.fi\/site\/kurssit-ilmoittautuminen\/\" target=\"_blank\" rel=\"noopener\">Tietoa kurssille ilmoittautumisesta saat Ilmoittautuminen-sivulla<\/a><\/p><p>Vasta kurssimaksun maksaminen vahvistaa paikkasi kurssilla.<\/p>\t\t\t\t\t\t\t\t<\/div>\n\t\t\t\t<\/div>\n\t\t\t\t\t<\/div>\n\t\t<\/div>\n\t\t\t\t\t<\/div>\n\t\t<\/section>\n\t\t\t\t\t<\/div>\n\t\t<\/div>\n\t\t\t\t\t<\/div>\n\t\t<\/section>\n\t\t\t\t<section class=\"elementor-section elementor-top-section elementor-element elementor-element-92ee1f3 elementor-section-boxed elementor-section-height-default elementor-section-height-default\" data-id=\"92ee1f3\" data-element_type=\"section\">\n\t\t\t\t\t\t<div class=\"elementor-container elementor-column-gap-default\">\n\t\t\t\t\t<div class=\"elementor-column elementor-col-100 elementor-top-column elementor-element elementor-element-804c0f3\" data-id=\"804c0f3\" data-element_type=\"column\">\n\t\t\t<div class=\"elementor-widget-wrap elementor-element-populated\">\n\t\t\t\t\t\t<div class=\"elementor-element elementor-element-4d6a6c4 elementor-widget elementor-widget-spacer\" data-id=\"4d6a6c4\" data-element_type=\"widget\" data-widget_type=\"spacer.default\">\n\t\t\t\t<div class=\"elementor-widget-container\">\n\t\t\t\t\t\t\t<div class=\"elementor-spacer\">\n\t\t\t<div class=\"elementor-spacer-inner\"><\/div>\n\t\t<\/div>\n\t\t\t\t\t\t<\/div>\n\t\t\t\t<\/div>\n\t\t\t\t\t<\/div>\n\t\t<\/div>\n\t\t\t\t\t<\/div>\n\t\t<\/section>\n\t\t\t\t<section class=\"elementor-section elementor-top-section elementor-element elementor-element-f7695de elementor-section-boxed elementor-section-height-default elementor-section-height-default\" data-id=\"f7695de\" data-element_type=\"section\" data-settings=\"{&quot;background_background&quot;:&quot;classic&quot;}\">\n\t\t\t\t\t\t<div class=\"elementor-container elementor-column-gap-default\">\n\t\t\t\t\t<div class=\"elementor-column elementor-col-100 elementor-top-column elementor-element elementor-element-53be3d4\" data-id=\"53be3d4\" data-element_type=\"column\" data-settings=\"{&quot;background_background&quot;:&quot;classic&quot;}\">\n\t\t\t<div class=\"elementor-widget-wrap elementor-element-populated\">\n\t\t\t\t\t\t<div class=\"elementor-element elementor-element-0c7f01e elementor-widget elementor-widget-text-editor\" data-id=\"0c7f01e\" data-element_type=\"widget\" data-widget_type=\"text-editor.default\">\n\t\t\t\t<div class=\"elementor-widget-container\">\n\t\t\t\t\t\t\t\t\t<p>(70 euroa koko lukukausi Etnosaaren esiintyv\u00e4n ryhm\u00e4n j\u00e4senille sek\u00e4\u00a0 facebook-ryhm\u00e4ss\u00e4 oleville asiakkaille.)<\/p><p style=\"text-align: center;\">Voit osallistua kertamaksulla 10\u20ac\/t. Kertamaksut maksetaan k\u00e4teisell\u00e4 ennen tunnin alkua.<\/p><p style=\"text-align: center;\">Kokeilukerta uusille maksuton! Tervetuloa!<\/p>\t\t\t\t\t\t\t\t<\/div>\n\t\t\t\t<\/div>\n\t\t\t\t\t<\/div>\n\t\t<\/div>\n\t\t\t\t\t<\/div>\n\t\t<\/section>\n\t\t\t\t<section class=\"elementor-section elementor-top-section elementor-element elementor-element-013c622 elementor-section-boxed elementor-section-height-default elementor-section-height-default\" data-id=\"013c622\" data-element_type=\"section\" data-settings=\"{&quot;background_background&quot;:&quot;classic&quot;}\">\n\t\t\t\t\t\t<div class=\"elementor-container elementor-column-gap-default\">\n\t\t\t\t\t<div class=\"elementor-column elementor-col-100 elementor-top-column elementor-element elementor-element-2d4df0b\" data-id=\"2d4df0b\" data-element_type=\"column\" data-settings=\"{&quot;background_background&quot;:&quot;classic&quot;}\">\n\t\t\t<div class=\"elementor-widget-wrap elementor-element-populated\">\n\t\t\t\t\t\t\t<\/div>\n\t\t<\/div>\n\t\t\t\t\t<\/div>\n\t\t<\/section>\n\t\t\t\t<\/div>\n\t\t","protected":false},"excerpt":{"rendered":"<p>Afrotanssi (Heimotanssi) Lahti Keskivikkoisin klo 18.30-19.45 Etnosaari-tila Karjalankatu 25 15140 Lahti (kurssi A) 0.1.-3.4.2024 ( 45 euroa) (kurssi B) 0.4.-19.6.2024 (45 euroa) koko lukukausi 75 euroa (kurssit A-B) Loma (kurssi D) 13.9.-29.11.2023 ( 50 euroa) (kurssi E)\u00a0 00.10.-18.12.2023 ( 45 euroa) koko syyslukukausi 75 euroa (kurssit D-E) https:\/\/www.youtube.com\/watch?v=_S254MfFcMIhttps:\/\/www.youtube.com\/watch?v=5Z9ZBZxZMQghttps:\/\/www.youtube.com\/watch?v=7V4xte4JL8Y Laulu ja tanssi ovat Afrikassa kautta aikain&hellip; <a class=\"more-link\" href=\"https:\/\/www.etnosaari.fi\/site\/afrotanssi-heimotanssi\/\">Continue reading <span class=\"screen-reader-text\">Afrotanssi (Heimotanssi)<\/span><\/a><\/p>\n","protected":false},"author":1,"featured_media":0,"parent":0,"menu_order":0,"comment_status":"closed","ping_status":"closed","template":"","meta":{"footnotes":""},"class_list":["post-1075","page","type-page","status-publish","hentry","entry"],"_links":{"self":[{"href":"https:\/\/www.etnosaari.fi\/site\/wp-json\/wp\/v2\/pages\/1075","targetHints":{"allow":["GET"]}}],"collection":[{"href":"https:\/\/www.etnosaari.fi\/site\/wp-json\/wp\/v2\/pages"}],"about":[{"href":"https:\/\/www.etnosaari.fi\/site\/wp-json\/wp\/v2\/types\/page"}],"author":[{"embeddable":true,"href":"https:\/\/www.etnosaari.fi\/site\/wp-json\/wp\/v2\/users\/1"}],"replies":[{"embeddable":true,"href":"https:\/\/www.etnosaari.fi\/site\/wp-json\/wp\/v2\/comments?post=1075"}],"version-history":[{"count":54,"href":"https:\/\/www.etnosaari.fi\/site\/wp-json\/wp\/v2\/pages\/1075\/revisions"}],"predecessor-version":[{"id":6335,"href":"https:\/\/www.etnosaari.fi\/site\/wp-json\/wp\/v2\/pages\/1075\/revisions\/6335"}],"wp:attachment":[{"href":"https:\/\/www.etnosaari.fi\/site\/wp-json\/wp\/v2\/media?parent=1075"}],"curies":[{"name":"wp","href":"https:\/\/api.w.org\/{rel}","templated":true}]}}