{"id":1055,"date":"2018-11-24T11:28:39","date_gmt":"2018-11-24T11:28:39","guid":{"rendered":"https:\/\/www.etnosaari.fi\/site\/?page_id=1055"},"modified":"2025-09-18T08:15:43","modified_gmt":"2025-09-18T08:15:43","slug":"virkistymispaivat","status":"publish","type":"page","link":"https:\/\/www.etnosaari.fi\/site\/virkistymispaivat\/","title":{"rendered":"Virkistymisp\u00e4iv\u00e4t"},"content":{"rendered":"\t\t<div data-elementor-type=\"wp-post\" data-elementor-id=\"1055\" class=\"elementor elementor-1055\" data-elementor-post-type=\"page\">\n\t\t\t\t\t\t<section class=\"elementor-section elementor-top-section elementor-element elementor-element-5f79d8a8 elementor-section-full_width elementor-section-stretched elementor-section-height-default elementor-section-height-default\" data-id=\"5f79d8a8\" data-element_type=\"section\" data-settings=\"{&quot;background_background&quot;:&quot;classic&quot;,&quot;stretch_section&quot;:&quot;section-stretched&quot;}\">\n\t\t\t\t\t\t<div class=\"elementor-container elementor-column-gap-default\">\n\t\t\t\t\t<div class=\"elementor-column elementor-col-100 elementor-top-column elementor-element elementor-element-4b2853a9\" data-id=\"4b2853a9\" data-element_type=\"column\" data-settings=\"{&quot;background_background&quot;:&quot;classic&quot;}\">\n\t\t\t<div class=\"elementor-widget-wrap elementor-element-populated\">\n\t\t\t\t\t\t<div class=\"elementor-element elementor-element-439e4a8 elementor-nav-menu__align-center elementor-nav-menu__text-align-center elementor-nav-menu--dropdown-tablet elementor-nav-menu--toggle elementor-nav-menu--burger elementor-widget elementor-widget-nav-menu\" data-id=\"439e4a8\" data-element_type=\"widget\" data-settings=\"{&quot;layout&quot;:&quot;horizontal&quot;,&quot;submenu_icon&quot;:{&quot;value&quot;:&quot;&lt;i class=\\&quot;fas fa-caret-down\\&quot;&gt;&lt;\\\/i&gt;&quot;,&quot;library&quot;:&quot;fa-solid&quot;},&quot;toggle&quot;:&quot;burger&quot;}\" data-widget_type=\"nav-menu.default\">\n\t\t\t\t<div class=\"elementor-widget-container\">\n\t\t\t\t\t\t\t\t<nav aria-label=\"Menu\" class=\"elementor-nav-menu--main elementor-nav-menu__container elementor-nav-menu--layout-horizontal e--pointer-background e--animation-fade\">\n\t\t\t\t<ul id=\"menu-1-439e4a8\" class=\"elementor-nav-menu\"><li class=\"menu-item menu-item-type-post_type menu-item-object-page menu-item-1066\"><a href=\"https:\/\/www.etnosaari.fi\/site\/opetustilaus\/\" class=\"elementor-item\">Opetustilaus<\/a><\/li>\n<li class=\"menu-item menu-item-type-post_type menu-item-object-page menu-item-1068\"><a href=\"https:\/\/www.etnosaari.fi\/site\/esitykset\/\" class=\"elementor-item\">Esitykset<\/a><\/li>\n<li class=\"menu-item menu-item-type-post_type menu-item-object-page menu-item-1067\"><a href=\"https:\/\/www.etnosaari.fi\/site\/esiintyva-ryhma\/\" class=\"elementor-item\">Esiintyv\u00e4 ryhm\u00e4<\/a><\/li>\n<li class=\"menu-item menu-item-type-post_type menu-item-object-page menu-item-1602\"><a href=\"https:\/\/www.etnosaari.fi\/site\/virkistymispaivat\/\" class=\"elementor-item\">Virkistymisp\u00e4iv\u00e4t<\/a><\/li>\n<li class=\"menu-item menu-item-type-post_type menu-item-object-page menu-item-1034\"><a href=\"https:\/\/www.etnosaari.fi\/site\/polttarit\/\" class=\"elementor-item\">Polttarit ja pikkujoulut<\/a><\/li>\n<li class=\"menu-item menu-item-type-post_type menu-item-object-page menu-item-1601\"><a href=\"https:\/\/www.etnosaari.fi\/site\/?page_id=1057\" class=\"elementor-item\">Tilavuokraus<\/a><\/li>\n<li class=\"menu-item menu-item-type-post_type menu-item-object-page menu-item-1189\"><a href=\"https:\/\/www.etnosaari.fi\/site\/tilaaminen-ja-maksaminen\/\" class=\"elementor-item\">Tilaus ja maksaminen<\/a><\/li>\n<\/ul>\t\t\t<\/nav>\n\t\t\t\t\t<div class=\"elementor-menu-toggle\" role=\"button\" tabindex=\"0\" aria-label=\"Menu Toggle\" aria-expanded=\"false\">\n\t\t\t<i aria-hidden=\"true\" role=\"presentation\" class=\"elementor-menu-toggle__icon--open eicon-menu-bar\"><\/i><i aria-hidden=\"true\" role=\"presentation\" class=\"elementor-menu-toggle__icon--close eicon-close\"><\/i>\t\t<\/div>\n\t\t\t\t\t<nav class=\"elementor-nav-menu--dropdown elementor-nav-menu__container\" aria-hidden=\"true\">\n\t\t\t\t<ul id=\"menu-2-439e4a8\" class=\"elementor-nav-menu\"><li class=\"menu-item menu-item-type-post_type menu-item-object-page menu-item-1066\"><a href=\"https:\/\/www.etnosaari.fi\/site\/opetustilaus\/\" class=\"elementor-item\" tabindex=\"-1\">Opetustilaus<\/a><\/li>\n<li class=\"menu-item menu-item-type-post_type menu-item-object-page menu-item-1068\"><a href=\"https:\/\/www.etnosaari.fi\/site\/esitykset\/\" class=\"elementor-item\" tabindex=\"-1\">Esitykset<\/a><\/li>\n<li class=\"menu-item menu-item-type-post_type menu-item-object-page menu-item-1067\"><a href=\"https:\/\/www.etnosaari.fi\/site\/esiintyva-ryhma\/\" class=\"elementor-item\" tabindex=\"-1\">Esiintyv\u00e4 ryhm\u00e4<\/a><\/li>\n<li class=\"menu-item menu-item-type-post_type menu-item-object-page menu-item-1602\"><a href=\"https:\/\/www.etnosaari.fi\/site\/virkistymispaivat\/\" class=\"elementor-item\" tabindex=\"-1\">Virkistymisp\u00e4iv\u00e4t<\/a><\/li>\n<li class=\"menu-item menu-item-type-post_type menu-item-object-page menu-item-1034\"><a href=\"https:\/\/www.etnosaari.fi\/site\/polttarit\/\" class=\"elementor-item\" tabindex=\"-1\">Polttarit ja pikkujoulut<\/a><\/li>\n<li class=\"menu-item menu-item-type-post_type menu-item-object-page menu-item-1601\"><a href=\"https:\/\/www.etnosaari.fi\/site\/?page_id=1057\" class=\"elementor-item\" tabindex=\"-1\">Tilavuokraus<\/a><\/li>\n<li class=\"menu-item menu-item-type-post_type menu-item-object-page menu-item-1189\"><a href=\"https:\/\/www.etnosaari.fi\/site\/tilaaminen-ja-maksaminen\/\" class=\"elementor-item\" tabindex=\"-1\">Tilaus ja maksaminen<\/a><\/li>\n<\/ul>\t\t\t<\/nav>\n\t\t\t\t\t\t<\/div>\n\t\t\t\t<\/div>\n\t\t\t\t\t<\/div>\n\t\t<\/div>\n\t\t\t\t\t<\/div>\n\t\t<\/section>\n\t\t\t\t<section class=\"elementor-section elementor-top-section elementor-element elementor-element-5096a70a elementor-section-boxed elementor-section-height-default elementor-section-height-default\" data-id=\"5096a70a\" data-element_type=\"section\">\n\t\t\t\t\t\t<div class=\"elementor-container elementor-column-gap-default\">\n\t\t\t\t\t<div class=\"elementor-column elementor-col-100 elementor-top-column elementor-element elementor-element-632377a3\" data-id=\"632377a3\" data-element_type=\"column\">\n\t\t\t<div class=\"elementor-widget-wrap elementor-element-populated\">\n\t\t\t\t\t\t<div class=\"elementor-element elementor-element-6670c8c0 elementor-widget elementor-widget-text-editor\" data-id=\"6670c8c0\" data-element_type=\"widget\" data-widget_type=\"text-editor.default\">\n\t\t\t\t<div class=\"elementor-widget-container\">\n\t\t\t\t\t\t\t\t\t<p>Etnosaari tarjoaa yrityksille kuin yksityisille kursseja, esityksi\u00e4 asiakkaille ymp\u00e4ri Suomen, luo mahdollisuuden tutustua toisiin kulttuureihin ja oppia erilaisia kulttuuriperinteit\u00e4 ja\u2013taitoja<\/p>\t\t\t\t\t\t\t\t<\/div>\n\t\t\t\t<\/div>\n\t\t\t\t\t<\/div>\n\t\t<\/div>\n\t\t\t\t\t<\/div>\n\t\t<\/section>\n\t\t\t\t<section class=\"elementor-section elementor-top-section elementor-element elementor-element-2a726c3 elementor-section-stretched elementor-section-boxed elementor-section-height-default elementor-section-height-default\" data-id=\"2a726c3\" data-element_type=\"section\" data-settings=\"{&quot;stretch_section&quot;:&quot;section-stretched&quot;}\">\n\t\t\t\t\t\t<div class=\"elementor-container elementor-column-gap-default\">\n\t\t\t\t\t<div class=\"elementor-column elementor-col-100 elementor-top-column elementor-element elementor-element-e3487db\" data-id=\"e3487db\" data-element_type=\"column\">\n\t\t\t<div class=\"elementor-widget-wrap elementor-element-populated\">\n\t\t\t\t\t\t<div class=\"elementor-element elementor-element-d0001a3 elementor-widget elementor-widget-heading\" data-id=\"d0001a3\" data-element_type=\"widget\" data-widget_type=\"heading.default\">\n\t\t\t\t<div class=\"elementor-widget-container\">\n\t\t\t\t\t<h2 class=\"elementor-heading-title elementor-size-default\">Virkistymisp\u00e4iv\u00e4t ja ryhm\u00e4ytt\u00e4minen<\/h2>\t\t\t\t<\/div>\n\t\t\t\t<\/div>\n\t\t\t\t\t<\/div>\n\t\t<\/div>\n\t\t\t\t\t<\/div>\n\t\t<\/section>\n\t\t\t\t<section class=\"elementor-section elementor-top-section elementor-element elementor-element-756b917 elementor-section-stretched elementor-section-boxed elementor-section-height-default elementor-section-height-default\" data-id=\"756b917\" data-element_type=\"section\" data-settings=\"{&quot;stretch_section&quot;:&quot;section-stretched&quot;}\">\n\t\t\t\t\t\t<div class=\"elementor-container elementor-column-gap-default\">\n\t\t\t\t\t<div class=\"elementor-column elementor-col-100 elementor-top-column elementor-element elementor-element-5b735aa\" data-id=\"5b735aa\" data-element_type=\"column\">\n\t\t\t<div class=\"elementor-widget-wrap elementor-element-populated\">\n\t\t\t\t\t\t<section class=\"elementor-section elementor-inner-section elementor-element elementor-element-cb3ed63 elementor-section-boxed elementor-section-height-default elementor-section-height-default\" data-id=\"cb3ed63\" data-element_type=\"section\">\n\t\t\t\t\t\t<div class=\"elementor-container elementor-column-gap-default\">\n\t\t\t\t\t<div class=\"elementor-column elementor-col-33 elementor-inner-column elementor-element elementor-element-3d5dc39\" data-id=\"3d5dc39\" data-element_type=\"column\" data-settings=\"{&quot;background_background&quot;:&quot;classic&quot;}\">\n\t\t\t<div class=\"elementor-widget-wrap elementor-element-populated\">\n\t\t\t\t\t\t<div class=\"elementor-element elementor-element-f1e70c1 elementor-widget elementor-widget-text-editor\" data-id=\"f1e70c1\" data-element_type=\"widget\" data-widget_type=\"text-editor.default\">\n\t\t\t\t<div class=\"elementor-widget-container\">\n\t\t\t\t\t\t\t\t\t<p>Etnosaari j\u00e4rjest\u00e4\u00e4 mukavaa yhdess\u00e4oloa ja ohjelmaa erilaisiin tilaisuuksiin, esimerkiksi ty\u00f6paikan virkistys \u2013ja ty\u00f6kykyp\u00e4iville, henkil\u00f6st\u00f6koulutuksiin, leirien ja projektien aloitustapahtumiin. Teemme ryhm\u00e4ytymist\u00e4 edist\u00e4vi\u00e4 tutustumisharjoituksia muotoutumassa oleville ryhmille, esimerkiksi nuorille, koululaisille tai ty\u00f6porukoille.<\/p><p>Ryhm\u00e4n muodostumisen ja kontaktin luomisen tukena k\u00e4yt\u00e4mme afrikkalaista musiikkia ja rytmej\u00e4, improvisaatiota, tanssia ja draaman keinoja. Kauttamme saat laajamuotoisemman kokonaisuuden tai erillisi\u00e4 tunteja.<\/p><p>Ohjelman voi koota afrikkalaisesta heimotanssista, djembe-rummun soitosta, ruoanlaitosta ja Luguru-heimon el\u00e4m\u00e4\u00e4 ja kulttuuria k\u00e4sittelev\u00e4st\u00e4 luennosta.<\/p><p>Suunnittelemme yhdess\u00e4 asiakkaan kanssa asiakkaan erityistarpeita vastaavan, yhteishenke\u00e4 nostattavan, rentouttavan ja virkist\u00e4v\u00e4n tilaisuuden.<\/p><h3>Rytmity\u00f6paja<\/h3><p>Tutustumme itseemme ja toisiimme rytmien maailman kautta. Rytmin tuottamiseen ei v\u00e4ltt\u00e4m\u00e4tt\u00e4 tarvita kuin oma keho ja rento mieli: heitt\u00e4ydymme rytmin viet\u00e4viksi mm. body percussion \u2013 ja mukirytmien avulla. Voimme my\u00f6s yhdistell\u00e4 keholliseen ty\u00f6skentelyyn erilaisia soittimia.<\/p><h3>Afrikkalainen rummunsoitto<\/h3><p>Opettelemme djemben soiton tekniikkaa, rytmej\u00e4 ja rytmikokonaisuuksia. Voit kokeilla my\u00f6s muita afrikkalaisia soittimia.<\/p><p>Yhteisen rytmin l\u00f6ytyminen on mieleenpainuva kokemus. Djembe-rummun soitto soveltuu erinomaisesti ryhm\u00e4n yhteishengen nostatajaksi, rytmit ovat helppoja ja nopeasti omaksuttavia ja sopivia my\u00f6s lapsille ja erityisryhmille.<\/p>\t\t\t\t\t\t\t\t<\/div>\n\t\t\t\t<\/div>\n\t\t\t\t\t<\/div>\n\t\t<\/div>\n\t\t\t\t<div class=\"elementor-column elementor-col-33 elementor-inner-column elementor-element elementor-element-e51837a\" data-id=\"e51837a\" data-element_type=\"column\" data-settings=\"{&quot;background_background&quot;:&quot;classic&quot;}\">\n\t\t\t<div class=\"elementor-widget-wrap elementor-element-populated\">\n\t\t\t\t\t\t<div class=\"elementor-element elementor-element-0587a9a elementor-widget elementor-widget-image\" data-id=\"0587a9a\" data-element_type=\"widget\" data-widget_type=\"image.default\">\n\t\t\t\t<div class=\"elementor-widget-container\">\n\t\t\t\t\t\t\t\t\t\t\t\t\t\t\t<img decoding=\"async\" src=\"https:\/\/www.etnosaari.fi\/site\/wp-content\/uploads\/2018\/12\/drum-circle-2.jpg\" title=\"\" alt=\"\" loading=\"lazy\" \/>\t\t\t\t\t\t\t\t\t\t\t\t\t\t\t<\/div>\n\t\t\t\t<\/div>\n\t\t\t\t<div class=\"elementor-element elementor-element-ffed399 elementor-widget elementor-widget-heading\" data-id=\"ffed399\" data-element_type=\"widget\" data-widget_type=\"heading.default\">\n\t\t\t\t<div class=\"elementor-widget-container\">\n\t\t\t\t\t<h4 class=\"elementor-heading-title elementor-size-default\">Hinnat<\/h4>\t\t\t\t<\/div>\n\t\t\t\t<\/div>\n\t\t\t\t<div class=\"elementor-element elementor-element-f5a2189 elementor-widget elementor-widget-text-editor\" data-id=\"f5a2189\" data-element_type=\"widget\" data-widget_type=\"text-editor.default\">\n\t\t\t\t<div class=\"elementor-widget-container\">\n\t\t\t\t\t\t\t\t\t<p>1-2 henkil\u00f6\u00e4 30\u20ac\/45 min (40\u20ac\/ 90 min)<br \/>3-5 henkil\u00f6\u00e4 70 \u20ac\/45 min (100\u20ac\/90 min)<br \/>6-10 henkil\u00f6\u00e4 120 \u20ac\/45 min (160\u20ac\/90 min)<br \/>11-20 henkil\u00f6\u00e4 200 \u20ac\/45 min (250\u20ac\/90 min)<br \/>yli 20 henkil\u00f6\u00e4 250 \u20ac\/45 min (370\u20ac\/90 min)<br \/>yli 20 henkil\u00f6\u00e4 400\u20ac \u2013 500 \u20ac\/ 180 min<br \/>yli 20 henkil\u00f6\u00e4 koko p\u00e4iv\u00e4 (6 tuntia) 600\u20ac<\/p><h6>Hintoihin lis\u00e4t\u00e4\u00e4n alv (24 %)<\/h6><p>Pidempien opetustilaisuuksien hinta arvioidaan tapauskohtaisesti.<br \/>(Hintaan lis\u00e4t\u00e4\u00e4n 50 \u20ac, jos matka Lahdesta on 50 -80 km ja 100 \u20ac matkan ollessa 100-130 km. Muussa tapauksessa hintaan lis\u00e4t\u00e4\u00e4n kilometrikorvaus.)<\/p><h4>Ohjelmapaketti<\/h4><p>45-90 min sis. kahvitus Yhteens\u00e4 250-350 \u20ac<br \/>120 min sis. kahvitus Yhteens\u00e4 360-460 \u20ac<br \/>120 min sis. kahvitus, afrikkalaista ruokaa Yhteens\u00e4 400-500 \u20ac<\/p><p style=\"text-align: center;\"><a href=\"https:\/\/www.etnosaari.fi\/site\/tarjouspyynto\/\"><span class=\"_5yl5\">Kerro, millaisen tilaisuuden sin\u00e4 haluat!<\/span><\/a><\/p><h4 style=\"text-align: center;\"><a href=\"https:\/\/www.etnosaari.fi\/site\/tarjouspyynto\/\">Pyyd\u00e4 tarjous!<\/a><\/h4>\t\t\t\t\t\t\t\t<\/div>\n\t\t\t\t<\/div>\n\t\t\t\t<div class=\"elementor-element elementor-element-bd04c96 elementor-widget elementor-widget-image\" data-id=\"bd04c96\" data-element_type=\"widget\" data-widget_type=\"image.default\">\n\t\t\t\t<div class=\"elementor-widget-container\">\n\t\t\t\t\t\t\t\t\t\t\t\t\t\t\t<img fetchpriority=\"high\" decoding=\"async\" width=\"201\" height=\"300\" src=\"https:\/\/www.etnosaari.fi\/site\/wp-content\/uploads\/2018\/12\/ruokka-201x300.jpg?v=1625463436\" class=\"attachment-medium size-medium wp-image-2146\" alt=\"\" srcset=\"https:\/\/www.etnosaari.fi\/site\/wp-content\/uploads\/2018\/12\/ruokka-201x300.jpg?v=1625463436 201w, https:\/\/www.etnosaari.fi\/site\/wp-content\/uploads\/2018\/12\/ruokka-686x1024.jpg?v=1625463436 686w, https:\/\/www.etnosaari.fi\/site\/wp-content\/uploads\/2018\/12\/ruokka.jpg?v=1625463436 756w\" sizes=\"(max-width: 201px) 100vw, 201px\" style=\"width:100%;height:149.34%;max-width:756px\" \/>\t\t\t\t\t\t\t\t\t\t\t\t\t\t\t<\/div>\n\t\t\t\t<\/div>\n\t\t\t\t\t<\/div>\n\t\t<\/div>\n\t\t\t\t<div class=\"elementor-column elementor-col-33 elementor-inner-column elementor-element elementor-element-07cbe82\" data-id=\"07cbe82\" data-element_type=\"column\" data-settings=\"{&quot;background_background&quot;:&quot;classic&quot;}\">\n\t\t\t<div class=\"elementor-widget-wrap elementor-element-populated\">\n\t\t\t\t\t\t<div class=\"elementor-element elementor-element-1c99cef elementor-widget elementor-widget-text-editor\" data-id=\"1c99cef\" data-element_type=\"widget\" data-widget_type=\"text-editor.default\">\n\t\t\t\t<div class=\"elementor-widget-container\">\n\t\t\t\t\t\t\t\t\t<h3>Afrikkalainen heimotanssi\u00a0<\/h3><p>on hauskaa ja tehokasta liikuntaa, joka virkist\u00e4\u00e4 kehoa ja mielt\u00e4, vahvistaa lihaksia sek\u00e4 lis\u00e4\u00e4 liikkuvuutta ja koordinaatiokyky\u00e4. Opimme koreografioita tansanialaisen Luguru-heimon perinteisist\u00e4 heimotansseista.<\/p><h3>Afrobeats (Afro-mix)<\/h3><p>on uudempaa afrikkalaista tanssia. Sit\u00e4 tanssitaan ymp\u00e4ri Afrikan ja se on suosittua my\u00f6s Ranskassa. Tanssityyli on hauska, energinen ja fyysinen ja keinuvat lantioliikkeet ovat sille ominaisia. Pirte\u00e4 musiikki ja rento meininki saavat iloiselle tuulelle<\/p><h3>Ruoanlaitto<\/h3><p>Tutustumme afrikkalaisten makujen maailmaan ja ruokakulttuuriin. Ruokailu on afrikassa t\u00e4rke\u00e4 yhdess\u00e4olon hetki. Riisi tai maissipuuro kastikkeen kanssa ovat p\u00e4ivitt\u00e4in k\u00e4ytett\u00e4vi\u00e4 ruoka-aineita. J\u00e4lkiruokana tarjoillaan yleens\u00e4 hedelmi\u00e4. Menun suunnittelemme yhdess\u00e4 etuk\u00e4teen.<\/p><h3>Luguru-heimon el\u00e4m\u00e4\u00e4 ja kulttuuria k\u00e4sittelev\u00e4 luento<\/h3><p>Luguru-heimo on yksi maailman harvoista matrilineaarisista heimoista. Matrilineaarisuus tarkoittaa, ett\u00e4 sukulinja m\u00e4\u00e4r\u00e4ytyy \u00e4idin suvun mukaan. Kuulemme\u00a0 heimon p\u00e4ivitt\u00e4isest\u00e4 el\u00e4m\u00e4st\u00e4 sek\u00e4 maailmankatsomuksesta ja uskomuksista. Tutustuminen erilaiseen el\u00e4m\u00e4ntapaan saa meid\u00e4t usein pohtimaan omia arvojamme, perustaamme ja el\u00e4m\u00e4nk\u00e4yt\u00e4nt\u00f6j\u00e4.<\/p><h4><a href=\"https:\/\/www.etnosaari.fi\/site\/tarjouspyynto\/\">Pyyd\u00e4 tarjous!<\/a><\/h4>\t\t\t\t\t\t\t\t<\/div>\n\t\t\t\t<\/div>\n\t\t\t\t\t<\/div>\n\t\t<\/div>\n\t\t\t\t\t<\/div>\n\t\t<\/section>\n\t\t\t\t\t<\/div>\n\t\t<\/div>\n\t\t\t\t\t<\/div>\n\t\t<\/section>\n\t\t\t\t<\/div>\n\t\t","protected":false},"excerpt":{"rendered":"<p>Etnosaari tarjoaa yrityksille kuin yksityisille kursseja, esityksi\u00e4 asiakkaille ymp\u00e4ri Suomen, luo mahdollisuuden tutustua toisiin kulttuureihin ja oppia erilaisia kulttuuriperinteit\u00e4 ja\u2013taitoja Virkistymisp\u00e4iv\u00e4t ja ryhm\u00e4ytt\u00e4minen Etnosaari j\u00e4rjest\u00e4\u00e4 mukavaa yhdess\u00e4oloa ja ohjelmaa erilaisiin tilaisuuksiin, esimerkiksi ty\u00f6paikan virkistys \u2013ja ty\u00f6kykyp\u00e4iville, henkil\u00f6st\u00f6koulutuksiin, leirien ja projektien aloitustapahtumiin. Teemme ryhm\u00e4ytymist\u00e4 edist\u00e4vi\u00e4 tutustumisharjoituksia muotoutumassa oleville ryhmille, esimerkiksi nuorille, koululaisille tai ty\u00f6porukoille. Ryhm\u00e4n muodostumisen&hellip; <a class=\"more-link\" href=\"https:\/\/www.etnosaari.fi\/site\/virkistymispaivat\/\">Continue reading <span class=\"screen-reader-text\">Virkistymisp\u00e4iv\u00e4t<\/span><\/a><\/p>\n","protected":false},"author":1,"featured_media":0,"parent":0,"menu_order":0,"comment_status":"closed","ping_status":"closed","template":"","meta":{"footnotes":""},"class_list":["post-1055","page","type-page","status-publish","hentry","entry"],"_links":{"self":[{"href":"https:\/\/www.etnosaari.fi\/site\/wp-json\/wp\/v2\/pages\/1055","targetHints":{"allow":["GET"]}}],"collection":[{"href":"https:\/\/www.etnosaari.fi\/site\/wp-json\/wp\/v2\/pages"}],"about":[{"href":"https:\/\/www.etnosaari.fi\/site\/wp-json\/wp\/v2\/types\/page"}],"author":[{"embeddable":true,"href":"https:\/\/www.etnosaari.fi\/site\/wp-json\/wp\/v2\/users\/1"}],"replies":[{"embeddable":true,"href":"https:\/\/www.etnosaari.fi\/site\/wp-json\/wp\/v2\/comments?post=1055"}],"version-history":[{"count":59,"href":"https:\/\/www.etnosaari.fi\/site\/wp-json\/wp\/v2\/pages\/1055\/revisions"}],"predecessor-version":[{"id":7171,"href":"https:\/\/www.etnosaari.fi\/site\/wp-json\/wp\/v2\/pages\/1055\/revisions\/7171"}],"wp:attachment":[{"href":"https:\/\/www.etnosaari.fi\/site\/wp-json\/wp\/v2\/media?parent=1055"}],"curies":[{"name":"wp","href":"https:\/\/api.w.org\/{rel}","templated":true}]}}