{"id":1053,"date":"2018-11-24T11:28:07","date_gmt":"2018-11-24T11:28:07","guid":{"rendered":"https:\/\/www.etnosaari.fi\/site\/?page_id=1053"},"modified":"2024-08-28T06:12:41","modified_gmt":"2024-08-28T06:12:41","slug":"opetustilaus","status":"publish","type":"page","link":"https:\/\/www.etnosaari.fi\/site\/opetustilaus\/","title":{"rendered":"Opetustilaus"},"content":{"rendered":"\t\t<div data-elementor-type=\"wp-post\" data-elementor-id=\"1053\" class=\"elementor elementor-1053\" data-elementor-post-type=\"page\">\n\t\t\t\t\t\t<section class=\"elementor-section elementor-top-section elementor-element elementor-element-5e18eb36 elementor-section-full_width elementor-section-height-default elementor-section-height-default\" data-id=\"5e18eb36\" data-element_type=\"section\" data-settings=\"{&quot;background_background&quot;:&quot;classic&quot;}\">\n\t\t\t\t\t\t<div class=\"elementor-container elementor-column-gap-default\">\n\t\t\t\t\t<div class=\"elementor-column elementor-col-100 elementor-top-column elementor-element elementor-element-d334e08\" data-id=\"d334e08\" data-element_type=\"column\" data-settings=\"{&quot;background_background&quot;:&quot;classic&quot;}\">\n\t\t\t<div class=\"elementor-widget-wrap elementor-element-populated\">\n\t\t\t\t\t\t<div class=\"elementor-element elementor-element-6862319 elementor-nav-menu__align-center elementor-nav-menu__text-align-center elementor-nav-menu--dropdown-tablet elementor-nav-menu--toggle elementor-nav-menu--burger elementor-widget elementor-widget-nav-menu\" data-id=\"6862319\" data-element_type=\"widget\" data-settings=\"{&quot;layout&quot;:&quot;horizontal&quot;,&quot;submenu_icon&quot;:{&quot;value&quot;:&quot;&lt;i class=\\&quot;fas fa-caret-down\\&quot;&gt;&lt;\\\/i&gt;&quot;,&quot;library&quot;:&quot;fa-solid&quot;},&quot;toggle&quot;:&quot;burger&quot;}\" data-widget_type=\"nav-menu.default\">\n\t\t\t\t<div class=\"elementor-widget-container\">\n\t\t\t\t\t\t\t\t<nav aria-label=\"Menu\" class=\"elementor-nav-menu--main elementor-nav-menu__container elementor-nav-menu--layout-horizontal e--pointer-background e--animation-fade\">\n\t\t\t\t<ul id=\"menu-1-6862319\" class=\"elementor-nav-menu\"><li class=\"menu-item menu-item-type-post_type menu-item-object-page menu-item-1066\"><a href=\"https:\/\/www.etnosaari.fi\/site\/opetustilaus\/\" class=\"elementor-item\">Opetustilaus<\/a><\/li>\n<li class=\"menu-item menu-item-type-post_type menu-item-object-page menu-item-1068\"><a href=\"https:\/\/www.etnosaari.fi\/site\/esitykset\/\" class=\"elementor-item\">Esitykset<\/a><\/li>\n<li class=\"menu-item menu-item-type-post_type menu-item-object-page menu-item-1067\"><a href=\"https:\/\/www.etnosaari.fi\/site\/esiintyva-ryhma\/\" class=\"elementor-item\">Esiintyv\u00e4 ryhm\u00e4<\/a><\/li>\n<li class=\"menu-item menu-item-type-post_type menu-item-object-page menu-item-1602\"><a href=\"https:\/\/www.etnosaari.fi\/site\/virkistymispaivat\/\" class=\"elementor-item\">Virkistymisp\u00e4iv\u00e4t<\/a><\/li>\n<li class=\"menu-item menu-item-type-post_type menu-item-object-page menu-item-1034\"><a href=\"https:\/\/www.etnosaari.fi\/site\/polttarit\/\" class=\"elementor-item\">Polttarit ja pikkujoulut<\/a><\/li>\n<li class=\"menu-item menu-item-type-post_type menu-item-object-page menu-item-1601\"><a href=\"https:\/\/www.etnosaari.fi\/site\/?page_id=1057\" class=\"elementor-item\">Tilavuokraus<\/a><\/li>\n<li class=\"menu-item menu-item-type-post_type menu-item-object-page menu-item-1189\"><a href=\"https:\/\/www.etnosaari.fi\/site\/tilaaminen-ja-maksaminen\/\" class=\"elementor-item\">Tilaus ja maksaminen<\/a><\/li>\n<\/ul>\t\t\t<\/nav>\n\t\t\t\t\t<div class=\"elementor-menu-toggle\" role=\"button\" tabindex=\"0\" aria-label=\"Menu Toggle\" aria-expanded=\"false\">\n\t\t\t<i aria-hidden=\"true\" role=\"presentation\" class=\"elementor-menu-toggle__icon--open eicon-menu-bar\"><\/i><i aria-hidden=\"true\" role=\"presentation\" class=\"elementor-menu-toggle__icon--close eicon-close\"><\/i>\t\t<\/div>\n\t\t\t\t\t<nav class=\"elementor-nav-menu--dropdown elementor-nav-menu__container\" aria-hidden=\"true\">\n\t\t\t\t<ul id=\"menu-2-6862319\" class=\"elementor-nav-menu\"><li class=\"menu-item menu-item-type-post_type menu-item-object-page menu-item-1066\"><a href=\"https:\/\/www.etnosaari.fi\/site\/opetustilaus\/\" class=\"elementor-item\" tabindex=\"-1\">Opetustilaus<\/a><\/li>\n<li class=\"menu-item menu-item-type-post_type menu-item-object-page menu-item-1068\"><a href=\"https:\/\/www.etnosaari.fi\/site\/esitykset\/\" class=\"elementor-item\" tabindex=\"-1\">Esitykset<\/a><\/li>\n<li class=\"menu-item menu-item-type-post_type menu-item-object-page menu-item-1067\"><a href=\"https:\/\/www.etnosaari.fi\/site\/esiintyva-ryhma\/\" class=\"elementor-item\" tabindex=\"-1\">Esiintyv\u00e4 ryhm\u00e4<\/a><\/li>\n<li class=\"menu-item menu-item-type-post_type menu-item-object-page menu-item-1602\"><a href=\"https:\/\/www.etnosaari.fi\/site\/virkistymispaivat\/\" class=\"elementor-item\" tabindex=\"-1\">Virkistymisp\u00e4iv\u00e4t<\/a><\/li>\n<li class=\"menu-item menu-item-type-post_type menu-item-object-page menu-item-1034\"><a href=\"https:\/\/www.etnosaari.fi\/site\/polttarit\/\" class=\"elementor-item\" tabindex=\"-1\">Polttarit ja pikkujoulut<\/a><\/li>\n<li class=\"menu-item menu-item-type-post_type menu-item-object-page menu-item-1601\"><a href=\"https:\/\/www.etnosaari.fi\/site\/?page_id=1057\" class=\"elementor-item\" tabindex=\"-1\">Tilavuokraus<\/a><\/li>\n<li class=\"menu-item menu-item-type-post_type menu-item-object-page menu-item-1189\"><a href=\"https:\/\/www.etnosaari.fi\/site\/tilaaminen-ja-maksaminen\/\" class=\"elementor-item\" tabindex=\"-1\">Tilaus ja maksaminen<\/a><\/li>\n<\/ul>\t\t\t<\/nav>\n\t\t\t\t\t\t<\/div>\n\t\t\t\t<\/div>\n\t\t\t\t\t<\/div>\n\t\t<\/div>\n\t\t\t\t\t<\/div>\n\t\t<\/section>\n\t\t\t\t<section class=\"elementor-section elementor-top-section elementor-element elementor-element-2fb1ce elementor-section-boxed elementor-section-height-default elementor-section-height-default\" data-id=\"2fb1ce\" data-element_type=\"section\">\n\t\t\t\t\t\t<div class=\"elementor-container elementor-column-gap-default\">\n\t\t\t\t\t<div class=\"elementor-column elementor-col-100 elementor-top-column elementor-element elementor-element-16086e29\" data-id=\"16086e29\" data-element_type=\"column\">\n\t\t\t<div class=\"elementor-widget-wrap elementor-element-populated\">\n\t\t\t\t\t\t<div class=\"elementor-element elementor-element-6dd58986 elementor-widget elementor-widget-text-editor\" data-id=\"6dd58986\" data-element_type=\"widget\" data-widget_type=\"text-editor.default\">\n\t\t\t\t<div class=\"elementor-widget-container\">\n\t\t\t\t\t\t\t\t\t<p>Etnosaari opettaa tilauksesta erilaisia ryhmi\u00e4, yksityisi\u00e4 asiakkaita ja yrityksi\u00e4. Opetusta on mahdollista j\u00e4rjest\u00e4\u00e4 ymp\u00e4ri Suomen..<\/p>\t\t\t\t\t\t\t\t<\/div>\n\t\t\t\t<\/div>\n\t\t\t\t\t<\/div>\n\t\t<\/div>\n\t\t\t\t\t<\/div>\n\t\t<\/section>\n\t\t\t\t<section class=\"elementor-section elementor-top-section elementor-element elementor-element-de69931 elementor-section-boxed elementor-section-height-default elementor-section-height-default\" data-id=\"de69931\" data-element_type=\"section\">\n\t\t\t\t\t\t<div class=\"elementor-container elementor-column-gap-default\">\n\t\t\t\t\t<div class=\"elementor-column elementor-col-100 elementor-top-column elementor-element elementor-element-be4112e\" data-id=\"be4112e\" data-element_type=\"column\">\n\t\t\t<div class=\"elementor-widget-wrap elementor-element-populated\">\n\t\t\t\t\t\t<section class=\"elementor-section elementor-inner-section elementor-element elementor-element-9880bec elementor-section-boxed elementor-section-height-default elementor-section-height-default\" data-id=\"9880bec\" data-element_type=\"section\">\n\t\t\t\t\t\t<div class=\"elementor-container elementor-column-gap-default\">\n\t\t\t\t\t<div class=\"elementor-column elementor-col-33 elementor-inner-column elementor-element elementor-element-c2d7879\" data-id=\"c2d7879\" data-element_type=\"column\" data-settings=\"{&quot;background_background&quot;:&quot;classic&quot;}\">\n\t\t\t<div class=\"elementor-widget-wrap elementor-element-populated\">\n\t\t\t\t\t\t<div class=\"elementor-element elementor-element-15edcb1 elementor-widget elementor-widget-text-editor\" data-id=\"15edcb1\" data-element_type=\"widget\" data-widget_type=\"text-editor.default\">\n\t\t\t\t<div class=\"elementor-widget-container\">\n\t\t\t\t\t\t\t\t\t<h3>Afrikkalainen heimotanssi\u00a0<\/h3><p>on hauskaa ja tehokasta liikuntaa, joka virkist\u00e4\u00e4 kehoa ja mielt\u00e4, vahvistaa lihaksia sek\u00e4 lis\u00e4\u00e4 liikkuvuutta ja koordinaatiokyky\u00e4. Opimme koreografioita tansanialaisen Luguru-heimon perinteisist\u00e4 heimotansseista.<\/p><h3>Afrobeats (Afro-mix)<\/h3><p>on uudempaa afrikkalaista tanssia. Sit\u00e4 tanssitaan ymp\u00e4ri Afrikan ja se on suosittua my\u00f6s Ranskassa. Tanssityyli on hauska, energinen ja fyysinen ja keinuvat lantioliikkeet ovat sille ominaisia. Pirte\u00e4 musiikki ja rento meininki saavat iloiselle tuulelle<\/p><h3>Afrikkalainen rummunsoitto<\/h3><p>Opettelemme djemben soiton tekniikkaa, rytmej\u00e4 ja rytmikokonaisuuksia. Voit kokeilla my\u00f6s muita afrikkalaisia soittimia.<\/p><p>\u00a0<\/p>\t\t\t\t\t\t\t\t<\/div>\n\t\t\t\t<\/div>\n\t\t\t\t\t<\/div>\n\t\t<\/div>\n\t\t\t\t<div class=\"elementor-column elementor-col-33 elementor-inner-column elementor-element elementor-element-c8d550c\" data-id=\"c8d550c\" data-element_type=\"column\" data-settings=\"{&quot;background_background&quot;:&quot;classic&quot;}\">\n\t\t\t<div class=\"elementor-widget-wrap elementor-element-populated\">\n\t\t\t\t\t\t<div class=\"elementor-element elementor-element-6959967 elementor-widget elementor-widget-heading\" data-id=\"6959967\" data-element_type=\"widget\" data-widget_type=\"heading.default\">\n\t\t\t\t<div class=\"elementor-widget-container\">\n\t\t\t\t\t<h4 class=\"elementor-heading-title elementor-size-default\">Hinnat<\/h4>\t\t\t\t<\/div>\n\t\t\t\t<\/div>\n\t\t\t\t<div class=\"elementor-element elementor-element-a01fc45 elementor-widget elementor-widget-text-editor\" data-id=\"a01fc45\" data-element_type=\"widget\" data-widget_type=\"text-editor.default\">\n\t\t\t\t<div class=\"elementor-widget-container\">\n\t\t\t\t\t\t\t\t\t<p>1-2 henkil\u00f6\u00e4 40\u20ac\/45 min (60\u20ac\/ 90 min)<br \/>3-5 henkil\u00f6\u00e4 80 \u20ac\/45 min (120\u20ac\/90 min)<br \/>6-10 henkil\u00f6\u00e4 130 \u20ac\/45 min (180\u20ac\/90 min)<br \/>11-20 henkil\u00f6\u00e4 210 \u20ac\/45 min (270\u20ac\/90 min)<br \/>yli 20 henkil\u00f6\u00e4 260 \u20ac\/45 min (390\u20ac\/90 min)<br \/>yli 20 henkil\u00f6\u00e4 500\u20ac \u2013 700 \u20ac\/ 180 min<br \/>yli 20 henkil\u00f6\u00e4 koko p\u00e4iv\u00e4 (6 tuntia) 800\u20ac<\/p><h6>Hintoihin lis\u00e4t\u00e4\u00e4n alv.<\/h6><p>Pidempien opetustilaisuuksien hinta arvioidaan tapauskohtaisesti.<br \/>(Hintaan lis\u00e4t\u00e4\u00e4n 60 \u20ac, jos matka Lahdesta tai Tampereelta on 50 -80 km ja 120 \u20ac matkan ollessa 100-130 km. Muussa tapauksessa hintaan lis\u00e4t\u00e4\u00e4n kilometrikorvaus.)<\/p><h4><a style=\"font-size: 14px; background-color: rgba(137, 85, 37, 0.33);\" href=\"https:\/\/www.etnosaari.fi\/site\/tarjouspyynto\/\"><span class=\"_5yl5\">Kerro, millaisen tilaisuuden sin\u00e4 haluat!<\/span><\/a><\/h4><h4 style=\"text-align: center;\"><a href=\"https:\/\/www.etnosaari.fi\/site\/tarjouspyynto\/\">Pyyd\u00e4 tarjous!<\/a><\/h4>\t\t\t\t\t\t\t\t<\/div>\n\t\t\t\t<\/div>\n\t\t\t\t\t<\/div>\n\t\t<\/div>\n\t\t\t\t<div class=\"elementor-column elementor-col-33 elementor-inner-column elementor-element elementor-element-61b2dd1\" data-id=\"61b2dd1\" data-element_type=\"column\" data-settings=\"{&quot;background_background&quot;:&quot;classic&quot;}\">\n\t\t\t<div class=\"elementor-widget-wrap elementor-element-populated\">\n\t\t\t\t\t\t<div class=\"elementor-element elementor-element-b59bf90 elementor-widget elementor-widget-text-editor\" data-id=\"b59bf90\" data-element_type=\"widget\" data-widget_type=\"text-editor.default\">\n\t\t\t\t<div class=\"elementor-widget-container\">\n\t\t\t\t\t\t\t\t\t<h3>Rummunteko<\/h3><p>Opimme valmistamaan, viritt\u00e4m\u00e4\u00e4n ja huoltamaan djembe-rumpuja. Hintaan lis\u00e4t\u00e4\u00e4n materiaalit. Opetukseen on varattava aikaa v\u00e4hint\u00e4\u00e4n 36 tuntia.<\/p><h3>Swahili<\/h3><p>Tutustumme It\u00e4-Afrikan rannikkoalueella puhuttavan swahilin kieleen ja alueella vallitsevaan kulttuuriin. Opetuksessa painotetaan kommunikointia tyypillisiss\u00e4 arkip\u00e4iv\u00e4isiss\u00e4 tilanteissa kuten tien kysymist\u00e4, torilla tai pankissa asioimista ja muita kohtaamisia paikallisten ihmisten kanssa. Tutustumme my\u00f6s kulttuurialueen el\u00e4m\u00e4ntapaan, arkeen, tapoihin ja arvoihin.<\/p><h3>Animaatio<\/h3><p>Opettelemme vaha-animaationtekoa ja teemme itse lyhyit\u00e4 animaatioelokuvia. K\u00e4ymme l\u00e4pi kaikki animaationteon vaiheet k\u00e4sikirjoittamisesta editointiin. Opetukseen on varattava aikaa v\u00e4hint\u00e4\u00e4n 36 tuntia.<\/p>\t\t\t\t\t\t\t\t<\/div>\n\t\t\t\t<\/div>\n\t\t\t\t\t<\/div>\n\t\t<\/div>\n\t\t\t\t\t<\/div>\n\t\t<\/section>\n\t\t\t\t\t<\/div>\n\t\t<\/div>\n\t\t\t\t\t<\/div>\n\t\t<\/section>\n\t\t\t\t<\/div>\n\t\t","protected":false},"excerpt":{"rendered":"<p>Etnosaari opettaa tilauksesta erilaisia ryhmi\u00e4, yksityisi\u00e4 asiakkaita ja yrityksi\u00e4. Opetusta on mahdollista j\u00e4rjest\u00e4\u00e4 ymp\u00e4ri Suomen.. Afrikkalainen heimotanssi\u00a0 on hauskaa ja tehokasta liikuntaa, joka virkist\u00e4\u00e4 kehoa ja mielt\u00e4, vahvistaa lihaksia sek\u00e4 lis\u00e4\u00e4 liikkuvuutta ja koordinaatiokyky\u00e4. Opimme koreografioita tansanialaisen Luguru-heimon perinteisist\u00e4 heimotansseista. Afrobeats (Afro-mix) on uudempaa afrikkalaista tanssia. Sit\u00e4 tanssitaan ymp\u00e4ri Afrikan ja se on suosittua my\u00f6s&hellip; <a class=\"more-link\" href=\"https:\/\/www.etnosaari.fi\/site\/opetustilaus\/\">Continue reading <span class=\"screen-reader-text\">Opetustilaus<\/span><\/a><\/p>\n","protected":false},"author":1,"featured_media":0,"parent":0,"menu_order":0,"comment_status":"closed","ping_status":"closed","template":"","meta":{"footnotes":""},"class_list":["post-1053","page","type-page","status-publish","hentry","entry"],"_links":{"self":[{"href":"https:\/\/www.etnosaari.fi\/site\/wp-json\/wp\/v2\/pages\/1053","targetHints":{"allow":["GET"]}}],"collection":[{"href":"https:\/\/www.etnosaari.fi\/site\/wp-json\/wp\/v2\/pages"}],"about":[{"href":"https:\/\/www.etnosaari.fi\/site\/wp-json\/wp\/v2\/types\/page"}],"author":[{"embeddable":true,"href":"https:\/\/www.etnosaari.fi\/site\/wp-json\/wp\/v2\/users\/1"}],"replies":[{"embeddable":true,"href":"https:\/\/www.etnosaari.fi\/site\/wp-json\/wp\/v2\/comments?post=1053"}],"version-history":[{"count":64,"href":"https:\/\/www.etnosaari.fi\/site\/wp-json\/wp\/v2\/pages\/1053\/revisions"}],"predecessor-version":[{"id":6666,"href":"https:\/\/www.etnosaari.fi\/site\/wp-json\/wp\/v2\/pages\/1053\/revisions\/6666"}],"wp:attachment":[{"href":"https:\/\/www.etnosaari.fi\/site\/wp-json\/wp\/v2\/media?parent=1053"}],"curies":[{"name":"wp","href":"https:\/\/api.w.org\/{rel}","templated":true}]}}