{"id":1049,"date":"2018-11-24T11:26:47","date_gmt":"2018-11-24T11:26:47","guid":{"rendered":"https:\/\/www.etnosaari.fi\/site\/?page_id=1049"},"modified":"2025-09-18T08:14:19","modified_gmt":"2025-09-18T08:14:19","slug":"esitykset","status":"publish","type":"page","link":"https:\/\/www.etnosaari.fi\/site\/esitykset\/","title":{"rendered":"Esitykset"},"content":{"rendered":"\t\t<div data-elementor-type=\"wp-post\" data-elementor-id=\"1049\" class=\"elementor elementor-1049\" data-elementor-post-type=\"page\">\n\t\t\t\t\t\t<section class=\"elementor-section elementor-top-section elementor-element elementor-element-20b52b92 elementor-section-full_width elementor-section-stretched elementor-section-height-default elementor-section-height-default\" data-id=\"20b52b92\" data-element_type=\"section\" data-settings=\"{&quot;background_background&quot;:&quot;classic&quot;,&quot;stretch_section&quot;:&quot;section-stretched&quot;}\">\n\t\t\t\t\t\t<div class=\"elementor-container elementor-column-gap-default\">\n\t\t\t\t\t<div class=\"elementor-column elementor-col-100 elementor-top-column elementor-element elementor-element-13fbd143\" data-id=\"13fbd143\" data-element_type=\"column\" data-settings=\"{&quot;background_background&quot;:&quot;classic&quot;}\">\n\t\t\t<div class=\"elementor-widget-wrap elementor-element-populated\">\n\t\t\t\t\t\t<div class=\"elementor-element elementor-element-0dcf8c2 elementor-nav-menu__align-center elementor-nav-menu__text-align-center elementor-nav-menu--dropdown-tablet elementor-nav-menu--toggle elementor-nav-menu--burger elementor-widget elementor-widget-nav-menu\" data-id=\"0dcf8c2\" data-element_type=\"widget\" data-settings=\"{&quot;layout&quot;:&quot;horizontal&quot;,&quot;submenu_icon&quot;:{&quot;value&quot;:&quot;&lt;i class=\\&quot;fas fa-caret-down\\&quot;&gt;&lt;\\\/i&gt;&quot;,&quot;library&quot;:&quot;fa-solid&quot;},&quot;toggle&quot;:&quot;burger&quot;}\" data-widget_type=\"nav-menu.default\">\n\t\t\t\t<div class=\"elementor-widget-container\">\n\t\t\t\t\t\t\t\t<nav aria-label=\"Menu\" class=\"elementor-nav-menu--main elementor-nav-menu__container elementor-nav-menu--layout-horizontal e--pointer-background e--animation-fade\">\n\t\t\t\t<ul id=\"menu-1-0dcf8c2\" class=\"elementor-nav-menu\"><li class=\"menu-item menu-item-type-post_type menu-item-object-page menu-item-1066\"><a href=\"https:\/\/www.etnosaari.fi\/site\/opetustilaus\/\" class=\"elementor-item\">Opetustilaus<\/a><\/li>\n<li class=\"menu-item menu-item-type-post_type menu-item-object-page menu-item-1068\"><a href=\"https:\/\/www.etnosaari.fi\/site\/esitykset\/\" class=\"elementor-item\">Esitykset<\/a><\/li>\n<li class=\"menu-item menu-item-type-post_type menu-item-object-page menu-item-1067\"><a href=\"https:\/\/www.etnosaari.fi\/site\/esiintyva-ryhma\/\" class=\"elementor-item\">Esiintyv\u00e4 ryhm\u00e4<\/a><\/li>\n<li class=\"menu-item menu-item-type-post_type menu-item-object-page menu-item-1602\"><a href=\"https:\/\/www.etnosaari.fi\/site\/virkistymispaivat\/\" class=\"elementor-item\">Virkistymisp\u00e4iv\u00e4t<\/a><\/li>\n<li class=\"menu-item menu-item-type-post_type menu-item-object-page menu-item-1034\"><a href=\"https:\/\/www.etnosaari.fi\/site\/polttarit\/\" class=\"elementor-item\">Polttarit ja pikkujoulut<\/a><\/li>\n<li class=\"menu-item menu-item-type-post_type menu-item-object-page menu-item-1601\"><a href=\"https:\/\/www.etnosaari.fi\/site\/?page_id=1057\" class=\"elementor-item\">Tilavuokraus<\/a><\/li>\n<li class=\"menu-item menu-item-type-post_type menu-item-object-page menu-item-1189\"><a href=\"https:\/\/www.etnosaari.fi\/site\/tilaaminen-ja-maksaminen\/\" class=\"elementor-item\">Tilaus ja maksaminen<\/a><\/li>\n<\/ul>\t\t\t<\/nav>\n\t\t\t\t\t<div class=\"elementor-menu-toggle\" role=\"button\" tabindex=\"0\" aria-label=\"Menu Toggle\" aria-expanded=\"false\">\n\t\t\t<i aria-hidden=\"true\" role=\"presentation\" class=\"elementor-menu-toggle__icon--open eicon-menu-bar\"><\/i><i aria-hidden=\"true\" role=\"presentation\" class=\"elementor-menu-toggle__icon--close eicon-close\"><\/i>\t\t<\/div>\n\t\t\t\t\t<nav class=\"elementor-nav-menu--dropdown elementor-nav-menu__container\" aria-hidden=\"true\">\n\t\t\t\t<ul id=\"menu-2-0dcf8c2\" class=\"elementor-nav-menu\"><li class=\"menu-item menu-item-type-post_type menu-item-object-page menu-item-1066\"><a href=\"https:\/\/www.etnosaari.fi\/site\/opetustilaus\/\" class=\"elementor-item\" tabindex=\"-1\">Opetustilaus<\/a><\/li>\n<li class=\"menu-item menu-item-type-post_type menu-item-object-page menu-item-1068\"><a href=\"https:\/\/www.etnosaari.fi\/site\/esitykset\/\" class=\"elementor-item\" tabindex=\"-1\">Esitykset<\/a><\/li>\n<li class=\"menu-item menu-item-type-post_type menu-item-object-page menu-item-1067\"><a href=\"https:\/\/www.etnosaari.fi\/site\/esiintyva-ryhma\/\" class=\"elementor-item\" tabindex=\"-1\">Esiintyv\u00e4 ryhm\u00e4<\/a><\/li>\n<li class=\"menu-item menu-item-type-post_type menu-item-object-page menu-item-1602\"><a href=\"https:\/\/www.etnosaari.fi\/site\/virkistymispaivat\/\" class=\"elementor-item\" tabindex=\"-1\">Virkistymisp\u00e4iv\u00e4t<\/a><\/li>\n<li class=\"menu-item menu-item-type-post_type menu-item-object-page menu-item-1034\"><a href=\"https:\/\/www.etnosaari.fi\/site\/polttarit\/\" class=\"elementor-item\" tabindex=\"-1\">Polttarit ja pikkujoulut<\/a><\/li>\n<li class=\"menu-item menu-item-type-post_type menu-item-object-page menu-item-1601\"><a href=\"https:\/\/www.etnosaari.fi\/site\/?page_id=1057\" class=\"elementor-item\" tabindex=\"-1\">Tilavuokraus<\/a><\/li>\n<li class=\"menu-item menu-item-type-post_type menu-item-object-page menu-item-1189\"><a href=\"https:\/\/www.etnosaari.fi\/site\/tilaaminen-ja-maksaminen\/\" class=\"elementor-item\" tabindex=\"-1\">Tilaus ja maksaminen<\/a><\/li>\n<\/ul>\t\t\t<\/nav>\n\t\t\t\t\t\t<\/div>\n\t\t\t\t<\/div>\n\t\t\t\t\t<\/div>\n\t\t<\/div>\n\t\t\t\t\t<\/div>\n\t\t<\/section>\n\t\t\t\t<section class=\"elementor-section elementor-top-section elementor-element elementor-element-466cff4 elementor-section-boxed elementor-section-height-default elementor-section-height-default\" data-id=\"466cff4\" data-element_type=\"section\">\n\t\t\t\t\t\t<div class=\"elementor-container elementor-column-gap-default\">\n\t\t\t\t\t<div class=\"elementor-column elementor-col-100 elementor-top-column elementor-element elementor-element-3a54bec1\" data-id=\"3a54bec1\" data-element_type=\"column\">\n\t\t\t<div class=\"elementor-widget-wrap elementor-element-populated\">\n\t\t\t\t\t\t<div class=\"elementor-element elementor-element-4e9b3ca6 elementor-widget elementor-widget-text-editor\" data-id=\"4e9b3ca6\" data-element_type=\"widget\" data-widget_type=\"text-editor.default\">\n\t\t\t\t<div class=\"elementor-widget-container\">\n\t\t\t\t\t\t\t\t\t<p>Etnosaari tarjoaa yrityksille kuin yksityisille kursseja, esityksi\u00e4 asiakkaille ymp\u00e4ri Suomen, luo mahdollisuuden tutustua toisiin kulttuureihin ja oppia erilaisia kulttuuriperinteit\u00e4 ja\u2013taitoja<\/p>\t\t\t\t\t\t\t\t<\/div>\n\t\t\t\t<\/div>\n\t\t\t\t\t<\/div>\n\t\t<\/div>\n\t\t\t\t\t<\/div>\n\t\t<\/section>\n\t\t\t\t<section class=\"elementor-section elementor-top-section elementor-element elementor-element-5cb2184 elementor-section-boxed elementor-section-height-default elementor-section-height-default\" data-id=\"5cb2184\" data-element_type=\"section\">\n\t\t\t\t\t\t<div class=\"elementor-container elementor-column-gap-default\">\n\t\t\t\t\t<div class=\"elementor-column elementor-col-100 elementor-top-column elementor-element elementor-element-f38d1ed\" data-id=\"f38d1ed\" data-element_type=\"column\">\n\t\t\t<div class=\"elementor-widget-wrap elementor-element-populated\">\n\t\t\t\t\t\t<div class=\"elementor-element elementor-element-30618ff elementor-widget elementor-widget-heading\" data-id=\"30618ff\" data-element_type=\"widget\" data-widget_type=\"heading.default\">\n\t\t\t\t<div class=\"elementor-widget-container\">\n\t\t\t\t\t<h2 class=\"elementor-heading-title elementor-size-default\">Esitykset<\/h2>\t\t\t\t<\/div>\n\t\t\t\t<\/div>\n\t\t\t\t\t<\/div>\n\t\t<\/div>\n\t\t\t\t\t<\/div>\n\t\t<\/section>\n\t\t\t\t<section class=\"elementor-section elementor-top-section elementor-element elementor-element-3a81887 elementor-section-stretched elementor-section-boxed elementor-section-height-default elementor-section-height-default\" data-id=\"3a81887\" data-element_type=\"section\" data-settings=\"{&quot;stretch_section&quot;:&quot;section-stretched&quot;}\">\n\t\t\t\t\t\t<div class=\"elementor-container elementor-column-gap-default\">\n\t\t\t\t\t<div class=\"elementor-column elementor-col-100 elementor-top-column elementor-element elementor-element-76ffd94\" data-id=\"76ffd94\" data-element_type=\"column\">\n\t\t\t<div class=\"elementor-widget-wrap elementor-element-populated\">\n\t\t\t\t\t\t<section class=\"elementor-section elementor-inner-section elementor-element elementor-element-8a1cade elementor-section-boxed elementor-section-height-default elementor-section-height-default\" data-id=\"8a1cade\" data-element_type=\"section\">\n\t\t\t\t\t\t<div class=\"elementor-container elementor-column-gap-default\">\n\t\t\t\t\t<div class=\"elementor-column elementor-col-33 elementor-inner-column elementor-element elementor-element-10d0212\" data-id=\"10d0212\" data-element_type=\"column\" data-settings=\"{&quot;background_background&quot;:&quot;classic&quot;}\">\n\t\t\t<div class=\"elementor-widget-wrap elementor-element-populated\">\n\t\t\t\t\t\t<div class=\"elementor-element elementor-element-d57d465 elementor-widget elementor-widget-text-editor\" data-id=\"d57d465\" data-element_type=\"widget\" data-widget_type=\"text-editor.default\">\n\t\t\t\t<div class=\"elementor-widget-container\">\n\t\t\t\t\t\t\t\t\t<p>\u00a0Tilaa Etnosaaren esitys erilaisiin tilaisuuksiin ja juhliin. Tanssimme ja soitamme perinteisi\u00e4 sek\u00e4 moderneja afrikkalaisia tansseja. Tulemme esiintym\u00e4\u00e4n konsertteihin, tapahtumiin, yksityis- ja yritystilaisuuksiin sek\u00e4 kouluihin ja p\u00e4iv\u00e4koteihin.<\/p><p>Soitinkalustoomme kuuluvat afrikkalaiset djembe-, dundun- ja puhuvat rummut sek\u00e4 kalimba, marimba ja muut afrikkalaiset instrumentit.<\/p><p>Johnson Mlugen johtama Etnosaaren esiintyv\u00e4 ryhm\u00e4 koostuu rummuttajista ja tanssijoista. Esiinnymme vuosien kokemuksella ja positiivisen energian voimin. Voimme my\u00f6s j\u00e4rjest\u00e4\u00e4 esityksen yhteyteen tanssi- tai rytmity\u00f6pajan.<\/p><h3>Esiintyv\u00e4t ryhm\u00e4t:<\/h3><h4>Afrikkalainen tanssi- ja soittoryhm\u00e4<\/h4><p>soittajista ja tanssijoista koostuva ryhm\u00e4 soittaa, tanssii ja laulaa perinteisi\u00e4 heimotansseja kymmenen vuoden kokemuksella. Iso ja n\u00e4ytt\u00e4v\u00e4 ryhm\u00e4 t\u00e4ytt\u00e4\u00e4 tilan kuin tilan vauhdikkailla rytmeill\u00e4 ja tanssin riemulla.<\/p>\t\t\t\t\t\t\t\t<\/div>\n\t\t\t\t<\/div>\n\t\t\t\t\t<\/div>\n\t\t<\/div>\n\t\t\t\t<div class=\"elementor-column elementor-col-33 elementor-inner-column elementor-element elementor-element-1c9f5f0\" data-id=\"1c9f5f0\" data-element_type=\"column\" data-settings=\"{&quot;background_background&quot;:&quot;classic&quot;}\">\n\t\t\t<div class=\"elementor-widget-wrap elementor-element-populated\">\n\t\t\t\t\t\t<div class=\"elementor-element elementor-element-e104324 elementor-widget elementor-widget-image\" data-id=\"e104324\" data-element_type=\"widget\" data-widget_type=\"image.default\">\n\t\t\t\t<div class=\"elementor-widget-container\">\n\t\t\t\t\t\t\t\t\t\t\t\t\t\t\t<img fetchpriority=\"high\" decoding=\"async\" width=\"750\" height=\"430\" src=\"https:\/\/www.etnosaari.fi\/site\/wp-content\/uploads\/2018\/12\/esitys-768x440.jpg?v=1625463437\" class=\"attachment-medium_large size-medium_large wp-image-2140\" alt=\"\" srcset=\"https:\/\/www.etnosaari.fi\/site\/wp-content\/uploads\/2018\/12\/esitys-768x440.jpg?v=1625463437 768w, https:\/\/www.etnosaari.fi\/site\/wp-content\/uploads\/2018\/12\/esitys-300x172.jpg?v=1625463437 300w, https:\/\/www.etnosaari.fi\/site\/wp-content\/uploads\/2018\/12\/esitys-1024x586.jpg?v=1625463437 1024w, https:\/\/www.etnosaari.fi\/site\/wp-content\/uploads\/2018\/12\/esitys.jpg?v=1625463437 1148w\" sizes=\"(max-width: 750px) 100vw, 750px\" style=\"width:100%;height:57.23%;max-width:1148px\" \/>\t\t\t\t\t\t\t\t\t\t\t\t\t\t\t<\/div>\n\t\t\t\t<\/div>\n\t\t\t\t<div class=\"elementor-element elementor-element-c4d4834 elementor-widget elementor-widget-text-editor\" data-id=\"c4d4834\" data-element_type=\"widget\" data-widget_type=\"text-editor.default\">\n\t\t\t\t<div class=\"elementor-widget-container\">\n\t\t\t\t\t\t\t\t\t<h4>Esiintymispalkkio<\/h4><p>20-45 min. esitys yrityksille 200-400 euroa<\/p><p>20-45 min esitys yksityishenkil\u00f6ille 110-250 euroa<\/p><h6>Hintoihin lis\u00e4t\u00e4\u00e4n alv<\/h6><p>Tilaisuuden mukaan voimme sopia esiintymisen kestoksi lyhemm\u00e4n tai pidemm\u00e4n ajan. Esiintyj\u00e4ryhm\u00e4n voimme my\u00f6s sopia tilaisuuden mukaan. Olemme valmiita kaikenlaisille ideoille ja ehdotuksille esiintymisen suhteen. Ota yhteytt\u00e4, kysy ja tee rohkeasti ehdotuksia!<\/p><p>Tee esityksest\u00e4 tarjouspyynt\u00f6!<\/p><p>Ota yhteytt\u00e4 s\u00e4hk\u00f6postitse johnson.mluge@etnosaari.fi tai soittamalla numeroon +358 40 537 8035<\/p>\t\t\t\t\t\t\t\t<\/div>\n\t\t\t\t<\/div>\n\t\t\t\t\t<\/div>\n\t\t<\/div>\n\t\t\t\t<div class=\"elementor-column elementor-col-33 elementor-inner-column elementor-element elementor-element-a405a80\" data-id=\"a405a80\" data-element_type=\"column\" data-settings=\"{&quot;background_background&quot;:&quot;classic&quot;}\">\n\t\t\t<div class=\"elementor-widget-wrap elementor-element-populated\">\n\t\t\t\t\t\t<div class=\"elementor-element elementor-element-cd3816e elementor-widget elementor-widget-text-editor\" data-id=\"cd3816e\" data-element_type=\"widget\" data-widget_type=\"text-editor.default\">\n\t\t\t\t<div class=\"elementor-widget-container\">\n\t\t\t\t\t\t\t\t\t<p>\u00a0<\/p><h4>Moyo \u2013projekti<\/h4><p>Moyo on runoilija Riikka Palanderin ja muusikko ja opettaja Johnson Mlugen yhteisprojekti, jossa Riikka Palanderin runous ja afrikkalaiset rytmit kohtaavat. Performanssinomaisessa, intensiivisess\u00e4 esityksess\u00e4 improvisaatiolla on merkitt\u00e4v\u00e4 rooli. Moyo pyyt\u00e4\u00e4 keikoilleen esiintym\u00e4\u00e4n my\u00f6s vierailijoita, joista kukin omalla osaamisellaan tekee keikasta ainutlaatuisen.<\/p><h4>Teatteri<\/h4><p>Etnosaaren kautta voit tilata my\u00f6s afrikkalaisen teatteriesityksen: Riikka Palanderin kirjoittaman n\u00e4ytelm\u00e4n Rytmin taju. Se on myyttinen matka ihmisyyden alkul\u00e4hteille ja tarina ensimm\u00e4isest\u00e4 rummusta. N\u00e4yttelij\u00e4t Etnosaaren rummuttajia ja tanssijoita. Ohjauksesta ja tanssikoreografioista vastaa Johnson Mluge. N\u00e4ytelm\u00e4n kesto on noin 45 minuttia, ja se sopii my\u00f6s perheen pienemmille.<\/p><h4>Afrobeats<\/h4><p>Etnosaaren esiintyv\u00e4 ryhm\u00e4 esitt\u00e4\u00e4 moderneja afrikkalaisia tansseja, kuten ndomboloa, bongo flavaa ja soukousta. Pirte\u00e4 musiikki ja rennon letke\u00e4 tanssityyli viihdytt\u00e4v\u00e4t yleis\u00f6\u00e4 ja saavat iloiselle tuulelle.<\/p>\t\t\t\t\t\t\t\t<\/div>\n\t\t\t\t<\/div>\n\t\t\t\t\t<\/div>\n\t\t<\/div>\n\t\t\t\t\t<\/div>\n\t\t<\/section>\n\t\t\t\t\t<\/div>\n\t\t<\/div>\n\t\t\t\t\t<\/div>\n\t\t<\/section>\n\t\t\t\t<\/div>\n\t\t","protected":false},"excerpt":{"rendered":"<p>Etnosaari tarjoaa yrityksille kuin yksityisille kursseja, esityksi\u00e4 asiakkaille ymp\u00e4ri Suomen, luo mahdollisuuden tutustua toisiin kulttuureihin ja oppia erilaisia kulttuuriperinteit\u00e4 ja\u2013taitoja Esitykset \u00a0Tilaa Etnosaaren esitys erilaisiin tilaisuuksiin ja juhliin. Tanssimme ja soitamme perinteisi\u00e4 sek\u00e4 moderneja afrikkalaisia tansseja. Tulemme esiintym\u00e4\u00e4n konsertteihin, tapahtumiin, yksityis- ja yritystilaisuuksiin sek\u00e4 kouluihin ja p\u00e4iv\u00e4koteihin. Soitinkalustoomme kuuluvat afrikkalaiset djembe-, dundun- ja puhuvat rummut&hellip; <a class=\"more-link\" href=\"https:\/\/www.etnosaari.fi\/site\/esitykset\/\">Continue reading <span class=\"screen-reader-text\">Esitykset<\/span><\/a><\/p>\n","protected":false},"author":1,"featured_media":0,"parent":0,"menu_order":0,"comment_status":"closed","ping_status":"closed","template":"","meta":{"footnotes":""},"class_list":["post-1049","page","type-page","status-publish","hentry","entry"],"_links":{"self":[{"href":"https:\/\/www.etnosaari.fi\/site\/wp-json\/wp\/v2\/pages\/1049","targetHints":{"allow":["GET"]}}],"collection":[{"href":"https:\/\/www.etnosaari.fi\/site\/wp-json\/wp\/v2\/pages"}],"about":[{"href":"https:\/\/www.etnosaari.fi\/site\/wp-json\/wp\/v2\/types\/page"}],"author":[{"embeddable":true,"href":"https:\/\/www.etnosaari.fi\/site\/wp-json\/wp\/v2\/users\/1"}],"replies":[{"embeddable":true,"href":"https:\/\/www.etnosaari.fi\/site\/wp-json\/wp\/v2\/comments?post=1049"}],"version-history":[{"count":50,"href":"https:\/\/www.etnosaari.fi\/site\/wp-json\/wp\/v2\/pages\/1049\/revisions"}],"predecessor-version":[{"id":7168,"href":"https:\/\/www.etnosaari.fi\/site\/wp-json\/wp\/v2\/pages\/1049\/revisions\/7168"}],"wp:attachment":[{"href":"https:\/\/www.etnosaari.fi\/site\/wp-json\/wp\/v2\/media?parent=1049"}],"curies":[{"name":"wp","href":"https:\/\/api.w.org\/{rel}","templated":true}]}}