{"id":1042,"date":"2018-11-24T11:04:54","date_gmt":"2018-11-24T11:04:54","guid":{"rendered":"https:\/\/www.etnosaari.fi\/site\/?page_id=1042"},"modified":"2025-06-05T20:34:12","modified_gmt":"2025-06-05T20:34:12","slug":"kurssit","status":"publish","type":"page","link":"https:\/\/www.etnosaari.fi\/site\/kurssit\/","title":{"rendered":"Kurssit"},"content":{"rendered":"\t\t<div data-elementor-type=\"wp-post\" data-elementor-id=\"1042\" class=\"elementor elementor-1042\" data-elementor-post-type=\"page\">\n\t\t\t\t\t\t<section class=\"elementor-section elementor-top-section elementor-element elementor-element-63fe74b elementor-section-full_width elementor-section-stretched elementor-section-height-default elementor-section-height-default\" data-id=\"63fe74b\" data-element_type=\"section\" data-settings=\"{&quot;background_background&quot;:&quot;classic&quot;,&quot;stretch_section&quot;:&quot;section-stretched&quot;}\">\n\t\t\t\t\t\t<div class=\"elementor-container elementor-column-gap-default\">\n\t\t\t\t\t<div class=\"elementor-column elementor-col-100 elementor-top-column elementor-element elementor-element-1fb5ec9\" data-id=\"1fb5ec9\" data-element_type=\"column\" data-settings=\"{&quot;background_background&quot;:&quot;classic&quot;}\">\n\t\t\t<div class=\"elementor-widget-wrap elementor-element-populated\">\n\t\t\t\t\t\t<div class=\"elementor-element elementor-element-1af6721 elementor-nav-menu__align-center elementor-nav-menu--dropdown-tablet elementor-nav-menu__text-align-aside elementor-nav-menu--toggle elementor-nav-menu--burger elementor-widget elementor-widget-nav-menu\" data-id=\"1af6721\" data-element_type=\"widget\" data-settings=\"{&quot;layout&quot;:&quot;horizontal&quot;,&quot;submenu_icon&quot;:{&quot;value&quot;:&quot;&lt;i class=\\&quot;fas fa-caret-down\\&quot;&gt;&lt;\\\/i&gt;&quot;,&quot;library&quot;:&quot;fa-solid&quot;},&quot;toggle&quot;:&quot;burger&quot;}\" data-widget_type=\"nav-menu.default\">\n\t\t\t\t<div class=\"elementor-widget-container\">\n\t\t\t\t\t\t\t\t<nav aria-label=\"Menu\" class=\"elementor-nav-menu--main elementor-nav-menu__container elementor-nav-menu--layout-horizontal e--pointer-underline e--animation-fade\">\n\t\t\t\t<ul id=\"menu-1-1af6721\" class=\"elementor-nav-menu\"><li class=\"menu-item menu-item-type-post_type menu-item-object-page menu-item-1191\"><a href=\"https:\/\/www.etnosaari.fi\/site\/afrobeat-afromix-lahti\/\" class=\"elementor-item\">Afrobeats (Afro-mix), Lahti<\/a><\/li>\n<li class=\"menu-item menu-item-type-post_type menu-item-object-page menu-item-1593\"><a href=\"https:\/\/www.etnosaari.fi\/site\/afrobeats-askola\/\" class=\"elementor-item\">Afrobeats (Afro-mix), Askola<\/a><\/li>\n<li class=\"menu-item menu-item-type-post_type menu-item-object-page menu-item-1190\"><a href=\"https:\/\/www.etnosaari.fi\/site\/afrotanssi-heimotanssi\/\" class=\"elementor-item\">Afrotanssi (Heimotanssi)<\/a><\/li>\n<li class=\"menu-item menu-item-type-post_type menu-item-object-page menu-item-2302\"><a href=\"https:\/\/www.etnosaari.fi\/site\/lasten-rumpuryhma\/\" class=\"elementor-item\">Lasten Rumpuryhm\u00e4<\/a><\/li>\n<li class=\"menu-item menu-item-type-post_type menu-item-object-page menu-item-1200\"><a href=\"https:\/\/www.etnosaari.fi\/site\/djemben-soiton-alkeet\/\" class=\"elementor-item\">Djemben soiton alkeet<\/a><\/li>\n<li class=\"menu-item menu-item-type-post_type menu-item-object-page menu-item-1645\"><a href=\"https:\/\/www.etnosaari.fi\/site\/afrikkalainen-rummunsoitto\/\" class=\"elementor-item\">Afrikkalainen rummunsoitto<\/a><\/li>\n<li class=\"menu-item menu-item-type-post_type menu-item-object-page menu-item-1644\"><a href=\"https:\/\/www.etnosaari.fi\/site\/swahilin-kieli-ja-kulttuuri\/\" class=\"elementor-item\">Swahilin kieli ja kulttuuri<\/a><\/li>\n<\/ul>\t\t\t<\/nav>\n\t\t\t\t\t<div class=\"elementor-menu-toggle\" role=\"button\" tabindex=\"0\" aria-label=\"Menu Toggle\" aria-expanded=\"false\">\n\t\t\t<i aria-hidden=\"true\" role=\"presentation\" class=\"elementor-menu-toggle__icon--open eicon-menu-bar\"><\/i><i aria-hidden=\"true\" role=\"presentation\" class=\"elementor-menu-toggle__icon--close eicon-close\"><\/i>\t\t<\/div>\n\t\t\t\t\t<nav class=\"elementor-nav-menu--dropdown elementor-nav-menu__container\" aria-hidden=\"true\">\n\t\t\t\t<ul id=\"menu-2-1af6721\" class=\"elementor-nav-menu\"><li class=\"menu-item menu-item-type-post_type menu-item-object-page menu-item-1191\"><a href=\"https:\/\/www.etnosaari.fi\/site\/afrobeat-afromix-lahti\/\" class=\"elementor-item\" tabindex=\"-1\">Afrobeats (Afro-mix), Lahti<\/a><\/li>\n<li class=\"menu-item menu-item-type-post_type menu-item-object-page menu-item-1593\"><a href=\"https:\/\/www.etnosaari.fi\/site\/afrobeats-askola\/\" class=\"elementor-item\" tabindex=\"-1\">Afrobeats (Afro-mix), Askola<\/a><\/li>\n<li class=\"menu-item menu-item-type-post_type menu-item-object-page menu-item-1190\"><a href=\"https:\/\/www.etnosaari.fi\/site\/afrotanssi-heimotanssi\/\" class=\"elementor-item\" tabindex=\"-1\">Afrotanssi (Heimotanssi)<\/a><\/li>\n<li class=\"menu-item menu-item-type-post_type menu-item-object-page menu-item-2302\"><a href=\"https:\/\/www.etnosaari.fi\/site\/lasten-rumpuryhma\/\" class=\"elementor-item\" tabindex=\"-1\">Lasten Rumpuryhm\u00e4<\/a><\/li>\n<li class=\"menu-item menu-item-type-post_type menu-item-object-page menu-item-1200\"><a href=\"https:\/\/www.etnosaari.fi\/site\/djemben-soiton-alkeet\/\" class=\"elementor-item\" tabindex=\"-1\">Djemben soiton alkeet<\/a><\/li>\n<li class=\"menu-item menu-item-type-post_type menu-item-object-page menu-item-1645\"><a href=\"https:\/\/www.etnosaari.fi\/site\/afrikkalainen-rummunsoitto\/\" class=\"elementor-item\" tabindex=\"-1\">Afrikkalainen rummunsoitto<\/a><\/li>\n<li class=\"menu-item menu-item-type-post_type menu-item-object-page menu-item-1644\"><a href=\"https:\/\/www.etnosaari.fi\/site\/swahilin-kieli-ja-kulttuuri\/\" class=\"elementor-item\" tabindex=\"-1\">Swahilin kieli ja kulttuuri<\/a><\/li>\n<\/ul>\t\t\t<\/nav>\n\t\t\t\t\t\t<\/div>\n\t\t\t\t<\/div>\n\t\t\t\t\t<\/div>\n\t\t<\/div>\n\t\t\t\t\t<\/div>\n\t\t<\/section>\n\t\t\t\t<section class=\"elementor-section elementor-top-section elementor-element elementor-element-ef10d3e elementor-section-boxed elementor-section-height-default elementor-section-height-default\" data-id=\"ef10d3e\" data-element_type=\"section\">\n\t\t\t\t\t\t<div class=\"elementor-container elementor-column-gap-default\">\n\t\t\t\t\t<div class=\"elementor-column elementor-col-100 elementor-top-column elementor-element elementor-element-cba0ba3\" data-id=\"cba0ba3\" data-element_type=\"column\">\n\t\t\t<div class=\"elementor-widget-wrap elementor-element-populated\">\n\t\t\t\t\t\t<div class=\"elementor-element elementor-element-cff46c5 elementor-widget elementor-widget-text-editor\" data-id=\"cff46c5\" data-element_type=\"widget\" data-widget_type=\"text-editor.default\">\n\t\t\t\t<div class=\"elementor-widget-container\">\n\t\t\t\t\t\t\t\t\t<h5>Tule kokeilemaan Etnosaaren virkist\u00e4vi\u00e4 kursseja. Kokeilukerta uusille maksuton!<\/h5>\t\t\t\t\t\t\t\t<\/div>\n\t\t\t\t<\/div>\n\t\t\t\t\t<\/div>\n\t\t<\/div>\n\t\t\t\t\t<\/div>\n\t\t<\/section>\n\t\t\t\t<section class=\"elementor-section elementor-top-section elementor-element elementor-element-6f6a4ac elementor-section-stretched elementor-section-boxed elementor-section-height-default elementor-section-height-default\" data-id=\"6f6a4ac\" data-element_type=\"section\" data-settings=\"{&quot;stretch_section&quot;:&quot;section-stretched&quot;}\">\n\t\t\t\t\t\t<div class=\"elementor-container elementor-column-gap-default\">\n\t\t\t\t\t<div class=\"elementor-column elementor-col-100 elementor-top-column elementor-element elementor-element-1cf64ac\" data-id=\"1cf64ac\" data-element_type=\"column\">\n\t\t\t<div class=\"elementor-widget-wrap elementor-element-populated\">\n\t\t\t\t\t\t<section class=\"elementor-section elementor-inner-section elementor-element elementor-element-f76875f elementor-section-boxed elementor-section-height-default elementor-section-height-default\" data-id=\"f76875f\" data-element_type=\"section\" data-settings=\"{&quot;background_background&quot;:&quot;classic&quot;}\">\n\t\t\t\t\t\t<div class=\"elementor-container elementor-column-gap-default\">\n\t\t\t\t\t<div class=\"elementor-column elementor-col-33 elementor-inner-column elementor-element elementor-element-f01fa6f\" data-id=\"f01fa6f\" data-element_type=\"column\" data-settings=\"{&quot;background_background&quot;:&quot;classic&quot;}\">\n\t\t\t<div class=\"elementor-widget-wrap elementor-element-populated\">\n\t\t\t\t\t\t<div class=\"elementor-element elementor-element-1279d41 elementor-widget elementor-widget-text-editor\" data-id=\"1279d41\" data-element_type=\"widget\" data-widget_type=\"text-editor.default\">\n\t\t\t\t<div class=\"elementor-widget-container\">\n\t\t\t\t\t\t\t\t\t<p>Suosittu afrobeats tanssi tai djembe-rummun soitto tuo ihmiset yhteen \u2013 taustaan, ik\u00e4\u00e4n ja sukupuoleen katsomatta. Rummuntekokurssilla voit tehd\u00e4 itse oman djembe-rumpusi. Etnosaari j\u00e4rjest\u00e4\u00e4 my\u00f6s swahilin kielen kursseja sek\u00e4 opetusta korujen tekoon. Lyhytelokuvan tekemiseen voit tutustua vaha-animaatiokurssilla, joka on ollut suosittu erityisesti nuoriso- ja koululaisrymien keskuudessa.<\/p><p>Jos tuot mukanasi kolme uutta asiakasta, jotka osallistuvat koko kurssille, voit itse osallistua kurssille maksutta!<\/p><p>Ilmoita osallistujat etuk\u00e4teen osoitteeseen <a href=\"mailto:etnosaari@etnosaari.fi\">etnosaari@etnosaari.fi<\/a><\/p>\t\t\t\t\t\t\t\t<\/div>\n\t\t\t\t<\/div>\n\t\t\t\t\t<\/div>\n\t\t<\/div>\n\t\t\t\t<div class=\"elementor-column elementor-col-33 elementor-inner-column elementor-element elementor-element-6fbd3f0\" data-id=\"6fbd3f0\" data-element_type=\"column\" data-settings=\"{&quot;background_background&quot;:&quot;classic&quot;}\">\n\t\t\t<div class=\"elementor-widget-wrap elementor-element-populated\">\n\t\t\t\t\t\t<div class=\"elementor-element elementor-element-b0d692c elementor-widget elementor-widget-image\" data-id=\"b0d692c\" data-element_type=\"widget\" data-widget_type=\"image.default\">\n\t\t\t\t<div class=\"elementor-widget-container\">\n\t\t\t\t\t\t\t\t\t\t\t\t\t\t\t<img decoding=\"async\" width=\"150\" height=\"150\" src=\"https:\/\/www.etnosaari.fi\/site\/wp-content\/uploads\/2018\/11\/jambo-150x150.jpeg?v=1625463651\" class=\"attachment-thumbnail size-thumbnail wp-image-1153\" alt=\"\" style=\"width:100%;height:102.27%;max-width:220px\" \/>\t\t\t\t\t\t\t\t\t\t\t\t\t\t\t<\/div>\n\t\t\t\t<\/div>\n\t\t\t\t<div class=\"elementor-element elementor-element-16d1f6e elementor-widget elementor-widget-image\" data-id=\"16d1f6e\" data-element_type=\"widget\" data-widget_type=\"image.default\">\n\t\t\t\t<div class=\"elementor-widget-container\">\n\t\t\t\t\t\t\t\t\t\t\t\t\t\t\t<img decoding=\"async\" width=\"150\" height=\"150\" src=\"https:\/\/www.etnosaari.fi\/site\/wp-content\/uploads\/2018\/12\/rummunvalmistus-1-150x150.jpg?v=1625463561\" class=\"attachment-thumbnail size-thumbnail wp-image-1473\" alt=\"\" style=\"width:100%;height:149.34%;max-width:756px\" \/>\t\t\t\t\t\t\t\t\t\t\t\t\t\t\t<\/div>\n\t\t\t\t<\/div>\n\t\t\t\t<div class=\"elementor-element elementor-element-c27bb56 elementor-widget elementor-widget-image\" data-id=\"c27bb56\" data-element_type=\"widget\" data-widget_type=\"image.default\">\n\t\t\t\t<div class=\"elementor-widget-container\">\n\t\t\t\t\t\t\t\t\t\t\t\t\t\t\t<img decoding=\"async\" width=\"150\" height=\"150\" src=\"https:\/\/www.etnosaari.fi\/site\/wp-content\/uploads\/2018\/12\/drumming-150x150.jpg?v=1625463505\" class=\"attachment-thumbnail size-thumbnail wp-image-1444\" alt=\"\" style=\"width:100%;height:149.34%;max-width:756px\" \/>\t\t\t\t\t\t\t\t\t\t\t\t\t\t\t<\/div>\n\t\t\t\t<\/div>\n\t\t\t\t\t<\/div>\n\t\t<\/div>\n\t\t\t\t<div class=\"elementor-column elementor-col-33 elementor-inner-column elementor-element elementor-element-46f74a2\" data-id=\"46f74a2\" data-element_type=\"column\" data-settings=\"{&quot;background_background&quot;:&quot;classic&quot;}\">\n\t\t\t<div class=\"elementor-widget-wrap elementor-element-populated\">\n\t\t\t\t\t\t<div class=\"elementor-element elementor-element-99bc45d elementor-widget elementor-widget-text-editor\" data-id=\"99bc45d\" data-element_type=\"widget\" data-widget_type=\"text-editor.default\">\n\t\t\t\t<div class=\"elementor-widget-container\">\n\t\t\t\t\t\t\t\t\t<ul><li><h4>Tutustu toimintaamme ja seuraa meit\u00e4 somessa!<\/h4><\/li><\/ul>\t\t\t\t\t\t\t\t<\/div>\n\t\t\t\t<\/div>\n\t\t\t\t<div class=\"elementor-element elementor-element-e53ead8 elementor-shape-rounded elementor-grid-0 e-grid-align-center elementor-widget elementor-widget-social-icons\" data-id=\"e53ead8\" data-element_type=\"widget\" data-widget_type=\"social-icons.default\">\n\t\t\t\t<div class=\"elementor-widget-container\">\n\t\t\t\t\t\t\t<div class=\"elementor-social-icons-wrapper elementor-grid\" role=\"list\">\n\t\t\t\t\t\t\t<span class=\"elementor-grid-item\" role=\"listitem\">\n\t\t\t\t\t<a class=\"elementor-icon elementor-social-icon elementor-social-icon-facebook-f elementor-repeater-item-306344e\" href=\"https:\/\/www.facebook.com\/groups\/etnosaari\/\" target=\"_blank\">\n\t\t\t\t\t\t<span class=\"elementor-screen-only\">Facebook-f<\/span>\n\t\t\t\t\t\t<i class=\"fab fa-facebook-f\"><\/i>\t\t\t\t\t<\/a>\n\t\t\t\t<\/span>\n\t\t\t\t\t\t\t<span class=\"elementor-grid-item\" role=\"listitem\">\n\t\t\t\t\t<a class=\"elementor-icon elementor-social-icon elementor-social-icon-instagram elementor-repeater-item-4087db9\" href=\"https:\/\/www.instagram.com\/etnosalon\/\" target=\"_blank\">\n\t\t\t\t\t\t<span class=\"elementor-screen-only\">Instagram<\/span>\n\t\t\t\t\t\t<i class=\"fab fa-instagram\"><\/i>\t\t\t\t\t<\/a>\n\t\t\t\t<\/span>\n\t\t\t\t\t<\/div>\n\t\t\t\t\t\t<\/div>\n\t\t\t\t<\/div>\n\t\t\t\t\t<\/div>\n\t\t<\/div>\n\t\t\t\t\t<\/div>\n\t\t<\/section>\n\t\t\t\t\t<\/div>\n\t\t<\/div>\n\t\t\t\t\t<\/div>\n\t\t<\/section>\n\t\t\t\t<section class=\"elementor-section elementor-top-section elementor-element elementor-element-793f9eb elementor-section-boxed elementor-section-height-default elementor-section-height-default\" data-id=\"793f9eb\" data-element_type=\"section\">\n\t\t\t\t\t\t<div class=\"elementor-container elementor-column-gap-default\">\n\t\t\t\t\t<div class=\"elementor-column elementor-col-100 elementor-top-column elementor-element elementor-element-7f12284\" data-id=\"7f12284\" data-element_type=\"column\">\n\t\t\t<div class=\"elementor-widget-wrap elementor-element-populated\">\n\t\t\t\t\t\t<div class=\"elementor-element elementor-element-a47f08d elementor-widget elementor-widget-spacer\" data-id=\"a47f08d\" data-element_type=\"widget\" data-widget_type=\"spacer.default\">\n\t\t\t\t<div class=\"elementor-widget-container\">\n\t\t\t\t\t\t\t<div class=\"elementor-spacer\">\n\t\t\t<div class=\"elementor-spacer-inner\"><\/div>\n\t\t<\/div>\n\t\t\t\t\t\t<\/div>\n\t\t\t\t<\/div>\n\t\t\t\t\t<\/div>\n\t\t<\/div>\n\t\t\t\t\t<\/div>\n\t\t<\/section>\n\t\t\t\t<section class=\"elementor-section elementor-top-section elementor-element elementor-element-871e2f8 elementor-section-full_width elementor-section-height-default elementor-section-height-default\" data-id=\"871e2f8\" data-element_type=\"section\">\n\t\t\t\t\t\t<div class=\"elementor-container elementor-column-gap-default\">\n\t\t\t\t\t<div class=\"elementor-column elementor-col-100 elementor-top-column elementor-element elementor-element-de3c97f\" data-id=\"de3c97f\" data-element_type=\"column\">\n\t\t\t<div class=\"elementor-widget-wrap elementor-element-populated\">\n\t\t\t\t\t\t<div class=\"elementor-element elementor-element-0f5ad8e elementor-widget elementor-widget-text-editor\" data-id=\"0f5ad8e\" data-element_type=\"widget\" data-widget_type=\"text-editor.default\">\n\t\t\t\t<div class=\"elementor-widget-container\">\n\t\t\t\t\t\t\t\t\t<p>Vastaanotamme mielell\u00e4mme uusia kurssi-ideoita! Voimme j\u00e4rjest\u00e4\u00e4 opetusta my\u00f6s eri puolella Suomea.<\/p><p>**** Muista ilmoittautua ajoissa kursseille! ***<br \/>Tervetuloa!<\/p>\t\t\t\t\t\t\t\t<\/div>\n\t\t\t\t<\/div>\n\t\t\t\t\t<\/div>\n\t\t<\/div>\n\t\t\t\t\t<\/div>\n\t\t<\/section>\n\t\t\t\t<\/div>\n\t\t","protected":false},"excerpt":{"rendered":"<p>Tule kokeilemaan Etnosaaren virkist\u00e4vi\u00e4 kursseja. Kokeilukerta uusille maksuton! Suosittu afrobeats tanssi tai djembe-rummun soitto tuo ihmiset yhteen \u2013 taustaan, ik\u00e4\u00e4n ja sukupuoleen katsomatta. Rummuntekokurssilla voit tehd\u00e4 itse oman djembe-rumpusi. Etnosaari j\u00e4rjest\u00e4\u00e4 my\u00f6s swahilin kielen kursseja sek\u00e4 opetusta korujen tekoon. Lyhytelokuvan tekemiseen voit tutustua vaha-animaatiokurssilla, joka on ollut suosittu erityisesti nuoriso- ja koululaisrymien keskuudessa. Jos tuot&hellip; <a class=\"more-link\" href=\"https:\/\/www.etnosaari.fi\/site\/kurssit\/\">Continue reading <span class=\"screen-reader-text\">Kurssit<\/span><\/a><\/p>\n","protected":false},"author":1,"featured_media":0,"parent":0,"menu_order":0,"comment_status":"closed","ping_status":"closed","template":"","meta":{"footnotes":""},"class_list":["post-1042","page","type-page","status-publish","hentry","entry"],"_links":{"self":[{"href":"https:\/\/www.etnosaari.fi\/site\/wp-json\/wp\/v2\/pages\/1042","targetHints":{"allow":["GET"]}}],"collection":[{"href":"https:\/\/www.etnosaari.fi\/site\/wp-json\/wp\/v2\/pages"}],"about":[{"href":"https:\/\/www.etnosaari.fi\/site\/wp-json\/wp\/v2\/types\/page"}],"author":[{"embeddable":true,"href":"https:\/\/www.etnosaari.fi\/site\/wp-json\/wp\/v2\/users\/1"}],"replies":[{"embeddable":true,"href":"https:\/\/www.etnosaari.fi\/site\/wp-json\/wp\/v2\/comments?post=1042"}],"version-history":[{"count":127,"href":"https:\/\/www.etnosaari.fi\/site\/wp-json\/wp\/v2\/pages\/1042\/revisions"}],"predecessor-version":[{"id":6974,"href":"https:\/\/www.etnosaari.fi\/site\/wp-json\/wp\/v2\/pages\/1042\/revisions\/6974"}],"wp:attachment":[{"href":"https:\/\/www.etnosaari.fi\/site\/wp-json\/wp\/v2\/media?parent=1042"}],"curies":[{"name":"wp","href":"https:\/\/api.w.org\/{rel}","templated":true}]}}